{"id":1418,"date":"2017-12-16T18:25:31","date_gmt":"2017-12-16T17:25:31","guid":{"rendered":"http:\/\/mikrocontroller.bplaced.net\/wordpress\/?page_id=1418"},"modified":"2017-12-31T00:05:05","modified_gmt":"2017-12-30T23:05:05","slug":"16-qflash-library-stm32f746","status":"publish","type":"page","link":"https:\/\/mikrocontroller.bplaced.net\/wordpress\/?page_id=1418","title":{"rendered":"16-QFlash-Library (STM32F746)"},"content":{"rendered":"<p><div id=\"nav-below\" class=\"navigation\"><div class=\"nav-previous\"><a href=\"https:\/\/mikrocontroller.bplaced.net\/wordpress\/?page_id=1416\" title=\"15-USB-Host-MSC-Library (STM32F746)\"><span class=\"meta-nav\">\u2190<\/span> 15-USB-Host-MSC-Library (STM32F746)<\/a><\/div><\/div><!-- #nav-below --><div id=\"nav-below\" class=\"navigation\"><div class=\"nav-next\"><a href=\"https:\/\/mikrocontroller.bplaced.net\/wordpress\/?page_id=1420\" title=\"17-Audio-Library (STM32F746)\">17-Audio-Library (STM32F746) <span class=\"meta-nav\">&rarr;<\/span><\/a><\/div><\/div><!-- #nav-below --><\/p>\n<p>Als Vorbereitung f\u00fcr das MMBasic habe ich eine Library geschrieben um das externe Flash (das am QSPI-Bus h\u00e4ngt) zu betreiben.<\/p>\n<p>Das Flash ist 16MByte gro\u00df und es gibt Funktionen zum lesen, schreiben von Datenarrays und l\u00f6schen von einem Subsektor (4Kbyte) oder\u00a0dem ganzen Flash.<\/p>\n<p>Vorsicht !! das l\u00f6schen der kompletten 16MByte dauert fast 2 Minuten <img decoding=\"async\" class=\"wp-smiley\" src=\"wp-includes\/images\/smilies\/icon_smile.gif\" alt=\":-)\" \/><\/p>\n<p>16 = QFlash :\u00a0<a href=\"http:\/\/mikrocontroller.bplaced.net\/wordpress\/wp-content\/uploads\/2015\/09\/f746_qflash_v100.zip\">f746_qflash_v100<\/a><\/p>\n","protected":false},"excerpt":{"rendered":"<p>Als Vorbereitung f\u00fcr das MMBasic habe ich eine Library geschrieben um das externe Flash (das am QSPI-Bus h\u00e4ngt) zu betreiben. Das Flash ist 16MByte gro\u00df und es gibt Funktionen zum lesen, schreiben von Datenarrays und l\u00f6schen von einem Subsektor (4Kbyte) &hellip; <a href=\"https:\/\/mikrocontroller.bplaced.net\/wordpress\/?page_id=1418\">Weiterlesen <span class=\"meta-nav\">&rarr;<\/span><\/a><\/p>\n","protected":false},"author":1,"featured_media":0,"parent":182,"menu_order":16,"comment_status":"open","ping_status":"closed","template":"","meta":{"footnotes":""},"categories":[130],"tags":[9,159,105],"class_list":["post-1418","page","type-page","status-publish","hentry","category-stm32f746","tag-library","tag-qflash","tag-stm32f746"],"_links":{"self":[{"href":"https:\/\/mikrocontroller.bplaced.net\/wordpress\/index.php?rest_route=\/wp\/v2\/pages\/1418","targetHints":{"allow":["GET"]}}],"collection":[{"href":"https:\/\/mikrocontroller.bplaced.net\/wordpress\/index.php?rest_route=\/wp\/v2\/pages"}],"about":[{"href":"https:\/\/mikrocontroller.bplaced.net\/wordpress\/index.php?rest_route=\/wp\/v2\/types\/page"}],"author":[{"embeddable":true,"href":"https:\/\/mikrocontroller.bplaced.net\/wordpress\/index.php?rest_route=\/wp\/v2\/users\/1"}],"replies":[{"embeddable":true,"href":"https:\/\/mikrocontroller.bplaced.net\/wordpress\/index.php?rest_route=%2Fwp%2Fv2%2Fcomments&post=1418"}],"version-history":[{"count":5,"href":"https:\/\/mikrocontroller.bplaced.net\/wordpress\/index.php?rest_route=\/wp\/v2\/pages\/1418\/revisions"}],"predecessor-version":[{"id":1555,"href":"https:\/\/mikrocontroller.bplaced.net\/wordpress\/index.php?rest_route=\/wp\/v2\/pages\/1418\/revisions\/1555"}],"up":[{"embeddable":true,"href":"https:\/\/mikrocontroller.bplaced.net\/wordpress\/index.php?rest_route=\/wp\/v2\/pages\/182"}],"wp:attachment":[{"href":"https:\/\/mikrocontroller.bplaced.net\/wordpress\/index.php?rest_route=%2Fwp%2Fv2%2Fmedia&parent=1418"}],"wp:term":[{"taxonomy":"category","embeddable":true,"href":"https:\/\/mikrocontroller.bplaced.net\/wordpress\/index.php?rest_route=%2Fwp%2Fv2%2Fcategories&post=1418"},{"taxonomy":"post_tag","embeddable":true,"href":"https:\/\/mikrocontroller.bplaced.net\/wordpress\/index.php?rest_route=%2Fwp%2Fv2%2Ftags&post=1418"}],"curies":[{"name":"wp","href":"https:\/\/api.w.org\/{rel}","templated":true}]}}