{"id":5392,"date":"2026-04-20T10:31:03","date_gmt":"2026-04-20T08:31:03","guid":{"rendered":"https:\/\/mikrocontroller.bplaced.net\/wordpress\/?page_id=5392"},"modified":"2026-04-20T10:43:12","modified_gmt":"2026-04-20T08:43:12","slug":"one-rom-uebersicht-der-beitraege","status":"publish","type":"page","link":"https:\/\/mikrocontroller.bplaced.net\/wordpress\/?page_id=5392","title":{"rendered":"One ROM &#8211; \u00dcbersicht der Beitr\u00e4ge"},"content":{"rendered":"<h2 data-section-id=\"x8o1ad\" data-start=\"3143\" data-end=\"3151\">\u00dcbersicht der Beitr\u00e4ge zum One ROM<\/h2>\n<p>Es gibt folgende Beitr\u00e4ge:<\/p>\n<ul>\n<li><a href=\"https:\/\/mikrocontroller.bplaced.net\/wordpress\/?p=5249\">One ROM \u2013 Was man beim Zusammenl\u00f6ten beachten sollte<\/a><\/li>\n<li><a href=\"https:\/\/mikrocontroller.bplaced.net\/wordpress\/?p=5304\">One ROM \u2013 Erste Schritte<\/a><\/li>\n<li><a href=\"https:\/\/mikrocontroller.bplaced.net\/wordpress\/?p=5314\">One ROM Web \u2013 Bedinungsanleitung<\/a><\/li>\n<li><a href=\"https:\/\/mikrocontroller.bplaced.net\/wordpress\/?p=5334\">One ROM Web \u2013 Custom Images<\/a><\/li>\n<li><a href=\"https:\/\/mikrocontroller.bplaced.net\/wordpress\/?p=5346\">One ROM Studio \u2013 Bedienungsanleitung<\/a><\/li>\n<li><a href=\"https:\/\/mikrocontroller.bplaced.net\/wordpress\/?p=5349\">One ROM CLI \u2013 Bedinungsanleitung<\/a><\/li>\n<\/ul>\n<p>Praxisbeispiele:<\/p>\n<ol>\n<li><a href=\"https:\/\/mikrocontroller.bplaced.net\/wordpress\/?p=5336\">One ROM \u2013 Praxisbeispiel: Zwei Firmware-Versionen<\/a><\/li>\n<li><a href=\"https:\/\/mikrocontroller.bplaced.net\/wordpress\/?p=5339\">One ROM \u2013 Praxisbeispiel: Pre-built image: set-c64<\/a><\/li>\n<li><a href=\"https:\/\/mikrocontroller.bplaced.net\/wordpress\/?p=5344\">One ROM \u2013 Praxisbeispiel: C64 Setup mit JiffyDOS<\/a><\/li>\n<li><a href=\"https:\/\/mikrocontroller.bplaced.net\/wordpress\/?p=5355\">One ROM \u2013 Praxisbeispiel: One ROM als EPROM-Emulator<\/a><\/li>\n<li><a href=\"https:\/\/mikrocontroller.bplaced.net\/wordpress\/?p=5357\">One ROM \u2013 Praxisbeispiel: Entwickler-Workflow mit Makefile<\/a><\/li>\n<li><a href=\"https:\/\/mikrocontroller.bplaced.net\/wordpress\/?p=5365\">One ROM \u2013 Praxisbeispiel: Bank-Switching im C64<\/a><\/li>\n<li><a href=\"https:\/\/mikrocontroller.bplaced.net\/wordpress\/?p=5375\">One ROM \u2013 Praxisbeispiel: ZX81 mit 24-Pin Fire One ROM<\/a><\/li>\n<\/ol>\n","protected":false},"excerpt":{"rendered":"<p>\u00dcbersicht der Beitr\u00e4ge zum One ROM Es gibt folgende Beitr\u00e4ge: One ROM \u2013 Was man beim Zusammenl\u00f6ten beachten sollte One ROM \u2013 Erste Schritte One ROM Web \u2013 Bedinungsanleitung One ROM Web \u2013 Custom Images One ROM Studio \u2013 Bedienungsanleitung &hellip; <a href=\"https:\/\/mikrocontroller.bplaced.net\/wordpress\/?page_id=5392\">Weiterlesen <span class=\"meta-nav\">&rarr;<\/span><\/a><\/p>\n","protected":false},"author":1,"featured_media":0,"parent":5373,"menu_order":1,"comment_status":"open","ping_status":"closed","template":"","meta":{"footnotes":""},"categories":[344],"tags":[],"class_list":["post-5392","page","type-page","status-publish","hentry","category-one-rom"],"_links":{"self":[{"href":"https:\/\/mikrocontroller.bplaced.net\/wordpress\/index.php?rest_route=\/wp\/v2\/pages\/5392","targetHints":{"allow":["GET"]}}],"collection":[{"href":"https:\/\/mikrocontroller.bplaced.net\/wordpress\/index.php?rest_route=\/wp\/v2\/pages"}],"about":[{"href":"https:\/\/mikrocontroller.bplaced.net\/wordpress\/index.php?rest_route=\/wp\/v2\/types\/page"}],"author":[{"embeddable":true,"href":"https:\/\/mikrocontroller.bplaced.net\/wordpress\/index.php?rest_route=\/wp\/v2\/users\/1"}],"replies":[{"embeddable":true,"href":"https:\/\/mikrocontroller.bplaced.net\/wordpress\/index.php?rest_route=%2Fwp%2Fv2%2Fcomments&post=5392"}],"version-history":[{"count":1,"href":"https:\/\/mikrocontroller.bplaced.net\/wordpress\/index.php?rest_route=\/wp\/v2\/pages\/5392\/revisions"}],"predecessor-version":[{"id":5393,"href":"https:\/\/mikrocontroller.bplaced.net\/wordpress\/index.php?rest_route=\/wp\/v2\/pages\/5392\/revisions\/5393"}],"up":[{"embeddable":true,"href":"https:\/\/mikrocontroller.bplaced.net\/wordpress\/index.php?rest_route=\/wp\/v2\/pages\/5373"}],"wp:attachment":[{"href":"https:\/\/mikrocontroller.bplaced.net\/wordpress\/index.php?rest_route=%2Fwp%2Fv2%2Fmedia&parent=5392"}],"wp:term":[{"taxonomy":"category","embeddable":true,"href":"https:\/\/mikrocontroller.bplaced.net\/wordpress\/index.php?rest_route=%2Fwp%2Fv2%2Fcategories&post=5392"},{"taxonomy":"post_tag","embeddable":true,"href":"https:\/\/mikrocontroller.bplaced.net\/wordpress\/index.php?rest_route=%2Fwp%2Fv2%2Ftags&post=5392"}],"curies":[{"name":"wp","href":"https:\/\/api.w.org\/{rel}","templated":true}]}}