{"id":554,"date":"2017-11-25T16:10:15","date_gmt":"2017-11-25T15:10:15","guid":{"rendered":"http:\/\/mikrocontroller.bplaced.net\/wordpress\/?page_id=554"},"modified":"2017-12-30T19:43:54","modified_gmt":"2017-12-30T18:43:54","slug":"komplette-library-liste-atmega","status":"publish","type":"page","link":"https:\/\/mikrocontroller.bplaced.net\/wordpress\/?page_id=554","title":{"rendered":"Komplette-Library-Liste (ATMega)"},"content":{"rendered":"<p><div id=\"nav-below\" class=\"navigation\"><div class=\"nav-previous\"><a href=\"https:\/\/mikrocontroller.bplaced.net\/wordpress\/?page_id=552\" title=\"Hinweise myAVR-Workpad und AVR-Studio\"><span class=\"meta-nav\">\u2190<\/span> Hinweise myAVR-Workpad und AVR-Studio<\/a><\/div><\/div><!-- #nav-below --><div id=\"nav-below\" class=\"navigation\"><div class=\"nav-next\"><a href=\"https:\/\/mikrocontroller.bplaced.net\/wordpress\/?page_id=604\" title=\"01-LED-Library (ATMega)\">01-LED-Library (ATMega) <span class=\"meta-nav\">&rarr;<\/span><\/a><\/div><\/div><!-- #nav-below --><br \/>\nHier findet sich eine Liste mit allen Librarys die f\u00fcr den ATMega2560 (bzw. ATMega generell) online sind. Einfach auf den Link klicken um eine n\u00e4here Beschreibung und das entsprechende ZIP-File zu finden.<\/p>\n<p>Die ZIP-Files beinhalten den Source-Code (in C), eine Beschreibung und meist noch ein Beispiel-Programm (in C) wie die Library angewendet wird.<\/p>\n<p>Manche Librarys sind speziell f\u00fcr das myAVR-MK3-Board ausgelegt. Die k\u00f6nnen aber leicht durch \u00e4ndern der #DEFINE-Kommandos\u00a0in der LIB auf die eigenen Bed\u00fcrfnisse angepasst werden.<\/p>\n<p>Bei einigen Librarys gibt es auch noch die M\u00f6glichkeit \u00fcber #DEFINE-Kommandos einzelne Funktionen abzuschalten die nicht benutzt werden um so Speicherplatz im Prozessor zu sparen.<\/p>\n<p><strong>Liste :<\/strong><\/p>\n<p><a title=\"01-LED-Library (ATMega)\" href=\"http:\/\/mikrocontroller.bplaced.net\/wordpress\/?page_id=604\">01 = LED<\/a>\u00a0(f\u00fcr die 8 LEDs auf dem MK3-Board)<br \/>\n<a title=\"02-KEY-Library (ATMega)\" href=\"http:\/\/mikrocontroller.bplaced.net\/wordpress\/?page_id=606\">02 = KEY<\/a>\u00a0(f\u00fcr die 3 Buttons und den Joystick auf dem MK3-Board)<br \/>\n<a title=\"03-7Seg-Library (ATMega)\" href=\"http:\/\/mikrocontroller.bplaced.net\/wordpress\/?page_id=608\">03 = 7Segment<\/a>\u00a0(f\u00fcr die 7Segment Anzeige auf dem MK3-Board)<br \/>\n<a title=\"04-DIP-Library (ATMega)\" href=\"http:\/\/mikrocontroller.bplaced.net\/wordpress\/?page_id=610\">04 =\u00a0DIP-Schalter<\/a>\u00a0(f\u00fcr den 8fach DIP-Schalter auf dem MK3-Board)<br \/>\n<a title=\"05-ADC-Library (ATMega)\" href=\"http:\/\/mikrocontroller.bplaced.net\/wordpress\/?page_id=612\">05 =\u00a0ADC<\/a>\u00a0(um den ADC im ATMega zu benutzen) <strong>+ MK2<\/strong><br \/>\n<a title=\"06-LCD-Library (ATMega)\" href=\"http:\/\/mikrocontroller.bplaced.net\/wordpress\/?page_id=614\">06 =\u00a0Grafik-LCD<\/a>\u00a0(f\u00fcr das Grafik-LCD auf dem MK3-Board)<br \/>\n<a title=\"07-V24-Library (ATMega)\" href=\"http:\/\/mikrocontroller.bplaced.net\/wordpress\/?page_id=616\">07 =\u00a0RS232<\/a>\u00a0(um die RS232-Schnittstellen zu benutzen)\u00a0<strong>+ MK2<\/strong><br \/>\n<a title=\"08-Beep-Library (ATMega)\" href=\"http:\/\/mikrocontroller.bplaced.net\/wordpress\/?page_id=618\">08 =\u00a0Sound<\/a>\u00a0(f\u00fcr den Piepser auf dem MK3-Board)\u00a0<strong>+ MK2<\/strong><br \/>\n<a title=\"09-FAT16-Library (ATMega)\" href=\"http:\/\/mikrocontroller.bplaced.net\/wordpress\/?page_id=620\">09 = FAT16<\/a>\u00a0(f\u00fcr den SD-Karten-Slot auf dem MK3-Board)<br \/>\n<a title=\"10-TWI_LM75-Library (ATMega)\" href=\"http:\/\/mikrocontroller.bplaced.net\/wordpress\/?page_id=622\">10 =\u00a0TWI-LM75<\/a>\u00a0(f\u00fcr ein externes TWI-Modul mit dem LM75 Temp-Sensor)\u00a0<strong>+ MK2<\/strong><br \/>\n<a title=\"11-TWI_DS1307-Library (ATMega)\" href=\"http:\/\/mikrocontroller.bplaced.net\/wordpress\/?page_id=626\">11 =\u00a0TWI-DS1307<\/a>\u00a0(f\u00fcr ein externes TWI-Modul mit dem DS1307\u00a0RealTimeClock)\u00a0<strong>+ MK2<\/strong><br \/>\n<a title=\"12-TWI_M24C02-Library (ATMega)\" href=\"http:\/\/mikrocontroller.bplaced.net\/wordpress\/?page_id=628\">12 =\u00a0TWI-M24C02<\/a>\u00a0(f\u00fcr ein externes TWI-Modul mit dem M24C02 EEprom)\u00a0<strong>+ MK2<\/strong><br \/>\n<a title=\"13-TWI_PCA9555-Library (ATMega)\" href=\"http:\/\/mikrocontroller.bplaced.net\/wordpress\/?page_id=630\">13 =\u00a0TWI-PCA9555<\/a>\u00a0(f\u00fcr ein ext. TWI-Modul mit dem PCA9555 Port-Expander)\u00a0<strong>+ MK2<\/strong><br \/>\n<a title=\"14-MOD_7Seg-Library (ATMega)\" href=\"http:\/\/mikrocontroller.bplaced.net\/wordpress\/?page_id=632\">14 = MOD-7Seg<\/a>\u00a0(f\u00fcr ein externes Modul mit einem 7Segment Display)<br \/>\n<a title=\"15-PRJ_GPS-Library (ATMega)\" href=\"http:\/\/mikrocontroller.bplaced.net\/wordpress\/?page_id=634\">15 = Projekt-GPS-Modul<\/a>\u00a0(f\u00fcr ein externes Modul mit einem GPS-Sensor)<br \/>\n<a title=\"16-MOD_LCDs-Library (ATMega)\" href=\"http:\/\/mikrocontroller.bplaced.net\/wordpress\/?page_id=636\">16 = MOD-LCD-seriell<\/a>\u00a0(f\u00fcr das MK3-Display im seriell-Mode)<br \/>\n<a title=\"17-MOD_LCD-2\u00d716-Library (ATMega)\" href=\"http:\/\/mikrocontroller.bplaced.net\/wordpress\/?page_id=638\">17 = MOD-LCD-2\u00d716<\/a>\u00a0(f\u00fcr ein externes Modul mit einem Text-LCD)\u00a0<strong>+ MK2<\/strong><br \/>\n<a title=\"18-MOD_BMA-Library (ATMega)\" href=\"http:\/\/mikrocontroller.bplaced.net\/wordpress\/?page_id=640\">18 = MOD-BMA180<\/a>\u00a0(f\u00fcr ein externes Modul mit 3Achs Beschleunigungs-Sensor)<br \/>\n<a title=\"19-Terminal-Library (ATMega)\" href=\"http:\/\/mikrocontroller.bplaced.net\/wordpress\/?page_id=642\">19 = Terminal<\/a>\u00a0(PC-Programm um die CPU zu steuern. Ports lesen\/schreiben)<br \/>\n<a title=\"20-MOD_CLED-Library (ATMega)\" href=\"http:\/\/mikrocontroller.bplaced.net\/wordpress\/?page_id=644\">20 = MOD-Color-LED<\/a>\u00a0(f\u00fcr ein externes Modul mit einer RGB-LED)<br \/>\n<a title=\"21-EEprom-Library (ATMega)\" href=\"http:\/\/mikrocontroller.bplaced.net\/wordpress\/?page_id=647\">21 = EEprom<\/a>\u00a0(f\u00fcr das CPU interne EEProm)<br \/>\n<a title=\"22-Servo-Library (ATMega)\" href=\"http:\/\/mikrocontroller.bplaced.net\/wordpress\/?page_id=650\">22 = Multi-Servo-Lib<\/a>\u00a0(um bis zu 8 Modellbau Servos zu steuern)<br \/>\n<a title=\"23-SPI_KOM-Library (ATMega)\" href=\"http:\/\/mikrocontroller.bplaced.net\/wordpress\/?page_id=653\">23 =\u00a0SPI-Kommunikation<\/a>\u00a0(um bis zu 9 CPUs per SPI zu verbinden)<br \/>\n<a title=\"24-TWI_PCF8583-Library (ATMega)\" href=\"http:\/\/mikrocontroller.bplaced.net\/wordpress\/?page_id=655\">24 =\u00a0TWI-PCF8583<\/a>\u00a0(f\u00fcr ein ext. TWI-Modul mit dem PCF8583 RealTimeClock)\u00a0<strong>+ MK2<\/strong><br \/>\n<a title=\"25-MOD_ETH-Library (ATMega)\" href=\"http:\/\/mikrocontroller.bplaced.net\/wordpress\/?page_id=657\">25 = MOD-ENC28J60<\/a>\u00a0(f\u00fcr ein externes Modul mit dem ENC28J60 Ethernet-IC)<br \/>\n<a title=\"26-TWI_KOM-Library (ATMega)\" href=\"http:\/\/mikrocontroller.bplaced.net\/wordpress\/?page_id=659\">26 =\u00a0TWI-Kommunikation<\/a>\u00a0(um bis zu 9 CPUs per TWI zu verbinden)\u00a0<strong>+ MK2<\/strong><br \/>\n<a title=\"27-Timer-Library (ATMega)\" href=\"http:\/\/mikrocontroller.bplaced.net\/wordpress\/?page_id=661\">27 =\u00a0Timer<\/a>\u00a0(um Timer und Pausenfunktionen zu implementieren)\u00a0<strong>+ MK2<\/strong><br \/>\n<a title=\"28-PWM-Library (ATMega)\" href=\"http:\/\/mikrocontroller.bplaced.net\/wordpress\/?page_id=663\">28 = PWM<\/a>\u00a0(um bis zu 4 unabh\u00e4ngige PWMs zu implementieren)\u00a0<strong>+ MK2<\/strong><br \/>\n<a title=\"29-Counter-Library (ATMega)\" href=\"http:\/\/mikrocontroller.bplaced.net\/wordpress\/?page_id=665\">29 =\u00a0Counter<\/a>\u00a0(um Impulse und Perioden zu messen)\u00a0<strong>+ MK2<\/strong><br \/>\n<a title=\"30-TWI_MyEth-Library (ATMega)\" href=\"http:\/\/mikrocontroller.bplaced.net\/wordpress\/?page_id=667\">30 = TWI-myEthernet<\/a>\u00a0(um Daten mit dem myEthernet-Modul auszutauschen)\u00a0<strong>+ MK2<\/strong><br \/>\n<a title=\"31-FASTFAT-Library (ATMega)\" href=\"http:\/\/mikrocontroller.bplaced.net\/wordpress\/?page_id=670\">31 = FASTFAT<\/a>\u00a0(schnelle SD-Karten lese\/schreib Library)<br \/>\n<a title=\"32-WAV-Library (ATMega)\" href=\"http:\/\/mikrocontroller.bplaced.net\/wordpress\/?page_id=672\">32 = WAV<\/a>\u00a0(um WAV-Soundfiles von der SD-Karte auszugeben)<br \/>\n<a title=\"33-IRRC-Library (ATMega)\" href=\"http:\/\/mikrocontroller.bplaced.net\/wordpress\/?page_id=675\">33 = IRRC<\/a>\u00a0(um RC5-\u00a0und\u00a0SIRCS-Infrarot-Codes auszuwerten)\u00a0<strong>+ MK2<\/strong><br \/>\n<a title=\"34-Menu-Library (ATMega)\" href=\"http:\/\/mikrocontroller.bplaced.net\/wordpress\/?page_id=677\">34 = Menu<\/a>\u00a0(um ein Men\u00fcsystem zu implementieren)<br \/>\n<a title=\"35-PS2_Key-Library (ATMega)\" href=\"http:\/\/mikrocontroller.bplaced.net\/wordpress\/?page_id=679\">35 = PS2-KEY<\/a>\u00a0(um eine PS2-Tastatur auszuwerten)<br \/>\n<a title=\"36-PS2_Maus-Library (ATMega)\" href=\"http:\/\/mikrocontroller.bplaced.net\/wordpress\/?page_id=681\">36 = PS2-MAUS<\/a>\u00a0(um eine PS2-Maus auszuwerten)<br \/>\n<a title=\"37-LCD_UC1610-Library (ATMega)\" href=\"http:\/\/mikrocontroller.bplaced.net\/wordpress\/?page_id=683\">37 = LCD-UC1610<\/a>\u00a0(f\u00fcr ein Grafik-LCD mit\u00a0UC1610-Chip)<br \/>\n<a title=\"38-LCD_UC1701-Library (ATMega)\" href=\"http:\/\/mikrocontroller.bplaced.net\/wordpress\/?page_id=685\">38 = LCD-UC1701<\/a>\u00a0(f\u00fcr ein Grafik-LCD mit\u00a0UC1701-Chip)<br \/>\n<a title=\"39-LCD_ST7565-Library (ATMega)\" href=\"http:\/\/mikrocontroller.bplaced.net\/wordpress\/?page_id=687\">39 = LCD-ST7565<\/a>\u00a0(f\u00fcr ein Grafik-LCD mit\u00a0ST7565-Chip)<br \/>\n<a title=\"40-LCD_eDIP-Library (ATMega)\" href=\"http:\/\/mikrocontroller.bplaced.net\/wordpress\/?page_id=690\">40 = LCD-eDip<\/a>\u00a0(f\u00fcr ein\u00a0EA eDIP-TFT mit Touch)<br \/>\n<a title=\"41-MOD_KEY-Matrix-Library (ATMega)\" href=\"http:\/\/mikrocontroller.bplaced.net\/wordpress\/?page_id=692\">41 = Matrix-Key<\/a>\u00a0(um eine Matrix-Tastatur 1\u00d71 bis 8\u00d78 auszuwerten)<br \/>\n<a title=\"42-Logview-Library (ATMega)\" href=\"http:\/\/mikrocontroller.bplaced.net\/wordpress\/?page_id=694\">42 = Logview<\/a>\u00a0(um eine Grafische\u00a0Datenanzeige mit dem PC zu machen)<br \/>\n<a title=\"43-Servo-Mess-Library (ATMega)\" href=\"http:\/\/mikrocontroller.bplaced.net\/wordpress\/?page_id=696\">43 = Servo-Mess<\/a>\u00a0(um Modellbau-Servo-Impulse zu messen)\u00a0<strong>+ MK2<\/strong><\/p>\n<p><strong><br \/>\n<\/strong>Hinweis :<br \/>\nalle Librarys die mit \u201c<strong>+ MK2<\/strong>\u201d gekennzeichnet sind, haben einen Define-Schalter damit man die Funktion auch f\u00fcr das myAVR MK2-Board und dem ATMega8 nutzen kann.<\/p>\n<hr \/>\n<h3 id=\"comments-title\">4 Antworten auf <em>Komplette-Library-Liste (ATMega)<\/em><\/h3>\n<ol class=\"commentlist\">\n<li id=\"li-comment-2572\" class=\"comment even thread-even depth-1\">\n<div id=\"comment-2572\">\n<div class=\"comment-author vcard\"><img loading=\"lazy\" decoding=\"async\" class=\"avatar avatar-40 photo\" src=\"http:\/\/0.gravatar.com\/avatar\/a6829126a44fa2648f61cb3d5feec700?s=40&amp;d=http%3A%2F%2F0.gravatar.com%2Favatar%2Fad516503a11cd5ca435acc9bb6523536%3Fs%3D40&amp;r=G\" alt=\"\" width=\"40\" height=\"40\" \/><cite class=\"fn\">M\u00e4xchen<\/cite> <span class=\"says\">sagt:<\/span><\/div>\n<p><!-- .comment-author .vcard --><\/p>\n<div class=\"comment-meta commentmetadata\">28. November 2014 um 08:52<\/div>\n<p><!-- .comment-meta .commentmetadata --><\/p>\n<div class=\"comment-body\">\n<p>Ich kann kein C ! Ich suche 2 Lib f\u00fcr Atmega ( BASCOM !) mit folgender Bez.<br \/>\n1) UC 16101 S und 2) UC 1701 ( f\u00fcr Displays von Electronic Assembly )<\/p>\n<p>Vielen Dank im Voraus<\/p>\n<\/div>\n<\/div>\n<p><!-- #comment-## --><\/li>\n<li id=\"li-comment-2770\" class=\"comment odd alt thread-odd thread-alt depth-1\">\n<div id=\"comment-2770\">\n<div class=\"comment-author vcard\"><img loading=\"lazy\" decoding=\"async\" class=\"avatar avatar-40 photo\" src=\"http:\/\/0.gravatar.com\/avatar\/8b6dc53bdf261d9197cbb23f71806dda?s=40&amp;d=http%3A%2F%2F0.gravatar.com%2Favatar%2Fad516503a11cd5ca435acc9bb6523536%3Fs%3D40&amp;r=G\" alt=\"\" width=\"40\" height=\"40\" \/><cite class=\"fn\">Mathias<\/cite> <span class=\"says\">sagt:<\/span><\/div>\n<p><!-- .comment-author .vcard --><\/p>\n<div class=\"comment-meta commentmetadata\">26. Dezember 2014 um 14:34<\/div>\n<p><!-- .comment-meta .commentmetadata --><\/p>\n<div class=\"comment-body\">\n<p>Hallo Uwe,<\/p>\n<p>gratuliere Dir zu Deinen Librarys. Ich habe das EEPROM, das Zeitmodul und das Temperaturmodell getestet. Dies ging problemlos. Anpassungen sind leicht m\u00f6glich.<br \/>\nDennoch eine Frage:<br \/>\nK\u00f6nntest Du die Library vom EEPROM erweitern, da\u00df auch Ic\u2019s mit Adressbereich bis 256 kB angesprochen werden k\u00f6nnen ? Oder habe ich etwas \u00fcbersehen.<\/p>\n<p>Eine weitere Anregung w\u00e4re FRAM. [ Serial (I2C) FRAM 5V 512&#215;8 1MHz SO8 ]<br \/>\nDiesen FRAM gibt es bei Reichelt f\u00fcr 1,45 \u20ac<\/p>\n<p>VG und Danke f\u00fcr Deine bisherige Arbeit<\/p>\n<\/div>\n<\/div>\n<p><!-- #comment-## --><\/p>\n<ul class=\"children\">\n<li id=\"li-comment-2771\" class=\"comment byuser comment-author-admin_ub bypostauthor even depth-2\">\n<div id=\"comment-2771\">\n<div class=\"comment-author vcard\"><img loading=\"lazy\" decoding=\"async\" class=\"avatar avatar-40 photo\" src=\"http:\/\/0.gravatar.com\/avatar\/67426419ead44d5afa132e92685bb460?s=40&amp;d=http%3A%2F%2F0.gravatar.com%2Favatar%2Fad516503a11cd5ca435acc9bb6523536%3Fs%3D40&amp;r=G\" alt=\"\" width=\"40\" height=\"40\" \/><cite class=\"fn\">admin_ub<\/cite> <span class=\"says\">sagt:<\/span><\/div>\n<p><!-- .comment-author .vcard --><\/p>\n<div class=\"comment-meta commentmetadata\">27. Dezember 2014 um 11:54<\/div>\n<p><!-- .comment-meta .commentmetadata --><\/p>\n<div class=\"comment-body\">\n<p>Hi, f\u00fcr den ATMega schreibe ich nichts mehr\u2026sorry.<\/p>\n<\/div>\n<\/div>\n<p><!-- #comment-## --><\/li>\n<\/ul>\n<\/li>\n<li id=\"li-comment-3846\" class=\"comment odd alt thread-even depth-1\">\n<div id=\"comment-3846\">\n<div class=\"comment-author vcard\"><img loading=\"lazy\" decoding=\"async\" class=\"avatar avatar-40 photo\" src=\"http:\/\/0.gravatar.com\/avatar\/0cb85ace028788c14a80214dbb3c0b6c?s=40&amp;d=http%3A%2F%2F0.gravatar.com%2Favatar%2Fad516503a11cd5ca435acc9bb6523536%3Fs%3D40&amp;r=G\" alt=\"\" width=\"40\" height=\"40\" \/><cite class=\"fn\">Manuel Schmitt<\/cite> <span class=\"says\">sagt:<\/span><\/div>\n<p><!-- .comment-author .vcard --><\/p>\n<div class=\"comment-meta commentmetadata\">15. Juli 2015 um 21:34<\/div>\n<p><!-- .comment-meta .commentmetadata --><\/p>\n<div class=\"comment-body\">\n<p>Unter welcher Lizenz werden diese Libs zur Verf\u00fcgung gestellt?<\/p>\n<\/div>\n<\/div>\n<p><!-- #comment-## --><\/li>\n<\/ol>\n","protected":false},"excerpt":{"rendered":"<p>Hier findet sich eine Liste mit allen Librarys die f\u00fcr den ATMega2560 (bzw. ATMega generell) online sind. Einfach auf den Link klicken um eine n\u00e4here Beschreibung und das entsprechende ZIP-File zu finden. Die ZIP-Files beinhalten den Source-Code (in C), eine &hellip; <a href=\"https:\/\/mikrocontroller.bplaced.net\/wordpress\/?page_id=554\">Weiterlesen <span class=\"meta-nav\">&rarr;<\/span><\/a><\/p>\n","protected":false},"author":1,"featured_media":0,"parent":548,"menu_order":3,"comment_status":"open","ping_status":"closed","template":"","meta":{"footnotes":""},"categories":[127],"tags":[11,15],"class_list":["post-554","page","type-page","status-publish","hentry","category-atmega","tag-atmega2650","tag-komplette-library-liste"],"_links":{"self":[{"href":"https:\/\/mikrocontroller.bplaced.net\/wordpress\/index.php?rest_route=\/wp\/v2\/pages\/554","targetHints":{"allow":["GET"]}}],"collection":[{"href":"https:\/\/mikrocontroller.bplaced.net\/wordpress\/index.php?rest_route=\/wp\/v2\/pages"}],"about":[{"href":"https:\/\/mikrocontroller.bplaced.net\/wordpress\/index.php?rest_route=\/wp\/v2\/types\/page"}],"author":[{"embeddable":true,"href":"https:\/\/mikrocontroller.bplaced.net\/wordpress\/index.php?rest_route=\/wp\/v2\/users\/1"}],"replies":[{"embeddable":true,"href":"https:\/\/mikrocontroller.bplaced.net\/wordpress\/index.php?rest_route=%2Fwp%2Fv2%2Fcomments&post=554"}],"version-history":[{"count":9,"href":"https:\/\/mikrocontroller.bplaced.net\/wordpress\/index.php?rest_route=\/wp\/v2\/pages\/554\/revisions"}],"predecessor-version":[{"id":1219,"href":"https:\/\/mikrocontroller.bplaced.net\/wordpress\/index.php?rest_route=\/wp\/v2\/pages\/554\/revisions\/1219"}],"up":[{"embeddable":true,"href":"https:\/\/mikrocontroller.bplaced.net\/wordpress\/index.php?rest_route=\/wp\/v2\/pages\/548"}],"wp:attachment":[{"href":"https:\/\/mikrocontroller.bplaced.net\/wordpress\/index.php?rest_route=%2Fwp%2Fv2%2Fmedia&parent=554"}],"wp:term":[{"taxonomy":"category","embeddable":true,"href":"https:\/\/mikrocontroller.bplaced.net\/wordpress\/index.php?rest_route=%2Fwp%2Fv2%2Fcategories&post=554"},{"taxonomy":"post_tag","embeddable":true,"href":"https:\/\/mikrocontroller.bplaced.net\/wordpress\/index.php?rest_route=%2Fwp%2Fv2%2Ftags&post=554"}],"curies":[{"name":"wp","href":"https:\/\/api.w.org\/{rel}","templated":true}]}}