{"id":746,"date":"2017-11-27T00:29:21","date_gmt":"2017-11-26T23:29:21","guid":{"rendered":"http:\/\/mikrocontroller.bplaced.net\/wordpress\/?page_id=746"},"modified":"2017-12-31T01:58:55","modified_gmt":"2017-12-31T00:58:55","slug":"08-show-stemwin-demo-auf-stm32f4","status":"publish","type":"page","link":"https:\/\/mikrocontroller.bplaced.net\/wordpress\/?page_id=746","title":{"rendered":"08-Show (STemWin Demo auf STM32F4)"},"content":{"rendered":"<p><div id=\"nav-below\" class=\"navigation\"><div class=\"nav-previous\"><a href=\"https:\/\/mikrocontroller.bplaced.net\/wordpress\/?page_id=744\" title=\"07-Show (Pacman STM32F429)\"><span class=\"meta-nav\">\u2190<\/span> 07-Show (Pacman STM32F429)<\/a><\/div><\/div><!-- #nav-below --><div id=\"nav-below\" class=\"navigation\"><div class=\"nav-next\"><a href=\"https:\/\/mikrocontroller.bplaced.net\/wordpress\/?page_id=750\" title=\"09-Show (STemWin Demo auf STM32F429)\">09-Show (STemWin Demo auf STM32F429) <span class=\"meta-nav\">&rarr;<\/span><\/a><\/div><\/div><!-- #nav-below --><\/p>\n<p>Hier die Demo der STemWin f\u00fcr das STM32F407-Disco Board<\/p>\n<p>Es zeigt was mit der GUI alles M\u00f6glich ist.<\/p>\n<p>(Das Demo ist f\u00fcr den Landscape-Mode geschrieben aber im Moment funktioniert nur der Portrait-Mode, aus dem Grund sind einige Sachen abgeschnitten.)<\/p>\n<p>Zur Info : das flashen vom Demo dauert etwas.<\/p>\n<p><strong>Beispielbilder :<\/strong><\/p>\n<div id='gallery-1' class='gallery galleryid-3195 gallery-columns-3 gallery-size-thumbnail'>\n<dl class='gallery-item'>\n<dt class='gallery-icon'>\n\t\t\t\t<a href='wp-content\/uploads\/2013\/12\/stemwin5.jpg' title='stemwin5'><img loading=\"lazy\" decoding=\"async\" width=\"150\" height=\"150\" src=\"wp-content\/uploads\/2013\/12\/stemwin5-150x150.jpg\" class=\"attachment-thumbnail\" alt=\"STemWin Treeview\" \/><\/a>\n\t\t\t<\/dt>\n<dd class='wp-caption-text gallery-caption'>\n\t\t\t\tSTemWin Treeview\n\t\t\t\t<\/dd>\n<\/dl>\n<dl class='gallery-item'>\n<dt class='gallery-icon'>\n\t\t\t\t<a href='wp-content\/uploads\/2013\/12\/stemwin4.jpg' title='stemwin4'><img loading=\"lazy\" decoding=\"async\" width=\"150\" height=\"150\" src=\"wp-content\/uploads\/2013\/12\/stemwin4-150x150.jpg\" class=\"attachment-thumbnail\" alt=\"STemWin Kurven\" \/><\/a>\n\t\t\t<\/dt>\n<dd class='wp-caption-text gallery-caption'>\n\t\t\t\tSTemWin Kurven\n\t\t\t\t<\/dd>\n<\/dl>\n<dl class='gallery-item'>\n<dt class='gallery-icon'>\n\t\t\t\t<a href='wp-content\/uploads\/2013\/12\/stemwin3.jpg' title='stemwin3'><img loading=\"lazy\" decoding=\"async\" width=\"150\" height=\"150\" src=\"wp-content\/uploads\/2013\/12\/stemwin3-150x150.jpg\" class=\"attachment-thumbnail\" alt=\"STemWin Icons\" \/><\/a>\n\t\t\t<\/dt>\n<dd class='wp-caption-text gallery-caption'>\n\t\t\t\tSTemWin Icons\n\t\t\t\t<\/dd>\n<\/dl>\n<p><br style=\"clear: both\" \/><\/p>\n<dl class='gallery-item'>\n<dt class='gallery-icon'>\n\t\t\t\t<a href='wp-content\/uploads\/2013\/12\/stemwin2.jpg' title='stemwin2'><img loading=\"lazy\" decoding=\"async\" width=\"150\" height=\"150\" src=\"wp-content\/uploads\/2013\/12\/stemwin2-150x150.jpg\" class=\"attachment-thumbnail\" alt=\"STemWin Transparenz\" \/><\/a>\n\t\t\t<\/dt>\n<dd class='wp-caption-text gallery-caption'>\n\t\t\t\tSTemWin Transparenz\n\t\t\t\t<\/dd>\n<\/dl>\n<p>\t\t\t<br style='clear: both;' \/>\n\t\t<\/div>\n<p>Hier der komplette CooCox-Projektordner\u00a0zum<strong>\u00a0download<\/strong>\u00a0:<\/p>\n<p><a href=\"wp-content\/uploads\/2013\/12\/Show_08_STemWin.zip\">Show_08_STemWin<\/a><\/p>\n<hr \/>\n<h3 id=\"comments-title\">16 Antworten auf <em>08-Show (STemWin Demo auf STM32F4)<\/em><\/h3>\n<ol class=\"commentlist\">\n<li class=\"comment even thread-even depth-1\" id=\"li-comment-1214\">\n<div id=\"comment-1214\">\n<div class=\"comment-author vcard\">\n<img alt='' src='http:\/\/1.gravatar.com\/avatar\/b16d1470c8dfd9df3b095e5f45923198?s=40&#038;d=http%3A%2F%2F1.gravatar.com%2Favatar%2Fad516503a11cd5ca435acc9bb6523536%3Fs%3D40&#038;r=G' class='avatar avatar-40 photo' height='40' width='40' \/><cite class=\"fn\">Eckhard Eichler<\/cite> <span class=\"says\">sagt:<\/span><\/div>\n<p><!-- .comment-author .vcard --><\/p>\n<div class=\"comment-meta commentmetadata\">\n26. Dezember 2013 um 14:13<\/div>\n<p><!-- .comment-meta .commentmetadata --><\/p>\n<div class=\"comment-body\">\n<p>Hallo,<\/p>\n<p>ich habe versucht, dieses Projekt mit einem ssd1289 in Betrieb zu nehmen, ich habe die entsprechenden Dateien hinzugef\u00fcgt und \u00fcberall ssd1289 eingesetzt. Der Bildschirm flackert zwar wie wild, ich bekomme aber kein vern\u00fcnftiges Bild. Die Initialisierung schein zu passen, jedenfalls gibt es keine Fehler als R\u00fcckmeldung.<br \/>\n Wo m\u00fcsste man da eventuell noch schauben?<br \/>\nGru\u00df<br \/>\nEckhard<\/p>\n<\/div>\n<\/div>\n<p><!-- #comment-##  --><\/p>\n<ul class='children'>\n<li class=\"comment byuser comment-author-admin_ub bypostauthor odd alt depth-2\" id=\"li-comment-1217\">\n<div id=\"comment-1217\">\n<div class=\"comment-author vcard\">\n<img alt='' src='http:\/\/0.gravatar.com\/avatar\/67426419ead44d5afa132e92685bb460?s=40&#038;d=http%3A%2F%2F0.gravatar.com%2Favatar%2Fad516503a11cd5ca435acc9bb6523536%3Fs%3D40&#038;r=G' class='avatar avatar-40 photo' height='40' width='40' \/><cite class=\"fn\">admin_ub<\/cite> <span class=\"says\">sagt:<\/span><\/div>\n<p><!-- .comment-author .vcard --><\/p>\n<div class=\"comment-meta commentmetadata\">\n27. Dezember 2013 um 10:56<\/div>\n<p><!-- .comment-meta .commentmetadata --><\/p>\n<div class=\"comment-body\">\n<p>funktioniert das SSD1289 &#8220;Grunds\u00e4tzlich&#8221; Also wenn du die &#8220;UB_STemWIN_init&#8221; und &#8220;GUIDEMO_Main&#8221; ausklammerst, kannst du dann das Display benutzen ohne das es Flackert (Punkte zeichnen usw) falls ja brauchst das SSD1289 event. eine andere Initialisierung per STemWIN als das ST7783.<\/p>\n<\/div>\n<\/div>\n<p><!-- #comment-##  --><\/p>\n<ul class='children'>\n<li class=\"comment even depth-3\" id=\"li-comment-1219\">\n<div id=\"comment-1219\">\n<div class=\"comment-author vcard\">\n<img alt='' src='http:\/\/0.gravatar.com\/avatar\/af5be9fa3f95b3ec9c424ed130b7f2d3?s=40&#038;d=http%3A%2F%2F0.gravatar.com%2Favatar%2Fad516503a11cd5ca435acc9bb6523536%3Fs%3D40&#038;r=G' class='avatar avatar-40 photo' height='40' width='40' \/><cite class=\"fn\">Cortex-Einsteiger<\/cite> <span class=\"says\">sagt:<\/span><\/div>\n<p><!-- .comment-author .vcard --><\/p>\n<div class=\"comment-meta commentmetadata\">\n27. Dezember 2013 um 13:21<\/div>\n<p><!-- .comment-meta .commentmetadata --><\/p>\n<div class=\"comment-body\">\n<p>habs grad bei mir getestet, ist bei mir auch so.<br \/>\nEs flackert und ab und zu fliegen paar Bilder\/symbole durchs Bild.<br \/>\nWenn ich die Init ausklammere und daf\u00fcr die &#8220;normale&#8221; Init des SSD1289 hinzuf\u00fcge, kann ich Linien und Punkte zeichnen.<br \/>\nEs m\u00fcssen wohl noch \u00c4nderungen in der STemWin_init durchgef\u00fchrt werden damit es mit unserem Display funktioniert.<\/p>\n<\/div>\n<\/div>\n<p><!-- #comment-##  --><\/p>\n<ul class='children'>\n<li class=\"comment odd alt depth-4\" id=\"li-comment-1381\">\n<div id=\"comment-1381\">\n<div class=\"comment-author vcard\">\n<img alt='' src='http:\/\/1.gravatar.com\/avatar\/b894d67379dd0647dd316009f47155d2?s=40&#038;d=http%3A%2F%2F1.gravatar.com%2Favatar%2Fad516503a11cd5ca435acc9bb6523536%3Fs%3D40&#038;r=G' class='avatar avatar-40 photo' height='40' width='40' \/><cite class=\"fn\">Joerg<\/cite> <span class=\"says\">sagt:<\/span><\/div>\n<p><!-- .comment-author .vcard --><\/p>\n<div class=\"comment-meta commentmetadata\">\n13. Februar 2014 um 00:52<\/div>\n<p><!-- .comment-meta .commentmetadata --><\/p>\n<div class=\"comment-body\">\n<p>Hey Corty,<br \/>\nhast es hin bekommen?<\/p>\n<p>Ich w\u00fcrde gern von dem 429 disc weg kommen. Display ist mir zu klein.<\/p>\n<\/div>\n<\/div>\n<p><!-- #comment-##  --><\/p>\n<\/li>\n<li class=\"comment even depth-4\" id=\"li-comment-1382\">\n<div id=\"comment-1382\">\n<div class=\"comment-author vcard\">\n<img alt='' src='http:\/\/1.gravatar.com\/avatar\/b894d67379dd0647dd316009f47155d2?s=40&#038;d=http%3A%2F%2F1.gravatar.com%2Favatar%2Fad516503a11cd5ca435acc9bb6523536%3Fs%3D40&#038;r=G' class='avatar avatar-40 photo' height='40' width='40' \/><cite class=\"fn\">Joerg<\/cite> <span class=\"says\">sagt:<\/span><\/div>\n<p><!-- .comment-author .vcard --><\/p>\n<div class=\"comment-meta commentmetadata\">\n13. Februar 2014 um 13:49<\/div>\n<p><!-- .comment-meta .commentmetadata --><\/p>\n<div class=\"comment-body\">\n<p>Ich habe nun ein wenig mehr heraus gefunden.<br \/>\nIm GUIDRV_stm32f407_discovery.c<\/p>\n<p>Zeile 218 werden die Treiber aufgerufen.<\/p>\n<p>GUIDRV_FlexColor_SetFunc(pDevice, &#038;PortAPI, GUIDRV_FLEXCOLOR_F66708, GUIDRV_FLEXCOLOR_M16C0B16);<\/p>\n<p>Wenn man dann auf die Segger Seite schaut, d\u00fcrfte das auch mit dem ST7783 funktionieren <img src='wp-includes\/images\/smilies\/icon_wink.gif' alt=';)' class='wp-smiley' \/>   <a href=\"http:\/\/segger.com\/guidrv_flexcolor.html\" rel=\"nofollow\">http:\/\/segger.com\/guidrv_flexcolor.html<\/a><\/p>\n<p>GUIDRV_FLEXCOLOR_F66708 beinhaltet den Controller gar nicht. Jedenfalls nicht im Original von Segger.  Der SSD1289 ist da aber auch nicht zu finden.<\/p>\n<p>Vielleicht hilft das weiter&#8230;<\/p>\n<\/div>\n<\/div>\n<p><!-- #comment-##  --><\/p>\n<ul class='children'>\n<li class=\"comment odd alt depth-5\" id=\"li-comment-1383\">\n<div id=\"comment-1383\">\n<div class=\"comment-author vcard\">\n<img alt='' src='http:\/\/1.gravatar.com\/avatar\/b894d67379dd0647dd316009f47155d2?s=40&#038;d=http%3A%2F%2F1.gravatar.com%2Favatar%2Fad516503a11cd5ca435acc9bb6523536%3Fs%3D40&#038;r=G' class='avatar avatar-40 photo' height='40' width='40' \/><cite class=\"fn\">Joerg<\/cite> <span class=\"says\">sagt:<\/span><\/div>\n<p><!-- .comment-author .vcard --><\/p>\n<div class=\"comment-meta commentmetadata\">\n13. Februar 2014 um 13:57<\/div>\n<p><!-- .comment-meta .commentmetadata --><\/p>\n<div class=\"comment-body\">\n<p>sorry da fehlte ein &#8220;nicht&#8221;<\/p>\n<p>Wenn man dann auf die Segger Seite schaut, d\u00fcrfte das auch mit dem ST7783 nicht funktionieren<\/p>\n<\/div>\n<\/div>\n<p><!-- #comment-##  --><\/p>\n<\/li>\n<li class=\"comment even depth-5\" id=\"li-comment-1391\">\n<div id=\"comment-1391\">\n<div class=\"comment-author vcard\">\n<img alt='' src='http:\/\/1.gravatar.com\/avatar\/b894d67379dd0647dd316009f47155d2?s=40&#038;d=http%3A%2F%2F1.gravatar.com%2Favatar%2Fad516503a11cd5ca435acc9bb6523536%3Fs%3D40&#038;r=G' class='avatar avatar-40 photo' height='40' width='40' \/><cite class=\"fn\">Joerg<\/cite> <span class=\"says\">sagt:<\/span><\/div>\n<p><!-- .comment-author .vcard --><\/p>\n<div class=\"comment-meta commentmetadata\">\n14. Februar 2014 um 19:51<\/div>\n<p><!-- .comment-meta .commentmetadata --><\/p>\n<div class=\"comment-body\">\n<p>ok ich habs<\/p>\n<p>GUIDRV_FLEXCOLOR_F66702<\/p>\n<p>dann l\u00e4uft es mit dem 1289 Controller<\/p>\n<\/div>\n<\/div>\n<p><!-- #comment-##  --><\/p>\n<\/li>\n<\/ul>\n<\/li>\n<\/ul>\n<\/li>\n<\/ul>\n<\/li>\n<li class=\"comment odd alt depth-2\" id=\"li-comment-2462\">\n<div id=\"comment-2462\">\n<div class=\"comment-author vcard\">\n<img alt='' src='http:\/\/0.gravatar.com\/avatar\/06d8d968e3abb726aac8a82503ea2440?s=40&#038;d=http%3A%2F%2F0.gravatar.com%2Favatar%2Fad516503a11cd5ca435acc9bb6523536%3Fs%3D40&#038;r=G' class='avatar avatar-40 photo' height='40' width='40' \/><cite class=\"fn\">Mohamed elshenawy<\/cite> <span class=\"says\">sagt:<\/span><\/div>\n<p><!-- .comment-author .vcard --><\/p>\n<div class=\"comment-meta commentmetadata\">\n14. November 2014 um 17:46<\/div>\n<p><!-- .comment-meta .commentmetadata --><\/p>\n<div class=\"comment-body\">\n<p>Hi I need anybody&#8217;s help to port stemwin to CoIDE with SSD1289 and stm32f4 discovery.someone who have did before  (I&#8217;ll pay money for this)<\/p>\n<\/div>\n<\/div>\n<p><!-- #comment-##  --><\/p>\n<ul class='children'>\n<li class=\"comment even depth-3\" id=\"li-comment-2463\">\n<div id=\"comment-2463\">\n<div class=\"comment-author vcard\">\n<img alt='' src='http:\/\/0.gravatar.com\/avatar\/06d8d968e3abb726aac8a82503ea2440?s=40&#038;d=http%3A%2F%2F0.gravatar.com%2Favatar%2Fad516503a11cd5ca435acc9bb6523536%3Fs%3D40&#038;r=G' class='avatar avatar-40 photo' height='40' width='40' \/><cite class=\"fn\">Mohamed elshenawy<\/cite> <span class=\"says\">sagt:<\/span><\/div>\n<p><!-- .comment-author .vcard --><\/p>\n<div class=\"comment-meta commentmetadata\">\n14. November 2014 um 17:58<\/div>\n<p><!-- .comment-meta .commentmetadata --><\/p>\n<div class=\"comment-body\">\n<p>my email : mohamed.shenawy[at]outlook.com<\/p>\n<\/div>\n<\/div>\n<p><!-- #comment-##  --><\/p>\n<\/li>\n<\/ul>\n<\/li>\n<\/ul>\n<\/li>\n<li class=\"comment odd alt thread-odd thread-alt depth-1\" id=\"li-comment-1288\">\n<div id=\"comment-1288\">\n<div class=\"comment-author vcard\">\n<img alt='' src='http:\/\/1.gravatar.com\/avatar\/98e731edf97b2e2b0c453cbf7d24c648?s=40&#038;d=http%3A%2F%2F1.gravatar.com%2Favatar%2Fad516503a11cd5ca435acc9bb6523536%3Fs%3D40&#038;r=G' class='avatar avatar-40 photo' height='40' width='40' \/><cite class=\"fn\">TaurenTank<\/cite> <span class=\"says\">sagt:<\/span><\/div>\n<p><!-- .comment-author .vcard --><\/p>\n<div class=\"comment-meta commentmetadata\">\n22. Januar 2014 um 00:49<\/div>\n<p><!-- .comment-meta .commentmetadata --><\/p>\n<div class=\"comment-body\">\n<p>Hallo,<\/p>\n<p>ich wollte fragen ob du n\u00e4here informationen zum portieren geben kannst? weil ich habe das stm32f4 plus das baseboard + lcd und touch (<a href=\"http:\/\/www.armkits.com\/product\/DM-STF4BB.asp\" rel=\"nofollow\">http:\/\/www.armkits.com\/product\/DM-STF4BB.asp<\/a>) nur versteh ich absolut nicht wo und wie ich den treiber der grafikcontroller ver\u00e4ndern k\u00f6nnten genauso wie den touch treiber&#8230;<br \/>\nweil du verwendest ja in deinem beispiel ssd1289 und ich ben\u00f6tige den ILI9325&#8230;<br \/>\nw\u00e4re super wenn du eventuell nachschlagewerke\/seiten oder eventuell einen kurzen wink geben k\u00f6nntest in welche richtung ich suchen muss.<\/p>\n<p>jedenfalls wirklich tolle arbeit! verwende sehr viel deiner bibliotheken! vielen dank!<br \/>\nmfg<\/p>\n<\/div>\n<\/div>\n<p><!-- #comment-##  --><\/p>\n<ul class='children'>\n<li class=\"comment even depth-2\" id=\"li-comment-1289\">\n<div id=\"comment-1289\">\n<div class=\"comment-author vcard\">\n<img alt='' src='http:\/\/1.gravatar.com\/avatar\/b894d67379dd0647dd316009f47155d2?s=40&#038;d=http%3A%2F%2F1.gravatar.com%2Favatar%2Fad516503a11cd5ca435acc9bb6523536%3Fs%3D40&#038;r=G' class='avatar avatar-40 photo' height='40' width='40' \/><cite class=\"fn\">Joerg<\/cite> <span class=\"says\">sagt:<\/span><\/div>\n<p><!-- .comment-author .vcard --><\/p>\n<div class=\"comment-meta commentmetadata\">\n22. Januar 2014 um 19:41<\/div>\n<p><!-- .comment-meta .commentmetadata --><\/p>\n<div class=\"comment-body\">\n<p>unter ublib emWin ub findest du die eingebundenen Treiber<\/p>\n<p>die musst du austauschen<\/p>\n<\/div>\n<\/div>\n<p><!-- #comment-##  --><\/p>\n<\/li>\n<\/ul>\n<\/li>\n<li class=\"comment odd alt thread-even depth-1\" id=\"li-comment-1626\">\n<div id=\"comment-1626\">\n<div class=\"comment-author vcard\">\n<img alt='' src='http:\/\/1.gravatar.com\/avatar\/b36d26bd7bf5e20e40a554c75a51dcf9?s=40&#038;d=http%3A%2F%2F1.gravatar.com%2Favatar%2Fad516503a11cd5ca435acc9bb6523536%3Fs%3D40&#038;r=G' class='avatar avatar-40 photo' height='40' width='40' \/><cite class=\"fn\">Benedikt<\/cite> <span class=\"says\">sagt:<\/span><\/div>\n<p><!-- .comment-author .vcard --><\/p>\n<div class=\"comment-meta commentmetadata\">\n3. Mai 2014 um 08:50<\/div>\n<p><!-- .comment-meta .commentmetadata --><\/p>\n<div class=\"comment-body\">\n<p>Hallo,<\/p>\n<p>erst mal Danke f\u00fcr das Super Projekt!<br \/>\nIch habe eine Frage zu den Start Adressen des SDRAM.<br \/>\nIm Linker Script finde ich folgende Zeile:<br \/>\nsdram (rwx) : ORIGIN = 0xD0100000, LENGTH = 0&#215;00400000<br \/>\nim Code dagegen folgende:<br \/>\n#define SDRAM_START_ADR      ((uint32_t)0xD0000000)<\/p>\n<p>Dazu zwei fragen:<\/p>\n<p>1. Woher kommt der Unterschied\/Offset zwischen den beiden Angaben der Startadresse von 0&#215;100000?<br \/>\n2. Wie kommt die Length von 0&#215;00400000 zustande? Das SDRAM des Disco hat 64Mbit und 16Bit Breite, also 64Mbit\/16Bit=0&#215;040000000.<\/p>\n<p>Danke und Gr\u00fc\u00dfe,<br \/>\nBenedikt<\/p>\n<\/div>\n<\/div>\n<p><!-- #comment-##  --><\/p>\n<ul class='children'>\n<li class=\"comment byuser comment-author-admin_ub bypostauthor even depth-2\" id=\"li-comment-1628\">\n<div id=\"comment-1628\">\n<div class=\"comment-author vcard\">\n<img alt='' src='http:\/\/0.gravatar.com\/avatar\/67426419ead44d5afa132e92685bb460?s=40&#038;d=http%3A%2F%2F0.gravatar.com%2Favatar%2Fad516503a11cd5ca435acc9bb6523536%3Fs%3D40&#038;r=G' class='avatar avatar-40 photo' height='40' width='40' \/><cite class=\"fn\">admin_ub<\/cite> <span class=\"says\">sagt:<\/span><\/div>\n<p><!-- .comment-author .vcard --><\/p>\n<div class=\"comment-meta commentmetadata\">\n3. Mai 2014 um 09:52<\/div>\n<p><!-- .comment-meta .commentmetadata --><\/p>\n<div class=\"comment-body\">\n<p>die Adresse &#8220;SDRAM_START_ADR&#8221; benutzen meine Display-Librarys als Bild-Puffer. Hier werden also Daten f\u00fcr das Display gespeichert die nicht \u00fcberschrieben werden d\u00fcrfen. Aus dem Grund beginnt der Speicher den EmWin benutzen darf erst ab 0xD0100000. Und deine Rechnung ist falsch :<br \/>\nDie Gr\u00f6\u00dfe vom RAM ist 64MBit. In Byte sind das 64M\/8 = 8MByte => 0&#215;800000<br \/>\naber wie schon geschrieben gehen davon 0&#215;100000 f\u00fcr die Grafik ab<br \/>\nalso bleiben 0&#215;700000. Um aber nicht den kompletten Speicher f\u00fcr emWin zu opfern (falls jemand noch RAM braucht) habe ich nur 4MByte<br \/>\neingetragen (ich vermute emWin l\u00e4uft auch mit noch weniger) und den Rest k\u00f6nnte man f\u00fcr eigene Zwecke benutzen.<\/p>\n<\/div>\n<\/div>\n<p><!-- #comment-##  --><\/p>\n<\/li>\n<\/ul>\n<\/li>\n<li class=\"comment odd alt thread-odd thread-alt depth-1\" id=\"li-comment-3352\">\n<div id=\"comment-3352\">\n<div class=\"comment-author vcard\">\n<img alt='' src='http:\/\/1.gravatar.com\/avatar\/170518de1e68bd2872029ee64aef60a3?s=40&#038;d=http%3A%2F%2F1.gravatar.com%2Favatar%2Fad516503a11cd5ca435acc9bb6523536%3Fs%3D40&#038;r=G' class='avatar avatar-40 photo' height='40' width='40' \/><cite class=\"fn\">DD4DA<\/cite> <span class=\"says\">sagt:<\/span><\/div>\n<p><!-- .comment-author .vcard --><\/p>\n<div class=\"comment-meta commentmetadata\">\n21. Juni 2015 um 20:13<\/div>\n<p><!-- .comment-meta .commentmetadata --><\/p>\n<div class=\"comment-body\">\n<p>Der Treiber f\u00fcr das SSD1289 ist im OEM-Paket a la STM oder anderen nicht in der Library einkomiliert. Einzig die Header-Files sind vorhanden. Der GUIDRV_FLEXCOLOR_F66702 Treiber l\u00e4sst sich gegen knapp \u20ac1000.- bei Segger kaufen oder man schreibt selber einen Treiber f\u00fcr den SSD1289, wof\u00fcr ich mich entschieden habe. Das Treibergr\u00fcst wird als Quelle geliefert und ist mit wenig Aufwand realisiertbar. Im Netz findet man auch einen Treiber f\u00fcr das SSD1289 von einem polnischen Programmierer der auch sehr gut aussieht und als Quelle und Beispielprojekt downloadbar ist und die Programmierung eines Display-Treibers sehr gut erkl\u00e4rt wird. Damit sollte es kaum noch eine H\u00fcrde geben viele Displays zu unterst\u00fctzen.<br \/>\nDie einkompilierten Treiber sind Runtime konfigurierbar &#8211; man muss also nichts rekompilieren wenn man \u00c4nderungen an den Einstellungen vornehmen will.<br \/>\nWenn man damit leben kann, sollte nichts im Weg stehen.<\/p>\n<\/div>\n<\/div>\n<p><!-- #comment-##  --><\/p>\n<\/li>\n<li class=\"comment even thread-even depth-1\" id=\"li-comment-4391\">\n<div id=\"comment-4391\">\n<div class=\"comment-author vcard\">\n<img alt='' src='http:\/\/1.gravatar.com\/avatar\/d8a0932c9d8de9ebd93f4def49d3aa48?s=40&#038;d=http%3A%2F%2F1.gravatar.com%2Favatar%2Fad516503a11cd5ca435acc9bb6523536%3Fs%3D40&#038;r=G' class='avatar avatar-40 photo' height='40' width='40' \/><cite class=\"fn\">Rodrigo Ribeiro<\/cite> <span class=\"says\">sagt:<\/span><\/div>\n<p><!-- .comment-author .vcard --><\/p>\n<div class=\"comment-meta commentmetadata\">\n26. November 2015 um 01:32<\/div>\n<p><!-- .comment-meta .commentmetadata --><\/p>\n<div class=\"comment-body\">\n<p>Hello, i&#8217;m trying identify the variable or pointer to the file is selected on the TREEVIEW example, but i could not, can you help me ? Thanks.<\/p>\n<\/div>\n<\/div>\n<p><!-- #comment-##  --><\/p>\n<ul class='children'>\n<li class=\"comment byuser comment-author-admin_ub bypostauthor odd alt depth-2\" id=\"li-comment-4403\">\n<div id=\"comment-4403\">\n<div class=\"comment-author vcard\">\n<img alt='' src='http:\/\/0.gravatar.com\/avatar\/67426419ead44d5afa132e92685bb460?s=40&#038;d=http%3A%2F%2F0.gravatar.com%2Favatar%2Fad516503a11cd5ca435acc9bb6523536%3Fs%3D40&#038;r=G' class='avatar avatar-40 photo' height='40' width='40' \/><cite class=\"fn\">admin_ub<\/cite> <span class=\"says\">sagt:<\/span><\/div>\n<p><!-- .comment-author .vcard --><\/p>\n<div class=\"comment-meta commentmetadata\">\n28. November 2015 um 11:46<\/div>\n<p><!-- .comment-meta .commentmetadata --><\/p>\n<div class=\"comment-body\">\n<p>sorry, i am not firm in stemwin.<\/p>\n<\/div>\n<\/div>\n<p><!-- #comment-##  --><\/p>\n<\/li>\n<\/ul>\n<\/li>\n<\/ol>\n","protected":false},"excerpt":{"rendered":"<p>Hier die Demo der STemWin f\u00fcr das STM32F407-Disco Board Es zeigt was mit der GUI alles M\u00f6glich ist. (Das Demo ist f\u00fcr den Landscape-Mode geschrieben aber im Moment funktioniert nur der Portrait-Mode, aus dem Grund sind einige Sachen abgeschnitten.) Zur &hellip; <a href=\"https:\/\/mikrocontroller.bplaced.net\/wordpress\/?page_id=746\">Weiterlesen <span class=\"meta-nav\">&rarr;<\/span><\/a><\/p>\n","protected":false},"author":1,"featured_media":0,"parent":591,"menu_order":8,"comment_status":"open","ping_status":"closed","template":"","meta":{"footnotes":""},"categories":[134,128],"tags":[167,155,221,7,80],"class_list":["post-746","page","type-page","status-publish","hentry","category-show-projekte","category-stm32f4","tag-projekt","tag-sgui","tag-stemwin","tag-stm32f4","tag-stm32f4discovery"],"_links":{"self":[{"href":"https:\/\/mikrocontroller.bplaced.net\/wordpress\/index.php?rest_route=\/wp\/v2\/pages\/746","targetHints":{"allow":["GET"]}}],"collection":[{"href":"https:\/\/mikrocontroller.bplaced.net\/wordpress\/index.php?rest_route=\/wp\/v2\/pages"}],"about":[{"href":"https:\/\/mikrocontroller.bplaced.net\/wordpress\/index.php?rest_route=\/wp\/v2\/types\/page"}],"author":[{"embeddable":true,"href":"https:\/\/mikrocontroller.bplaced.net\/wordpress\/index.php?rest_route=\/wp\/v2\/users\/1"}],"replies":[{"embeddable":true,"href":"https:\/\/mikrocontroller.bplaced.net\/wordpress\/index.php?rest_route=%2Fwp%2Fv2%2Fcomments&post=746"}],"version-history":[{"count":4,"href":"https:\/\/mikrocontroller.bplaced.net\/wordpress\/index.php?rest_route=\/wp\/v2\/pages\/746\/revisions"}],"predecessor-version":[{"id":1777,"href":"https:\/\/mikrocontroller.bplaced.net\/wordpress\/index.php?rest_route=\/wp\/v2\/pages\/746\/revisions\/1777"}],"up":[{"embeddable":true,"href":"https:\/\/mikrocontroller.bplaced.net\/wordpress\/index.php?rest_route=\/wp\/v2\/pages\/591"}],"wp:attachment":[{"href":"https:\/\/mikrocontroller.bplaced.net\/wordpress\/index.php?rest_route=%2Fwp%2Fv2%2Fmedia&parent=746"}],"wp:term":[{"taxonomy":"category","embeddable":true,"href":"https:\/\/mikrocontroller.bplaced.net\/wordpress\/index.php?rest_route=%2Fwp%2Fv2%2Fcategories&post=746"},{"taxonomy":"post_tag","embeddable":true,"href":"https:\/\/mikrocontroller.bplaced.net\/wordpress\/index.php?rest_route=%2Fwp%2Fv2%2Ftags&post=746"}],"curies":[{"name":"wp","href":"https:\/\/api.w.org\/{rel}","templated":true}]}}