{"id":758,"date":"2017-11-27T00:35:15","date_gmt":"2017-11-26T23:35:15","guid":{"rendered":"http:\/\/mikrocontroller.bplaced.net\/wordpress\/?page_id=758"},"modified":"2018-08-14T14:26:42","modified_gmt":"2018-08-14T12:26:42","slug":"12-show-capture-tool-per-pc","status":"publish","type":"page","link":"https:\/\/mikrocontroller.bplaced.net\/wordpress\/?page_id=758","title":{"rendered":"12-Show (Capture-Tool per PC)"},"content":{"rendered":"<p><div id=\"nav-below\" class=\"navigation\"><div class=\"nav-previous\"><a href=\"https:\/\/mikrocontroller.bplaced.net\/wordpress\/?page_id=756\" title=\"11-Show (ZX-Spectrum Emulator per STM32F429)\"><span class=\"meta-nav\">\u2190<\/span> 11-Show (ZX-Spectrum Emulator per STM32F429)<\/a><\/div><\/div><!-- #nav-below --><div id=\"nav-below\" class=\"navigation\"><div class=\"nav-next\"><a href=\"https:\/\/mikrocontroller.bplaced.net\/wordpress\/?page_id=760\" title=\"13-Show (Mini-SPS per STM32F4)\">13-Show (Mini-SPS per STM32F4) <span class=\"meta-nav\">&rarr;<\/span><\/a><\/div><\/div><!-- #nav-below --><\/p>\n<p>Dies ist das gleiche Projekt wie \u201c05-Show Capture-Tool\u201d nur angepasst f\u00fcr das STM32F429-Discovery-Board<\/p>\n<p>F\u00fcr alle Infos \u00fcber die Software bitte hier nachlesen : <a title=\"05-Show (Capture-Tool per PC)\" href=\"http:\/\/mikrocontroller.bplaced.net\/wordpress\/?page_id=739\">LINK<\/a><\/p>\n<p>Hier der komplette CooCox-Projektordner\u00a0zum<strong>\u00a0download<\/strong>\u00a0:<\/p>\n<p><a href=\"wp-content\/uploads\/2014\/02\/Show_12_Capture_Client.zip\">Show_12_Capture_Client<\/a><\/p>\n<p>Hier das PC-Programm \u201cCapture-Tool\u201d zum\u00a0<strong>download<\/strong>\u00a0:<\/p>\n<p><a href=\"wp-content\/uploads\/2013\/10\/Capture_Tool_UB_v101.zip\">Capture_Tool_UB_v101<\/a><\/p>\n","protected":false},"excerpt":{"rendered":"<p>Dies ist das gleiche Projekt wie \u201c05-Show Capture-Tool\u201d nur angepasst f\u00fcr das STM32F429-Discovery-Board F\u00fcr alle Infos \u00fcber die Software bitte hier nachlesen : LINK Hier der komplette CooCox-Projektordner\u00a0zum\u00a0download\u00a0: Show_12_Capture_Client Hier das PC-Programm \u201cCapture-Tool\u201d zum\u00a0download\u00a0: Capture_Tool_UB_v101<\/p>\n","protected":false},"author":1,"featured_media":0,"parent":591,"menu_order":12,"comment_status":"open","ping_status":"closed","template":"","meta":{"footnotes":""},"categories":[134,129],"tags":[266,184,169,141,139,167,102,103,85,95],"class_list":["post-758","page","type-page","status-publish","hentry","category-show-projekte","category-stm32f429","tag-capture","tag-cdc","tag-grafik","tag-graphic","tag-lcd","tag-projekt","tag-stm32f429","tag-stm32f429idiscovery","tag-tools","tag-usb"],"_links":{"self":[{"href":"https:\/\/mikrocontroller.bplaced.net\/wordpress\/index.php?rest_route=\/wp\/v2\/pages\/758","targetHints":{"allow":["GET"]}}],"collection":[{"href":"https:\/\/mikrocontroller.bplaced.net\/wordpress\/index.php?rest_route=\/wp\/v2\/pages"}],"about":[{"href":"https:\/\/mikrocontroller.bplaced.net\/wordpress\/index.php?rest_route=\/wp\/v2\/types\/page"}],"author":[{"embeddable":true,"href":"https:\/\/mikrocontroller.bplaced.net\/wordpress\/index.php?rest_route=\/wp\/v2\/users\/1"}],"replies":[{"embeddable":true,"href":"https:\/\/mikrocontroller.bplaced.net\/wordpress\/index.php?rest_route=%2Fwp%2Fv2%2Fcomments&post=758"}],"version-history":[{"count":3,"href":"https:\/\/mikrocontroller.bplaced.net\/wordpress\/index.php?rest_route=\/wp\/v2\/pages\/758\/revisions"}],"predecessor-version":[{"id":2527,"href":"https:\/\/mikrocontroller.bplaced.net\/wordpress\/index.php?rest_route=\/wp\/v2\/pages\/758\/revisions\/2527"}],"up":[{"embeddable":true,"href":"https:\/\/mikrocontroller.bplaced.net\/wordpress\/index.php?rest_route=\/wp\/v2\/pages\/591"}],"wp:attachment":[{"href":"https:\/\/mikrocontroller.bplaced.net\/wordpress\/index.php?rest_route=%2Fwp%2Fv2%2Fmedia&parent=758"}],"wp:term":[{"taxonomy":"category","embeddable":true,"href":"https:\/\/mikrocontroller.bplaced.net\/wordpress\/index.php?rest_route=%2Fwp%2Fv2%2Fcategories&post=758"},{"taxonomy":"post_tag","embeddable":true,"href":"https:\/\/mikrocontroller.bplaced.net\/wordpress\/index.php?rest_route=%2Fwp%2Fv2%2Ftags&post=758"}],"curies":[{"name":"wp","href":"https:\/\/api.w.org\/{rel}","templated":true}]}}