{"id":158,"date":"2017-11-22T00:47:48","date_gmt":"2017-11-21T23:47:48","guid":{"rendered":"http:\/\/mikrocontroller.bplaced.net\/wordpress\/?page_id=158"},"modified":"2017-12-30T19:18:48","modified_gmt":"2017-12-30T18:18:48","slug":"stm32f429-discovery-pinbelegung","status":"publish","type":"page","link":"https:\/\/mikrocontroller.bplaced.net\/wordpress\/stm32f429\/stm32f429-discovery-pinbelegung\/","title":{"rendered":"STM32F429-Discovery Pinbelegung"},"content":{"rendered":"<p><div id=\"nav-below\" class=\"navigation\"><div class=\"nav-previous\"><a href=\"https:\/\/mikrocontroller.bplaced.net\/wordpress\/stm32f429\/coide-und-stm32f429-2\/\" title=\"CoIDE und STM32F429\"><span class=\"meta-nav\">\u2190<\/span> CoIDE und STM32F429<\/a><\/div><\/div><!-- #nav-below --><div id=\"nav-below\" class=\"navigation\"><div class=\"nav-next\"><a href=\"https:\/\/mikrocontroller.bplaced.net\/wordpress\/stm32f429\/komplette-library-liste-stm32f429\/\" title=\"Komplette-Library-Liste (STM32F429)\">Komplette-Library-Liste (STM32F429) <span class=\"meta-nav\">&rarr;<\/span><\/a><\/div><\/div><!-- #nav-below --><\/p>\n<p>Hier ein Link zu einem HTML-File das in einer Tabelle alle Pins vom Discovery-Modul zeigt und welche Pins welche Funktion haben.<\/p>\n<p><a href=\"http:\/\/mikrocontroller.bplaced.net\/wordpress\/wp-content\/uploads\/2015\/10\/Pinbelegung_f429_v101.html\">Pinbelegung_f429_v101<\/a><\/p>\n<p>Hier das gleiche File als OpenOffice Calc Dokument (im ZIP-Format) :<\/p>\n<p><a href=\"http:\/\/mikrocontroller.bplaced.net\/wordpress\/wp-content\/uploads\/2015\/10\/Pinbelegung_f429_v101.zip\">Pinbelegung_f429_v101<\/a><\/p>\n<hr \/>\n<h3 id=\"comments-title\">5 Antworten auf <em>STM32F429-Discovery Pinbelegung<\/em><\/h3>\n<ol class=\"commentlist\">\n<li id=\"li-comment-1466\" class=\"comment even thread-even depth-1\">\n<div id=\"comment-1466\">\n<div class=\"comment-author vcard\"><img loading=\"lazy\" decoding=\"async\" class=\"avatar avatar-40 photo\" src=\"http:\/\/1.gravatar.com\/avatar\/d87199f76808ebe16f77202c17dcf928?s=40&amp;d=http%3A%2F%2F1.gravatar.com%2Favatar%2Fad516503a11cd5ca435acc9bb6523536%3Fs%3D40&amp;r=G\" alt=\"\" width=\"40\" height=\"40\" \/><cite class=\"fn\">Christoph<\/cite> <span class=\"says\">sagt:<\/span><\/div>\n<p><!-- .comment-author .vcard --><\/p>\n<div class=\"comment-meta commentmetadata\">13. M\u00e4rz 2014 um 01:21<\/div>\n<p><!-- .comment-meta .commentmetadata --><\/p>\n<div class=\"comment-body\">\n<p>Ich hab das Calc dokument mal etwas \u00fcberarbeitet.<br \/>\nAuf der ersten Seite habe ich eine Spalte eingef\u00fcgt welche die Pin-Belegung Z\u00e4hlt und automatisch einf\u00e4rbt. rot belegt \/ gr\u00fcn frei<\/p>\n<p>Weiterhin ist auf der zweiten Seite eine \u00fcbersicht mit den Pin wie sie auf dem Board angeordnet sind und der gleichen Einf\u00e4rbung.<br \/>\nWenn ein User sich nun selber Pins definiert wird dies auch \u00fcbertragen und dargestellt.<\/p>\n<p><a href=\"http:\/\/www.xup.in\/dl,95035310\/Pinbelegung_f429_v100.ods\" rel=\"nofollow\">http:\/\/www.xup.in\/dl,95035310\/Pinbelegung_f429_v100.ods<\/a><\/p>\n<p>Gruss Christoph<\/p>\n<\/div>\n<\/div>\n<p><!-- #comment-## --><\/p>\n<ul class=\"children\">\n<li id=\"li-comment-1566\" class=\"comment odd alt depth-2\">\n<div id=\"comment-1566\">\n<div class=\"comment-author vcard\"><img loading=\"lazy\" decoding=\"async\" class=\"avatar avatar-40 photo\" src=\"http:\/\/1.gravatar.com\/avatar\/19fbe199ab569105e2d76f75bebe284f?s=40&amp;d=http%3A%2F%2F1.gravatar.com%2Favatar%2Fad516503a11cd5ca435acc9bb6523536%3Fs%3D40&amp;r=G\" alt=\"\" width=\"40\" height=\"40\" \/><cite class=\"fn\">Robert<\/cite> <span class=\"says\">sagt:<\/span><\/div>\n<p><!-- .comment-author .vcard --><\/p>\n<div class=\"comment-meta commentmetadata\">17. April 2014 um 13:24<\/div>\n<p><!-- .comment-meta .commentmetadata --><\/p>\n<div class=\"comment-body\">\n<p>Vielen Dank f\u00fcr diese Tabelle! Ich finde sie hilfreich.<\/p>\n<\/div>\n<\/div>\n<p><!-- #comment-## --><\/li>\n<\/ul>\n<\/li>\n<li id=\"li-comment-3214\" class=\"comment even thread-odd thread-alt depth-1\">\n<div id=\"comment-3214\">\n<div class=\"comment-author vcard\"><img loading=\"lazy\" decoding=\"async\" class=\"avatar avatar-40 photo\" src=\"http:\/\/0.gravatar.com\/avatar\/e94f049cdf7d3f3bfcc27913d802250e?s=40&amp;d=http%3A%2F%2F0.gravatar.com%2Favatar%2Fad516503a11cd5ca435acc9bb6523536%3Fs%3D40&amp;r=G\" alt=\"\" width=\"40\" height=\"40\" \/><cite class=\"fn\">Lars<\/cite> <span class=\"says\">sagt:<\/span><\/div>\n<p><!-- .comment-author .vcard --><\/p>\n<div class=\"comment-meta commentmetadata\">4. Mai 2015 um 17:24<\/div>\n<p><!-- .comment-meta .commentmetadata --><\/p>\n<div class=\"comment-body\">\n<p>Kann es sein das PA7 mit ACP_RST belegt ist? Oder kann man den entsprechenden ADC an PA7 trotzdem benutzen?<\/p>\n<p>Habe die Infos aus <a href=\"http:\/\/www.st.com\/st-web-ui\/static\/active\/en\/resource\/technical\/document\/user_manual\/DM00093903.pdf\" rel=\"nofollow\">http:\/\/www.st.com\/st-web-ui\/static\/active\/en\/resource\/technical\/document\/user_manual\/DM00093903.pdf<\/a><\/p>\n<\/div>\n<\/div>\n<p><!-- #comment-## --><\/p>\n<ul class=\"children\">\n<li id=\"li-comment-3215\" class=\"comment byuser comment-author-admin_ub bypostauthor odd alt depth-2\">\n<div id=\"comment-3215\">\n<div class=\"comment-author vcard\"><img loading=\"lazy\" decoding=\"async\" class=\"avatar avatar-40 photo\" src=\"http:\/\/0.gravatar.com\/avatar\/67426419ead44d5afa132e92685bb460?s=40&amp;d=http%3A%2F%2F0.gravatar.com%2Favatar%2Fad516503a11cd5ca435acc9bb6523536%3Fs%3D40&amp;r=G\" alt=\"\" width=\"40\" height=\"40\" \/><cite class=\"fn\">admin_ub<\/cite> <span class=\"says\">sagt:<\/span><\/div>\n<p><!-- .comment-author .vcard --><\/p>\n<div class=\"comment-meta commentmetadata\">4. Mai 2015 um 18:14<\/div>\n<p><!-- .comment-meta .commentmetadata --><\/p>\n<div class=\"comment-body\">\n<p>bin mir nicht sicher was ACP\/RF sein soll aber der Pin PA7 geht auf der Platine nur auf den Stecker CN3. Wenn du da nichts angeschlossen hast, dann ist dieser Pin frei.<\/p>\n<\/div>\n<\/div>\n<p><!-- #comment-## --><\/p>\n<ul class=\"children\">\n<li id=\"li-comment-3232\" class=\"comment even depth-3\">\n<div id=\"comment-3232\">\n<div class=\"comment-author vcard\"><img loading=\"lazy\" decoding=\"async\" class=\"avatar avatar-40 photo\" src=\"http:\/\/0.gravatar.com\/avatar\/e94f049cdf7d3f3bfcc27913d802250e?s=40&amp;d=http%3A%2F%2F0.gravatar.com%2Favatar%2Fad516503a11cd5ca435acc9bb6523536%3Fs%3D40&amp;r=G\" alt=\"\" width=\"40\" height=\"40\" \/><cite class=\"fn\">Lars<\/cite> <span class=\"says\">sagt:<\/span><\/div>\n<p><!-- .comment-author .vcard --><\/p>\n<div class=\"comment-meta commentmetadata\">8. Mai 2015 um 15:31<\/div>\n<p><!-- .comment-meta .commentmetadata --><\/p>\n<div class=\"comment-body\">\n<p>Ja, kann best\u00e4tigen das es funktioniert und wenn man die Br\u00fccke vor dem User-Button ausl\u00f6tet hat man noch einen ADC mehr!<\/p>\n<\/div>\n<\/div>\n<p><!-- #comment-## --><\/li>\n<\/ul>\n<\/li>\n<\/ul>\n<\/li>\n<\/ol>\n","protected":false},"excerpt":{"rendered":"<p>Hier ein Link zu einem HTML-File das in einer Tabelle alle Pins vom Discovery-Modul zeigt und welche Pins welche Funktion haben. Pinbelegung_f429_v101 Hier das gleiche File als OpenOffice Calc Dokument (im ZIP-Format) : Pinbelegung_f429_v101 5 Antworten auf STM32F429-Discovery Pinbelegung Christoph &hellip; <a href=\"https:\/\/mikrocontroller.bplaced.net\/wordpress\/stm32f429\/stm32f429-discovery-pinbelegung\/\">Weiterlesen <span class=\"meta-nav\">&rarr;<\/span><\/a><\/p>\n","protected":false},"author":1,"featured_media":0,"parent":66,"menu_order":3,"comment_status":"open","ping_status":"closed","template":"","meta":{"footnotes":""},"categories":[129],"tags":[102,103],"class_list":["post-158","page","type-page","status-publish","hentry","category-stm32f429","tag-stm32f429","tag-stm32f429idiscovery"],"_links":{"self":[{"href":"https:\/\/mikrocontroller.bplaced.net\/wordpress\/wp-json\/wp\/v2\/pages\/158","targetHints":{"allow":["GET"]}}],"collection":[{"href":"https:\/\/mikrocontroller.bplaced.net\/wordpress\/wp-json\/wp\/v2\/pages"}],"about":[{"href":"https:\/\/mikrocontroller.bplaced.net\/wordpress\/wp-json\/wp\/v2\/types\/page"}],"author":[{"embeddable":true,"href":"https:\/\/mikrocontroller.bplaced.net\/wordpress\/wp-json\/wp\/v2\/users\/1"}],"replies":[{"embeddable":true,"href":"https:\/\/mikrocontroller.bplaced.net\/wordpress\/wp-json\/wp\/v2\/comments?post=158"}],"version-history":[{"count":3,"href":"https:\/\/mikrocontroller.bplaced.net\/wordpress\/wp-json\/wp\/v2\/pages\/158\/revisions"}],"predecessor-version":[{"id":1313,"href":"https:\/\/mikrocontroller.bplaced.net\/wordpress\/wp-json\/wp\/v2\/pages\/158\/revisions\/1313"}],"up":[{"embeddable":true,"href":"https:\/\/mikrocontroller.bplaced.net\/wordpress\/wp-json\/wp\/v2\/pages\/66"}],"wp:attachment":[{"href":"https:\/\/mikrocontroller.bplaced.net\/wordpress\/wp-json\/wp\/v2\/media?parent=158"}],"wp:term":[{"taxonomy":"category","embeddable":true,"href":"https:\/\/mikrocontroller.bplaced.net\/wordpress\/wp-json\/wp\/v2\/categories?post=158"},{"taxonomy":"post_tag","embeddable":true,"href":"https:\/\/mikrocontroller.bplaced.net\/wordpress\/wp-json\/wp\/v2\/tags?post=158"}],"curies":[{"name":"wp","href":"https:\/\/api.w.org\/{rel}","templated":true}]}}