{"id":167,"date":"2017-11-22T00:51:46","date_gmt":"2017-11-21T23:51:46","guid":{"rendered":"http:\/\/mikrocontroller.bplaced.net\/wordpress\/?page_id=167"},"modified":"2018-04-04T09:56:45","modified_gmt":"2018-04-04T07:56:45","slug":"stm32f746-discovery-board","status":"publish","type":"page","link":"https:\/\/mikrocontroller.bplaced.net\/wordpress\/stm32f746\/stm32f746-discovery-board\/","title":{"rendered":"STM32F746-Discovery-Board"},"content":{"rendered":"<p><div id=\"nav-below\" class=\"navigation\"><div class=\"nav-previous\"><a href=\"https:\/\/mikrocontroller.bplaced.net\/wordpress\/stm32f746\/\" title=\"STM32F746\"><span class=\"meta-nav\">\u2190<\/span> STM32F746<\/a><\/div><\/div><!-- #nav-below --><div id=\"nav-below\" class=\"navigation\"><div class=\"nav-next\"><a href=\"https:\/\/mikrocontroller.bplaced.net\/wordpress\/stm32f746\/stm32f746-discovery-pinbelegung\/\" title=\"STM32F746-Discovery Pinbelegung\">STM32F746-Discovery Pinbelegung <span class=\"meta-nav\">&rarr;<\/span><\/a><\/div><\/div><!-- #nav-below --><\/p>\n<p><strong>STM32F746-Discovery :<\/strong><\/p>\n<p><a href=\"http:\/\/mikrocontroller.bplaced.net\/wordpress\/wp-content\/uploads\/2015\/07\/f746_disco_front.jpg\"><img loading=\"lazy\" decoding=\"async\" class=\"alignnone size-medium wp-image-5267\" src=\"http:\/\/mikrocontroller.bplaced.net\/wordpress\/wp-content\/uploads\/2015\/07\/f746_disco_front-300x201.jpg\" alt=\"f746_disco_front\" width=\"300\" height=\"201\" \/><\/a><\/p>\n<p><a href=\"http:\/\/mikrocontroller.bplaced.net\/wordpress\/wp-content\/uploads\/2015\/07\/f746_disco_back.jpg\"><img loading=\"lazy\" decoding=\"async\" class=\"alignnone size-medium wp-image-5268\" src=\"http:\/\/mikrocontroller.bplaced.net\/wordpress\/wp-content\/uploads\/2015\/07\/f746_disco_back-300x202.jpg\" alt=\"f746_disco_back\" width=\"300\" height=\"202\" \/><\/a><\/p>\n<p><strong>Das STM32F746-Discovery-Board :<\/strong><\/p>\n<p><span style=\"text-decoration: underline;\">Eingabem\u00f6glichkeiten :<\/span><br \/>\n1x Taster<br \/>\n1x Touch (Multi-Touch)<\/p>\n<p><span style=\"text-decoration: underline;\">Ausgabem\u00f6glichkeiten :<\/span><br \/>\n1x LED (gr\u00fcn)<br \/>\n1x Grafik-LCD 4,3 Zoll (480 x 272 Pixel)<\/p>\n<p><span style=\"text-decoration: underline;\">Mikroprozessor :<\/span><br \/>\nSTM32F746NGH6<\/p>\n<p><span style=\"text-decoration: underline;\">Sonstiges :<\/span><br \/>\n-Programmier und JTAG-Debug Schnittstelle per USB (ST-Link\/V2-1)<br \/>\n-Micro-USB-Anschlu\u00df f\u00fcr USB-OTG-FS<br \/>\n-Micro-USB-Anschlu\u00df f\u00fcr USB-OTG-HS<br \/>\n-externes SD-RAM (128MBit -&gt; 8MByte nutzbar)<br \/>\n-externes SPI-Flash (128Mbit = 16MByte)<br \/>\n-zwei Mikrophone<br \/>\n-LineIn\/LineOut<br \/>\n-SDKarten-Slot<br \/>\n-Ethernet Anschlu\u00df<br \/>\n-Arduino Uno V3 Anschl\u00fcsse<\/p>\n<p><strong>Die STM32F7 CPU :<\/strong><\/p>\n<p>-32Bit ARM7 Architektur<br \/>\n-1MB Flash<br \/>\n-340kByte RAM<br \/>\n-interner Systemclock per PLL bis max. 216 MHz<br \/>\n-Hardware FloatingPoint-Unit zuschaltbar<br \/>\n-11 GPIO-Ports (A-K) davon 10 mit 16bit und eine mit 8Bit breite<br \/>\n-External-Memory-Controller (FMC)<br \/>\n-LCD-Controller (mit extra Grafik-Beschleuniger)<br \/>\n-EthernetMac<br \/>\n-USB (OTG)<br \/>\n-zwei DMAs<br \/>\n-3 ADC<br \/>\n-2 DACs<br \/>\n-14 Timer<br \/>\n-8 UARTs<br \/>\n-2 CAN<br \/>\n-1 Quad SPI<br \/>\n-6 SPI<br \/>\n-4 I2C<br \/>\nuvm.<\/p>\n<p><strong>STM32F7 Discovery Board mit ST-Link Utility flashen :<\/strong><\/p>\n<p>Lest bitte <a href=\"http:\/\/mikrocontroller.bplaced.net\/wordpress\/?p=2356\">diesen Beitrag<\/a>, wenn ihr wissen wollt, wie ihr das Original Demo auf das Board flashen k\u00f6nnt.<\/p>\n<p><strong>Link zum Hersteller :<\/strong><\/p>\n<p>&#8211; <a href=\"http:\/\/www.st.com\/en\/evaluation-tools\/32f746gdiscovery.html\" target=\"_blank\" rel=\"noopener\">Discovery kit with STM32F746NG MCU<\/a><\/p>\n<hr \/>\n<h3 id=\"comments-title\">4 Antworten auf <em>STM32F746-Discovery-Board<\/em><\/h3>\n<ol class=\"commentlist\">\n<li id=\"li-comment-4087\" class=\"comment even thread-even depth-1\">\n<div id=\"comment-4087\">\n<div class=\"comment-author vcard\"><img loading=\"lazy\" decoding=\"async\" class=\"avatar avatar-40 photo\" src=\"http:\/\/0.gravatar.com\/avatar\/040a8fe7a45ad89bc926d8555843dbaa?s=40&amp;d=http%3A%2F%2F0.gravatar.com%2Favatar%2Fad516503a11cd5ca435acc9bb6523536%3Fs%3D40&amp;r=G\" alt=\"\" width=\"40\" height=\"40\" \/><cite class=\"fn\">Andrii<\/cite> <span class=\"says\">sagt:<\/span><\/div>\n<p><!-- .comment-author .vcard --><\/p>\n<div class=\"comment-meta commentmetadata\">22. August 2015 um 19:44<\/div>\n<p><!-- .comment-meta .commentmetadata --><\/p>\n<div class=\"comment-body\">\n<p>Hi! Where can I get the firmware for STM32F746-Discovery? Where can I get information about firmware features use, like videoplayer (video format), VNC server, etc.? Thanks.<\/p>\n<\/div>\n<\/div>\n<p><!-- #comment-## --><\/p>\n<ul class=\"children\">\n<li id=\"li-comment-4089\" class=\"comment byuser comment-author-admin_ub bypostauthor odd alt depth-2\">\n<div id=\"comment-4089\">\n<div class=\"comment-author vcard\"><img loading=\"lazy\" decoding=\"async\" class=\"avatar avatar-40 photo\" src=\"http:\/\/0.gravatar.com\/avatar\/67426419ead44d5afa132e92685bb460?s=40&amp;d=http%3A%2F%2F0.gravatar.com%2Favatar%2Fad516503a11cd5ca435acc9bb6523536%3Fs%3D40&amp;r=G\" alt=\"\" width=\"40\" height=\"40\" \/><cite class=\"fn\">admin_ub<\/cite> <span class=\"says\">sagt:<\/span><\/div>\n<p><!-- .comment-author .vcard --><\/p>\n<div class=\"comment-meta commentmetadata\">23. August 2015 um 09:48<\/div>\n<p><!-- .comment-meta .commentmetadata --><\/p>\n<div class=\"comment-body\">\n<p>from ST : <a href=\"http:\/\/www.st.com\/web\/catalog\/tools\/FM116\/SC959\/SS1532\/LN1848\/PF261641?s_searchtype=partnumber\" rel=\"nofollow\">http:\/\/www.st.com\/web\/catalog\/tools\/FM116\/SC959\/SS1532\/LN1848\/PF261641?s_searchtype=partnumber<\/a><br \/>\nfrom me : <a href=\"http:\/\/mikrocontroller.bplaced.net\/wordpress\/?page_id=182\">Komplette-Library-Liste (STM32F746)<\/a><\/p>\n<\/div>\n<\/div>\n<p><!-- #comment-## --><\/li>\n<\/ul>\n<\/li>\n<li id=\"li-comment-4137\" class=\"comment even thread-odd thread-alt depth-1\">\n<div id=\"comment-4137\">\n<div class=\"comment-author vcard\"><img loading=\"lazy\" decoding=\"async\" class=\"avatar avatar-40 photo\" src=\"http:\/\/1.gravatar.com\/avatar\/5383f0e79efdf859ea090a082bb02f76?s=40&amp;d=http%3A%2F%2F1.gravatar.com%2Favatar%2Fad516503a11cd5ca435acc9bb6523536%3Fs%3D40&amp;r=G\" alt=\"\" width=\"40\" height=\"40\" \/><cite class=\"fn\"><a class=\"url\" href=\"http:\/\/manib.bplaced.net\/blog\/\" rel=\"external nofollow\">ManiB<\/a><\/cite> <span class=\"says\">sagt:<\/span><\/div>\n<p><!-- .comment-author .vcard --><\/p>\n<div class=\"comment-meta commentmetadata\">14. September 2015 um 15:03<\/div>\n<p><!-- .comment-meta .commentmetadata --><\/p>\n<div class=\"comment-body\">\n<p>Hi Uwe,<br \/>\nbei den Beschreibungen der Features des STM32F746-Discovery-Boards ist unter Anderem ein \u201c<b>SAI audio codec<\/b>\u201d aufgelistet.<\/p>\n<p>Heisst das, dass die Soundf\u00e4higkeiten des Boards <b>HiFi Qaulit\u00e4t<\/b> haben \u2013 bzw. k\u00f6nnte man mit dem Board eine Audio Anlage aufbauen?<br \/>\nLG,<br \/>\nManiB<\/p>\n<\/div>\n<\/div>\n<p><!-- #comment-## --><\/p>\n<ul class=\"children\">\n<li id=\"li-comment-4139\" class=\"comment byuser comment-author-admin_ub bypostauthor odd alt depth-2\">\n<div id=\"comment-4139\">\n<div class=\"comment-author vcard\"><img loading=\"lazy\" decoding=\"async\" class=\"avatar avatar-40 photo\" src=\"http:\/\/0.gravatar.com\/avatar\/67426419ead44d5afa132e92685bb460?s=40&amp;d=http%3A%2F%2F0.gravatar.com%2Favatar%2Fad516503a11cd5ca435acc9bb6523536%3Fs%3D40&amp;r=G\" alt=\"\" width=\"40\" height=\"40\" \/><cite class=\"fn\">admin_ub<\/cite> <span class=\"says\">sagt:<\/span><\/div>\n<p><!-- .comment-author .vcard --><\/p>\n<div class=\"comment-meta commentmetadata\">14. September 2015 um 16:17<\/div>\n<p><!-- .comment-meta .commentmetadata --><\/p>\n<div class=\"comment-body\">\n<p>Beim Demo von ST kann man Sound-Files abspielen<br \/>\nund ein 5Band Equalizer ist auch dabei.<br \/>\nProbier das doch einfach mal an einer Anlage aus wie es klingt.<br \/>\nP.S. hast du das MMBasic schon ausprobiert<br \/>\n(da fehlen noch Grafik-Demos <img decoding=\"async\" class=\"wp-smiley\" src=\"wp-includes\/images\/smilies\/icon_smile.gif\" alt=\":-)\" \/><\/p>\n<\/div>\n<\/div>\n<p><!-- #comment-## --><\/li>\n<\/ul>\n<\/li>\n<\/ol>\n","protected":false},"excerpt":{"rendered":"<p>STM32F746-Discovery : Das STM32F746-Discovery-Board : Eingabem\u00f6glichkeiten : 1x Taster 1x Touch (Multi-Touch) Ausgabem\u00f6glichkeiten : 1x LED (gr\u00fcn) 1x Grafik-LCD 4,3 Zoll (480 x 272 Pixel) Mikroprozessor : STM32F746NGH6 Sonstiges : -Programmier und JTAG-Debug Schnittstelle per USB (ST-Link\/V2-1) -Micro-USB-Anschlu\u00df f\u00fcr USB-OTG-FS &hellip; <a href=\"https:\/\/mikrocontroller.bplaced.net\/wordpress\/stm32f746\/stm32f746-discovery-board\/\">Weiterlesen <span class=\"meta-nav\">&rarr;<\/span><\/a><\/p>\n","protected":false},"author":1,"featured_media":0,"parent":69,"menu_order":1,"comment_status":"open","ping_status":"closed","template":"","meta":{"footnotes":""},"categories":[130],"tags":[105,106],"class_list":["post-167","page","type-page","status-publish","hentry","category-stm32f746","tag-stm32f746","tag-stm32f746gdiscovery"],"_links":{"self":[{"href":"https:\/\/mikrocontroller.bplaced.net\/wordpress\/wp-json\/wp\/v2\/pages\/167","targetHints":{"allow":["GET"]}}],"collection":[{"href":"https:\/\/mikrocontroller.bplaced.net\/wordpress\/wp-json\/wp\/v2\/pages"}],"about":[{"href":"https:\/\/mikrocontroller.bplaced.net\/wordpress\/wp-json\/wp\/v2\/types\/page"}],"author":[{"embeddable":true,"href":"https:\/\/mikrocontroller.bplaced.net\/wordpress\/wp-json\/wp\/v2\/users\/1"}],"replies":[{"embeddable":true,"href":"https:\/\/mikrocontroller.bplaced.net\/wordpress\/wp-json\/wp\/v2\/comments?post=167"}],"version-history":[{"count":7,"href":"https:\/\/mikrocontroller.bplaced.net\/wordpress\/wp-json\/wp\/v2\/pages\/167\/revisions"}],"predecessor-version":[{"id":2377,"href":"https:\/\/mikrocontroller.bplaced.net\/wordpress\/wp-json\/wp\/v2\/pages\/167\/revisions\/2377"}],"up":[{"embeddable":true,"href":"https:\/\/mikrocontroller.bplaced.net\/wordpress\/wp-json\/wp\/v2\/pages\/69"}],"wp:attachment":[{"href":"https:\/\/mikrocontroller.bplaced.net\/wordpress\/wp-json\/wp\/v2\/media?parent=167"}],"wp:term":[{"taxonomy":"category","embeddable":true,"href":"https:\/\/mikrocontroller.bplaced.net\/wordpress\/wp-json\/wp\/v2\/categories?post=167"},{"taxonomy":"post_tag","embeddable":true,"href":"https:\/\/mikrocontroller.bplaced.net\/wordpress\/wp-json\/wp\/v2\/tags?post=167"}],"curies":[{"name":"wp","href":"https:\/\/api.w.org\/{rel}","templated":true}]}}