{"id":266,"date":"2017-11-23T01:36:52","date_gmt":"2017-11-23T00:36:52","guid":{"rendered":"http:\/\/mikrocontroller.bplaced.net\/wordpress\/?page_id=266"},"modified":"2017-12-30T19:27:54","modified_gmt":"2017-12-30T18:27:54","slug":"hinweise-und-tools-zum-erstellen-der-seiten","status":"publish","type":"page","link":"https:\/\/mikrocontroller.bplaced.net\/wordpress\/ueber-mich\/hinweise-und-tools-zum-erstellen-der-seiten\/","title":{"rendered":"Hinweise und Tools zum Erstellen der Seiten"},"content":{"rendered":"<p><div id=\"nav-below\" class=\"navigation\"><div class=\"nav-previous\"><a href=\"https:\/\/mikrocontroller.bplaced.net\/wordpress\/ueber-mich\/todo-liste\/\" title=\"ToDo Liste\"><span class=\"meta-nav\">\u2190<\/span> ToDo Liste<\/a><\/div><\/div><!-- #nav-below --><div id=\"nav-below\" class=\"navigation\"><div class=\"nav-next\"><a href=\"https:\/\/mikrocontroller.bplaced.net\/wordpress\/ueber-mich\/login\/\" title=\"Admin Bereich\">Admin Bereich <span class=\"meta-nav\">&rarr;<\/span><\/a><\/div><\/div><!-- #nav-below --><br \/>\nHallo liebe Redakteure\u00a0 und Autoren,<\/p>\n<p>ich habe lange nach einem geeigneten Tool gesucht, um die alten Seiten, welche z.B bei\u00a0\u00a0<a href=\"http:\/\/web.archive.org\/web\/20160701162808\/http:\/\/mikrocontroller.bplaced.net\/wordpress\/\" target=\"_blank\" rel=\"noopener\">web.archive.org<\/a>\u00a0archiviert sind, hier im Blog wieder einzuf\u00fcgen.<\/p>\n<p>Leider konnte ich nichts passendes finden, und ein einfaches Copy&amp;Paste h\u00e4tte viel Nacharbeit der Links und Code-Segmente nach sich gezogen.<\/p>\n<p>Deshalb habe ich selbst ein kleines Tool in C# mit Visual Studio 2008 programmiert, welches diese l\u00e4stigen Nacharbeiten automatisch erledigt.<\/p>\n<h2><strong>MBWordPressCopyAndPasteTool (Version 0.2)<\/strong><\/h2>\n<p>Hier der Download-Link zur gezippten Exe-Datei:<\/p>\n<ul>\n<li><a href=\"http:\/\/mikrocontroller.bplaced.net\/wordpress\/wp-content\/uploads\/2017\/11\/MBWordPressCopyAndPasteTool.zip\">MBWordPressCopyAndPasteTool.zip<\/a><\/li>\n<\/ul>\n<p>Hier der Download-Link zum C# Sourcecode:<\/p>\n<ul>\n<li><a href=\"http:\/\/mikrocontroller.bplaced.net\/wordpress\/wp-content\/uploads\/2017\/11\/MBWordPressCopyAndPasteTool.Source.zip\">MBWordPressCopyAndPasteTool.Source.zip<\/a><\/li>\n<\/ul>\n<h3><strong>Verwendung<\/strong><\/h3>\n<ol>\n<li>Startet das Tool, und wartet kurz, bis der Seitenaufbau der Quellseite vollst\u00e4ndig geladen ist.<\/li>\n<li>Oben links ist die URL der Quellseite eingetragen. Ihr k\u00f6nnt hier auch andere WordPress-Seiten eingeben, wobei Ihr aber die Eingabe mit ENTER Taste abschlie\u00dfen m\u00fcsst.<\/li>\n<li>\u00dcber die vier Buttons oben rechts k\u00f6nnt Ihr direkt die URL der Default-Quellseiten aufrufen.<\/li>\n<li>Im rechten Fenster wird nach der Eingabe einer URL\u00a0 die Webseite angezeigt, in der auch \u00fcber deren Hyper-Links navigiert werden kann.<\/li>\n<li>Im linken Fenster wird der gesamte HTML content der Seite angezeigt. Das ist der selbe Inhalt, den euer Web-Browser zeigt, wenn Ihr die Aktion &#8222;Seitenquelltext anzeigen&#8220; ausw\u00e4hlt. F\u00fcr unsere WordPress Seitenerstellung ist dieser HTML content viel zu \u00fcberladen.<\/li>\n<li>Deshalb gibt es den Button &#8222;<strong>entry-content<\/strong>&#8222;, den Ihr dr\u00fccken m\u00fcsst, um den relevanten Seiteninhalt zu extrahieren. Der entry-content ist ein kleiner Ausschnitt der HTML Seite. Alle Links werden automatisch korrigiert, und alle Code-Abschnitte &lt;pre&gt;&lt;code&gt; &#8230;\u00a0&lt;\/code&gt;&lt;\/pre&gt; werden ebenfalls automatisch umgebaut, damit das syntax highlighting von\u00a0\u00a0<a href=\"https:\/\/de.wordpress.org\/plugins\/wp-syntax\/\" target=\"_blank\" rel=\"noopener\"><strong>WP-Syntax<\/strong><\/a>\u00a0funktioniert.<\/li>\n<li>Klickt mit der Maus in das linke Fenster, dr\u00fcckt danach <strong>STRG+A<\/strong> um den gesamten Text zu markieren, und dann <strong>STRG+C<\/strong> un den gesamten Text in die Windows Zwischenablage zu kopieren.<\/li>\n<li>Im WordPress Seiteneditor, k\u00f6nnt Ihr dann einfach mit <strong>STRG+V<\/strong> den Inhalt der\u00a0Windows Zwischenablage in den Textbereich einf\u00fcgen.<\/li>\n<li>Das war&#8217;s schon. \u00dcber die Vorschau k\u00f6nnt Ihr die neu erstellte Seite begutachten.<\/li>\n<\/ol>\n<p>Viel Spass mit dem Tool;)<\/p>\n","protected":false},"excerpt":{"rendered":"<p>Hallo liebe Redakteure\u00a0 und Autoren, ich habe lange nach einem geeigneten Tool gesucht, um die alten Seiten, welche z.B bei\u00a0\u00a0web.archive.org\u00a0archiviert sind, hier im Blog wieder einzuf\u00fcgen. Leider konnte ich nichts passendes finden, und ein einfaches Copy&amp;Paste h\u00e4tte viel Nacharbeit der &hellip; <a href=\"https:\/\/mikrocontroller.bplaced.net\/wordpress\/ueber-mich\/hinweise-und-tools-zum-erstellen-der-seiten\/\">Weiterlesen <span class=\"meta-nav\">&rarr;<\/span><\/a><\/p>\n","protected":false},"author":1,"featured_media":0,"parent":8,"menu_order":2,"comment_status":"open","ping_status":"closed","template":"","meta":{"footnotes":""},"categories":[135],"tags":[85,4],"class_list":["post-266","page","type-page","status-publish","hentry","category-wordpress","tag-tools","tag-wordpress"],"_links":{"self":[{"href":"https:\/\/mikrocontroller.bplaced.net\/wordpress\/wp-json\/wp\/v2\/pages\/266","targetHints":{"allow":["GET"]}}],"collection":[{"href":"https:\/\/mikrocontroller.bplaced.net\/wordpress\/wp-json\/wp\/v2\/pages"}],"about":[{"href":"https:\/\/mikrocontroller.bplaced.net\/wordpress\/wp-json\/wp\/v2\/types\/page"}],"author":[{"embeddable":true,"href":"https:\/\/mikrocontroller.bplaced.net\/wordpress\/wp-json\/wp\/v2\/users\/1"}],"replies":[{"embeddable":true,"href":"https:\/\/mikrocontroller.bplaced.net\/wordpress\/wp-json\/wp\/v2\/comments?post=266"}],"version-history":[{"count":7,"href":"https:\/\/mikrocontroller.bplaced.net\/wordpress\/wp-json\/wp\/v2\/pages\/266\/revisions"}],"predecessor-version":[{"id":841,"href":"https:\/\/mikrocontroller.bplaced.net\/wordpress\/wp-json\/wp\/v2\/pages\/266\/revisions\/841"}],"up":[{"embeddable":true,"href":"https:\/\/mikrocontroller.bplaced.net\/wordpress\/wp-json\/wp\/v2\/pages\/8"}],"wp:attachment":[{"href":"https:\/\/mikrocontroller.bplaced.net\/wordpress\/wp-json\/wp\/v2\/media?parent=266"}],"wp:term":[{"taxonomy":"category","embeddable":true,"href":"https:\/\/mikrocontroller.bplaced.net\/wordpress\/wp-json\/wp\/v2\/categories?post=266"},{"taxonomy":"post_tag","embeddable":true,"href":"https:\/\/mikrocontroller.bplaced.net\/wordpress\/wp-json\/wp\/v2\/tags?post=266"}],"curies":[{"name":"wp","href":"https:\/\/api.w.org\/{rel}","templated":true}]}}