{"id":285,"date":"2017-11-23T20:04:14","date_gmt":"2017-11-23T19:04:14","guid":{"rendered":"http:\/\/mikrocontroller.bplaced.net\/wordpress\/?page_id=285"},"modified":"2017-12-30T19:28:37","modified_gmt":"2017-12-30T18:28:37","slug":"03-digout-library-stm32f429","status":"publish","type":"page","link":"https:\/\/mikrocontroller.bplaced.net\/wordpress\/stm32f429\/komplette-library-liste-stm32f429\/03-digout-library-stm32f429\/","title":{"rendered":"03-DigOut-Library (STM32F429)"},"content":{"rendered":"<p><div id=\"nav-below\" class=\"navigation\"><div class=\"nav-previous\"><a href=\"https:\/\/mikrocontroller.bplaced.net\/wordpress\/stm32f429\/komplette-library-liste-stm32f429\/02-button-library-stm32f429\/\" title=\"02-Button-Library (STM32F429)\"><span class=\"meta-nav\">\u2190<\/span> 02-Button-Library (STM32F429)<\/a><\/div><\/div><!-- #nav-below --><div id=\"nav-below\" class=\"navigation\"><div class=\"nav-next\"><a href=\"https:\/\/mikrocontroller.bplaced.net\/wordpress\/stm32f429\/komplette-library-liste-stm32f429\/04-digin-library-stm32f429\/\" title=\"04-DigIn-Library (STM32F429)\">04-DigIn-Library (STM32F429) <span class=\"meta-nav\">&rarr;<\/span><\/a><\/div><\/div><!-- #nav-below --><\/p>\n<p>diese Library dient zum steuern von Digital Ausgangspins der CPU<\/p>\n<p>die Pins die benutzt werden sollen, m\u00fcssen im H-File deklariert und im C-File den entsprechenden Port-Pins zugeordnet werden.<\/p>\n<p>f\u00fcr jeden Pin kann auch der Pegel beim initialisieren festgelegt werden<br \/>\n(Lo oder Hi)<\/p>\n<p>im Beispiel wurden 4 Pins als Digital-Out definiert<\/p>\n<pre lang=\"c\" line=\"1\">PE2, PE3, PE4, PE5<\/pre>\n<p>die Library ist zu 100% kompatibel mit der vom STM32F407 aus dem Grund bitte die Details wie die Library benutzt wird dort nachlesen : <a title=\"03-DigOut-Library (STM32F4)\" href=\"index8121.html?page_id=462\">LINK<\/a><\/p>\n<p>Hier die Library zum\u00a0<strong>Download :<\/strong><\/p>\n<p><a href=\"wp-content\/uploads\/2013\/10\/gpio_out_f429_v100.zip\">gpio_out_f429_v100<\/a><\/p>\n<p>Hier der komplette CooCox-Projektordner zum\u00a0<strong>Download :<\/strong><\/p>\n<p><a href=\"wp-content\/uploads\/2013\/10\/Demo_F429_03.zip\">Demo_F429_03<\/a><\/p>\n<hr \/>\n<h3 id=\"comments-title\">2 Antworten auf <em>03-DigOut-Library (STM32F429)<\/em><\/h3>\n<ol class=\"commentlist\">\n<li id=\"li-comment-972\" class=\"comment even thread-even depth-1\">\n<div id=\"comment-972\">\n<div class=\"comment-author vcard\"><img loading=\"lazy\" decoding=\"async\" class=\"avatar avatar-40 photo\" src=\"http:\/\/1.gravatar.com\/avatar\/932122e5470fb97562cf364d4c24a020?s=40&amp;d=http%3A%2F%2F1.gravatar.com%2Favatar%2Fad516503a11cd5ca435acc9bb6523536%3Fs%3D40&amp;r=G\" alt=\"\" width=\"40\" height=\"40\" \/><cite class=\"fn\">whitecrane18<\/cite> <span class=\"says\">sagt:<\/span><\/div>\n<p><!-- .comment-author .vcard --><\/p>\n<div class=\"comment-meta commentmetadata\">6. November 2013 um 21:16<\/div>\n<p><!-- .comment-meta .commentmetadata --><\/p>\n<div class=\"comment-body\">\n<p>Das bedeutet, dass ich theoretisch eine LED an dieses Pin anschlie\u00dfen k\u00f6nnte, um diese zum leuchten zu bringen?<\/p>\n<\/div>\n<\/div>\n<p><!-- #comment-## --><\/p>\n<ul class=\"children\">\n<li id=\"li-comment-978\" class=\"comment byuser comment-author-admin_ub bypostauthor odd alt depth-2\">\n<div id=\"comment-978\">\n<div class=\"comment-author vcard\"><img loading=\"lazy\" decoding=\"async\" class=\"avatar avatar-40 photo\" src=\"http:\/\/0.gravatar.com\/avatar\/67426419ead44d5afa132e92685bb460?s=40&amp;d=http%3A%2F%2F0.gravatar.com%2Favatar%2Fad516503a11cd5ca435acc9bb6523536%3Fs%3D40&amp;r=G\" alt=\"\" width=\"40\" height=\"40\" \/><cite class=\"fn\">admin_ub<\/cite> <span class=\"says\">sagt:<\/span><\/div>\n<p><!-- .comment-author .vcard --><\/p>\n<div class=\"comment-meta commentmetadata\">7. November 2013 um 11:47<\/div>\n<p><!-- .comment-meta .commentmetadata --><\/p>\n<div class=\"comment-body\">\n<p>ja, aber f\u00fcr LEDs w\u00fcrde ich die LED Lib nehmen und einfach erweitern um soviele Eintr\u00e4ge wie du brauchst.<\/p>\n<\/div>\n<\/div>\n<p><!-- #comment-## --><\/li>\n<\/ul>\n<\/li>\n<\/ol>\n","protected":false},"excerpt":{"rendered":"<p>diese Library dient zum steuern von Digital Ausgangspins der CPU die Pins die benutzt werden sollen, m\u00fcssen im H-File deklariert und im C-File den entsprechenden Port-Pins zugeordnet werden. f\u00fcr jeden Pin kann auch der Pegel beim initialisieren festgelegt werden (Lo &hellip; <a href=\"https:\/\/mikrocontroller.bplaced.net\/wordpress\/stm32f429\/komplette-library-liste-stm32f429\/03-digout-library-stm32f429\/\">Weiterlesen <span class=\"meta-nav\">&rarr;<\/span><\/a><\/p>\n","protected":false},"author":3,"featured_media":0,"parent":160,"menu_order":3,"comment_status":"open","ping_status":"closed","template":"","meta":{"footnotes":""},"categories":[129],"tags":[137,9,102],"class_list":["post-285","page","type-page","status-publish","hentry","category-stm32f429","tag-digout","tag-library","tag-stm32f429"],"_links":{"self":[{"href":"https:\/\/mikrocontroller.bplaced.net\/wordpress\/wp-json\/wp\/v2\/pages\/285","targetHints":{"allow":["GET"]}}],"collection":[{"href":"https:\/\/mikrocontroller.bplaced.net\/wordpress\/wp-json\/wp\/v2\/pages"}],"about":[{"href":"https:\/\/mikrocontroller.bplaced.net\/wordpress\/wp-json\/wp\/v2\/types\/page"}],"author":[{"embeddable":true,"href":"https:\/\/mikrocontroller.bplaced.net\/wordpress\/wp-json\/wp\/v2\/users\/3"}],"replies":[{"embeddable":true,"href":"https:\/\/mikrocontroller.bplaced.net\/wordpress\/wp-json\/wp\/v2\/comments?post=285"}],"version-history":[{"count":3,"href":"https:\/\/mikrocontroller.bplaced.net\/wordpress\/wp-json\/wp\/v2\/pages\/285\/revisions"}],"predecessor-version":[{"id":1662,"href":"https:\/\/mikrocontroller.bplaced.net\/wordpress\/wp-json\/wp\/v2\/pages\/285\/revisions\/1662"}],"up":[{"embeddable":true,"href":"https:\/\/mikrocontroller.bplaced.net\/wordpress\/wp-json\/wp\/v2\/pages\/160"}],"wp:attachment":[{"href":"https:\/\/mikrocontroller.bplaced.net\/wordpress\/wp-json\/wp\/v2\/media?parent=285"}],"wp:term":[{"taxonomy":"category","embeddable":true,"href":"https:\/\/mikrocontroller.bplaced.net\/wordpress\/wp-json\/wp\/v2\/categories?post=285"},{"taxonomy":"post_tag","embeddable":true,"href":"https:\/\/mikrocontroller.bplaced.net\/wordpress\/wp-json\/wp\/v2\/tags?post=285"}],"curies":[{"name":"wp","href":"https:\/\/api.w.org\/{rel}","templated":true}]}}