{"id":368,"date":"2017-11-24T16:47:03","date_gmt":"2017-11-24T15:47:03","guid":{"rendered":"http:\/\/mikrocontroller.bplaced.net\/wordpress\/?page_id=368"},"modified":"2018-05-16T21:01:10","modified_gmt":"2018-05-16T19:01:10","slug":"todo-liste","status":"publish","type":"page","link":"https:\/\/mikrocontroller.bplaced.net\/wordpress\/ueber-mich\/todo-liste\/","title":{"rendered":"ToDo Liste"},"content":{"rendered":"<p><div id=\"nav-below\" class=\"navigation\"><div class=\"nav-previous\"><a href=\"https:\/\/mikrocontroller.bplaced.net\/wordpress\/ueber-mich\/\" title=\"\u00dcber uns\"><span class=\"meta-nav\">\u2190<\/span> \u00dcber uns<\/a><\/div><\/div><!-- #nav-below --><div id=\"nav-below\" class=\"navigation\"><div class=\"nav-next\"><a href=\"https:\/\/mikrocontroller.bplaced.net\/wordpress\/ueber-mich\/hinweise-und-tools-zum-erstellen-der-seiten\/\" title=\"Hinweise und Tools zum Erstellen der Seiten\">Hinweise und Tools zum Erstellen der Seiten <span class=\"meta-nav\">&rarr;<\/span><\/a><\/div><\/div><!-- #nav-below --><br \/>\nIn dieser<strong> ToDo Seite<\/strong> liste ich Themen auf, welche m\u00f6glicherweise noch umgesetzt werden sollten.<\/p>\n<p>Die <a href=\"http:\/\/mikrocontroller.bplaced.net\/wordpress\/?p=1932\">Umfrage nach euren W\u00fcnsche<\/a> ist geschlossen. Vielen Dank f\u00fcr die Teilnahme. Ich habe die ToDo Liste entsprechend angepasst;)<\/p>\n<p>Wenn Ihr weitere Ideen, Vorschl\u00e4ge oder Hinweise f\u00fcr mich habt, dann hinterlasst mir bitte <a href=\"http:\/\/mikrocontroller.bplaced.net\/wordpress\/?page_id=368#respond\">hier<\/a> einen Kommentar. Danke!<\/p>\n<ol>\n<li>STM32F4XX Libs auf\u00a0Basis von <a href=\"http:\/\/www.st.com\/en\/embedded-software\/stm32cubef4.html\" target=\"_blank\" rel=\"noopener\">STM32CubeF4<\/a>. (Vorschlag von J\u00fcrgen)<br \/>\nmit Priorit\u00e4t auf:<\/p>\n<ol>\n<li>\u00a0STM32F746-Discovery<\/li>\n<li>STM32F4-Discovery<\/li>\n<li>STM32F429-Discovery<\/li>\n<\/ol>\n<\/li>\n<li><a href=\"http:\/\/mikrocontroller.bplaced.net\/wordpress\/?p=2051\">Demo Projekt zu LCD I2C Ansteuerung<\/a> (STM32F4)<\/li>\n<li><a href=\"http:\/\/mikrocontroller.bplaced.net\/wordpress\/?p=2007\">Show Projekt zu\u00a028-uBasic-Library<\/a> (STM32F429)<\/li>\n<li>Beschreibung f\u00fcr folgende Demos bzw. Libraries:\n<ol>\n<li><a href=\"http:\/\/mikrocontroller.bplaced.net\/wordpress\/?page_id=1399\">07-I2c-LoLevel-Library<\/a> (STM32F746)<\/li>\n<li><a href=\"http:\/\/mikrocontroller.bplaced.net\/wordpress\/?page_id=1401\">08-TOUCH-Library<\/a> (STM32F746)<\/li>\n<li><a href=\"http:\/\/mikrocontroller.bplaced.net\/wordpress\/?page_id=1430\">22-RNG-Library<\/a> (STM32F746)<\/li>\n<\/ol>\n<\/li>\n<li>Library zu\u00a0Infrared Thermometer MLX90614 (GY-906)<\/li>\n<li>WordPress <a href=\"https:\/\/de.wordpress.org\/plugins\/rest-api\/\" target=\"_blank\" rel=\"noopener\"><strong>WP REST API<\/strong><\/a> verwenden, um Daten auszulesen?<br \/>\nZu dem Thema gibt es einen interessanten <a href=\"http:\/\/t3n.de\/news\/wordpress-datenquelle-nutzt-622103\/\" target=\"_blank\" rel=\"noopener\">Link<\/a>.<\/li>\n<li>Weitere Themen gew\u00fcnscht? Dann bitte <a href=\"http:\/\/mikrocontroller.bplaced.net\/wordpress\/?p=371\">hier<\/a> eintragen.<\/li>\n<\/ol>\n<p><strong>Diese Dokumente\/Links sind fehlerhaft:<\/strong><\/p>\n<ol>\n<li><a href=\"http:\/\/mikrocontroller.bplaced.net\/wordpress\/?page_id=789\">24-Show (Oszi II per STM32F746)<\/a><br \/>\nZipfile fehlt: F746_Oszi_II_vb14.zip.<\/li>\n<li>Falls Ihr fehlerhafte Links gefunden habt, bitte <a href=\"http:\/\/mikrocontroller.bplaced.net\/wordpress\/?p=371\">hier<\/a> kommentieren. Danke!<\/li>\n<\/ol>\n<p><strong>Diese Themen sind bereits erledigt (neueste oben):<\/strong><\/p>\n<ol>\n<li>Beschreibung f\u00fcr folgende Demos bzw. Libraries:\n<ol>\n<li><a href=\"http:\/\/mikrocontroller.bplaced.net\/wordpress\/?page_id=1393\">04-LCD-Library<\/a> (STM32F746)<\/li>\n<li><a href=\"http:\/\/mikrocontroller.bplaced.net\/wordpress\/?page_id=1395\">05-FONT-Library<\/a> (STM32F746)<\/li>\n<li><a href=\"http:\/\/mikrocontroller.bplaced.net\/wordpress\/?page_id=1397\">06-Graphic_2D-Library<\/a> (STM32F746)<\/li>\n<li><a href=\"http:\/\/mikrocontroller.bplaced.net\/wordpress\/?page_id=1449\">01-F746-Demo 1<\/a>\u00a0(STM32F746)<\/li>\n<li><a href=\"http:\/\/mikrocontroller.bplaced.net\/wordpress\/?page_id=1451\">02-F746-Demo 2<\/a>\u00a0(STM32F746)<\/li>\n<li><a href=\"http:\/\/mikrocontroller.bplaced.net\/wordpress\/?page_id=1453\">03-F746-Demo_UART<\/a>\u00a0(STM32F746)<\/li>\n<li><a href=\"http:\/\/mikrocontroller.bplaced.net\/wordpress\/?page_id=1455\">04-F746-Demo_SGUI<\/a>\u00a0(STM32F746)<\/li>\n<li><a href=\"http:\/\/mikrocontroller.bplaced.net\/wordpress\/?page_id=1457\">05-F746-Demo_uBasic<\/a>\u00a0(STM32F746)<\/li>\n<li><a href=\"http:\/\/mikrocontroller.bplaced.net\/wordpress\/?page_id=1459\">06-F746-Demo_UsbHidHost<\/a>\u00a0(STM32F746)<\/li>\n<li><a href=\"http:\/\/mikrocontroller.bplaced.net\/wordpress\/?page_id=1461\">07-F746-Demo_PacMan<\/a>\u00a0(STM32F746)<\/li>\n<li><a href=\"http:\/\/mikrocontroller.bplaced.net\/wordpress\/?page_id=1463\">08-F746-Demo_UsbMscHost<\/a>\u00a0(STM32F746)<\/li>\n<li><a href=\"http:\/\/mikrocontroller.bplaced.net\/wordpress\/?page_id=1465\">09-F746-Demo_HID_MSC<\/a>\u00a0(STM32F746)<\/li>\n<li><a href=\"http:\/\/mikrocontroller.bplaced.net\/wordpress\/?page_id=1467\">10-F746-Demo_UDP_Server<\/a>\u00a0(STM32F746)<\/li>\n<li><a href=\"http:\/\/mikrocontroller.bplaced.net\/wordpress\/?page_id=1469\">11-F746-Demo_HTTP_Server<\/a>\u00a0(STM32F746)<\/li>\n<li><a href=\"http:\/\/mikrocontroller.bplaced.net\/wordpress\/?page_id=1471\">12-F746-Demo_Frq_Spectrum<\/a>\u00a0(STM32F746)<\/li>\n<\/ol>\n<\/li>\n<li>Kategorie und Schlagw\u00f6rter f\u00fcr Seiten hinzugef\u00fcgt.<\/li>\n<li>Kategorie und Schlagw\u00f6rter f\u00fcr ATMega und STM32F4 Seiten hinzugef\u00fcgt.<\/li>\n<li>Schlagw\u00f6rter f\u00fcr Seiten aktivieren<br \/>\nZu dem Thema gibt es einen interessanten <a href=\"https:\/\/tanja-volk.de\/schlagwoerter-fuer-seiten-aktivieren\/\" target=\"_blank\" rel=\"noopener\">Link<\/a>.<\/li>\n<li>Umfrage erstellen: Soll die Kommentarfunktion f\u00fcr alle statischen Seiten eingeschaltet werden?<\/li>\n<li>Kommentare werden auf statischen Seiten nicht angezeigt<br \/>\nZu dem Thema gibt es einen interessanten <a href=\"https:\/\/de.wordpress.org\/support\/topic\/kommentare-werden-auf-statischen-seiten-nicht-angezeigt\/\" target=\"_blank\" rel=\"noopener\">Link<\/a>.<br \/>\n-&gt; Das Thema hat sich erledigt, da das verwendete Theme\u00a0<strong><a href=\"https:\/\/de.wordpress.org\/themes\/twentyten\/\" target=\"_blank\" rel=\"noopener\">Twenty Ten<\/a><\/strong>\u00a0Kommentarfunktion auf den Seiten sehr wohl zul\u00e4sst. Man muss es im QuickEdit Modus f\u00fcr jede gew\u00fcnschte Seite einschalten. Die Frage ist jetzt, soll die Kommentarfunktion f\u00fcr alle Seiten eingeschaltet werden?<\/li>\n<li>Zifile <a href=\"http:\/\/wp-content\/uploads\/2016\/01\/polyedit_v1.0.zip\">polyedit_v1.0.zip<\/a>\u00a0des Polygon Editor von Fabrice:\u00a0polyedit_v1.0 funktioniert\u00a0 jetzt wieder. (Danke an Thomas S.)<\/li>\n<li>Restliche statische Seiten erstellen (Manfred)<br \/>\nInsgesamt sind nun\u00a0<strong>239<\/strong>\u00a0Seiten erstellt worden.<\/li>\n<li>98 Seiten der\u00a0<a href=\"http:\/\/mikrocontroller.bplaced.net\/wordpress\/?page_id=144\">Library-Liste (STM32F4)<\/a>\u00a0erstellen (Manfred)<\/li>\n<li>27 Seiten der <a href=\"http:\/\/mikrocontroller.bplaced.net\/wordpress\/?page_id=160\">Library-Liste (STM32F429)<\/a> erstellen (Danke an David)<\/li>\n<\/ol>\n","protected":false},"excerpt":{"rendered":"<p>In dieser ToDo Seite liste ich Themen auf, welche m\u00f6glicherweise noch umgesetzt werden sollten. Die Umfrage nach euren W\u00fcnsche ist geschlossen. Vielen Dank f\u00fcr die Teilnahme. Ich habe die ToDo Liste entsprechend angepasst;) Wenn Ihr weitere Ideen, Vorschl\u00e4ge oder Hinweise &hellip; <a href=\"https:\/\/mikrocontroller.bplaced.net\/wordpress\/ueber-mich\/todo-liste\/\">Weiterlesen <span class=\"meta-nav\">&rarr;<\/span><\/a><\/p>\n","protected":false},"author":1,"featured_media":0,"parent":8,"menu_order":1,"comment_status":"open","ping_status":"closed","template":"","meta":{"footnotes":""},"categories":[135],"tags":[120,4],"class_list":["post-368","page","type-page","status-publish","hentry","category-wordpress","tag-todo","tag-wordpress"],"_links":{"self":[{"href":"https:\/\/mikrocontroller.bplaced.net\/wordpress\/wp-json\/wp\/v2\/pages\/368","targetHints":{"allow":["GET"]}}],"collection":[{"href":"https:\/\/mikrocontroller.bplaced.net\/wordpress\/wp-json\/wp\/v2\/pages"}],"about":[{"href":"https:\/\/mikrocontroller.bplaced.net\/wordpress\/wp-json\/wp\/v2\/types\/page"}],"author":[{"embeddable":true,"href":"https:\/\/mikrocontroller.bplaced.net\/wordpress\/wp-json\/wp\/v2\/users\/1"}],"replies":[{"embeddable":true,"href":"https:\/\/mikrocontroller.bplaced.net\/wordpress\/wp-json\/wp\/v2\/comments?post=368"}],"version-history":[{"count":34,"href":"https:\/\/mikrocontroller.bplaced.net\/wordpress\/wp-json\/wp\/v2\/pages\/368\/revisions"}],"predecessor-version":[{"id":2418,"href":"https:\/\/mikrocontroller.bplaced.net\/wordpress\/wp-json\/wp\/v2\/pages\/368\/revisions\/2418"}],"up":[{"embeddable":true,"href":"https:\/\/mikrocontroller.bplaced.net\/wordpress\/wp-json\/wp\/v2\/pages\/8"}],"wp:attachment":[{"href":"https:\/\/mikrocontroller.bplaced.net\/wordpress\/wp-json\/wp\/v2\/media?parent=368"}],"wp:term":[{"taxonomy":"category","embeddable":true,"href":"https:\/\/mikrocontroller.bplaced.net\/wordpress\/wp-json\/wp\/v2\/categories?post=368"},{"taxonomy":"post_tag","embeddable":true,"href":"https:\/\/mikrocontroller.bplaced.net\/wordpress\/wp-json\/wp\/v2\/tags?post=368"}],"curies":[{"name":"wp","href":"https:\/\/api.w.org\/{rel}","templated":true}]}}