{"id":4103,"date":"2024-12-29T21:19:51","date_gmt":"2024-12-29T20:19:51","guid":{"rendered":"https:\/\/mikrocontroller.bplaced.net\/wordpress\/?page_id=4103"},"modified":"2026-04-20T10:22:17","modified_gmt":"2026-04-20T08:22:17","slug":"cmm2-g2-v2","status":"publish","type":"page","link":"https:\/\/mikrocontroller.bplaced.net\/wordpress\/einplatinen-computer\/cmm2-g2-v2\/","title":{"rendered":"Colour Maximite 2 G2 V2"},"content":{"rendered":"<p>Der <strong>Colour Maximite 2 G2 V2<\/strong> (CMM2 G2 V2) ist ein kompakter, eigenst\u00e4ndiger Computer, inspiriert von den Heimcomputern der fr\u00fchen 80er Jahre wie dem Tandy TRS-80, Sinclair Spectrum, Commodore 64 und Apple II. Er verf\u00fcgt \u00fcber einen eigenen BASIC-Interpreter und bootet in weniger als einer Sekunde direkt in diesen. Das Projekt wurde von <a href=\"https:\/\/geoffg.net\/maximite.html\" target=\"_blank\" rel=\"noopener\">Geoff Graham<\/a> und <a href=\"https:\/\/www.youtube.com\/@petermather3049\" target=\"_blank\" rel=\"noopener\">Peter Mather<\/a> ins Leben gerufen.<\/p>\n<p>Im Vergleich zu seinen historischen Vorbildern ist der BASIC-Interpreter des <strong>CMM2 G2 V2<\/strong> mit einer Verarbeitungsgeschwindigkeit von bis zu 270.000 Zeilen pro Sekunde so schnell, dass Animationen und Spiele direkt in BASIC programmiert werden k\u00f6nnen. Die Nutzung von Assembler und C ist m\u00f6glich, aber nicht mehr notwendig.<\/p>\n<p>Den BASIC-Interpreter des <strong>CMM2 G2 V2<\/strong> kennt ihr bereits, denn es ist das MM-Basic das Uwe f\u00fcr das<a href=\"https:\/\/mikrocontroller.bplaced.net\/wordpress\/?page_id=787\"> STM32F746-Disco Board<\/a> portiert hatte.<\/p>\n<p><a href=\"https:\/\/mikrocontroller.bplaced.net\/wordpress\/wp-content\/uploads\/2024\/12\/CMM2-G2-V2-Platine.jpg\"><img loading=\"lazy\" decoding=\"async\" class=\"alignnone size-medium wp-image-4104\" src=\"https:\/\/mikrocontroller.bplaced.net\/wordpress\/wp-content\/uploads\/2024\/12\/CMM2-G2-V2-Platine-300x229.jpg\" alt=\"\" width=\"300\" height=\"229\" srcset=\"https:\/\/mikrocontroller.bplaced.net\/wordpress\/wp-content\/uploads\/2024\/12\/CMM2-G2-V2-Platine-300x229.jpg 300w, https:\/\/mikrocontroller.bplaced.net\/wordpress\/wp-content\/uploads\/2024\/12\/CMM2-G2-V2-Platine-1024x783.jpg 1024w, https:\/\/mikrocontroller.bplaced.net\/wordpress\/wp-content\/uploads\/2024\/12\/CMM2-G2-V2-Platine-768x587.jpg 768w, https:\/\/mikrocontroller.bplaced.net\/wordpress\/wp-content\/uploads\/2024\/12\/CMM2-G2-V2-Platine.jpg 1152w\" sizes=\"auto, (max-width: 300px) 100vw, 300px\" \/><\/a><\/p>\n<p>Ich habe meinen <strong>CMM2 G2 V2<\/strong> bei eBay von <a href=\"https:\/\/www.ebay.de\/sch\/i.html?item=135447560286&amp;rt=nc&amp;_trksid=p4429486.m3561.l170197&amp;_ssn=elektrobarde\" target=\"_blank\" rel=\"noopener\">diesem Anbieter<\/a> erworben.<\/p>\n<p>In diesem Beitrag beschreibe ich, wie du den CMM2 G2 V2 selbst zusammenbauen kannst: <a href=\"https:\/\/mikrocontroller.bplaced.net\/wordpress\/?p=4464\">Colour Maximite 2 Generation 2 Version 2 Reference Design<\/a><\/p>\n","protected":false},"excerpt":{"rendered":"<p>Der Colour Maximite 2 G2 V2 (CMM2 G2 V2) ist ein kompakter, eigenst\u00e4ndiger Computer, inspiriert von den Heimcomputern der fr\u00fchen 80er Jahre wie dem Tandy TRS-80, Sinclair Spectrum, Commodore 64 und Apple II. Er verf\u00fcgt \u00fcber einen eigenen BASIC-Interpreter und &hellip; <a href=\"https:\/\/mikrocontroller.bplaced.net\/wordpress\/einplatinen-computer\/cmm2-g2-v2\/\">Weiterlesen <span class=\"meta-nav\">&rarr;<\/span><\/a><\/p>\n","protected":false},"author":1,"featured_media":0,"parent":4174,"menu_order":0,"comment_status":"open","ping_status":"closed","template":"","meta":{"footnotes":""},"categories":[333,334,335],"tags":[],"class_list":["post-4103","page","type-page","status-publish","hentry","category-cmm2","category-einplatinen-computer","category-mmbasic"],"_links":{"self":[{"href":"https:\/\/mikrocontroller.bplaced.net\/wordpress\/wp-json\/wp\/v2\/pages\/4103","targetHints":{"allow":["GET"]}}],"collection":[{"href":"https:\/\/mikrocontroller.bplaced.net\/wordpress\/wp-json\/wp\/v2\/pages"}],"about":[{"href":"https:\/\/mikrocontroller.bplaced.net\/wordpress\/wp-json\/wp\/v2\/types\/page"}],"author":[{"embeddable":true,"href":"https:\/\/mikrocontroller.bplaced.net\/wordpress\/wp-json\/wp\/v2\/users\/1"}],"replies":[{"embeddable":true,"href":"https:\/\/mikrocontroller.bplaced.net\/wordpress\/wp-json\/wp\/v2\/comments?post=4103"}],"version-history":[{"count":6,"href":"https:\/\/mikrocontroller.bplaced.net\/wordpress\/wp-json\/wp\/v2\/pages\/4103\/revisions"}],"predecessor-version":[{"id":4595,"href":"https:\/\/mikrocontroller.bplaced.net\/wordpress\/wp-json\/wp\/v2\/pages\/4103\/revisions\/4595"}],"up":[{"embeddable":true,"href":"https:\/\/mikrocontroller.bplaced.net\/wordpress\/wp-json\/wp\/v2\/pages\/4174"}],"wp:attachment":[{"href":"https:\/\/mikrocontroller.bplaced.net\/wordpress\/wp-json\/wp\/v2\/media?parent=4103"}],"wp:term":[{"taxonomy":"category","embeddable":true,"href":"https:\/\/mikrocontroller.bplaced.net\/wordpress\/wp-json\/wp\/v2\/categories?post=4103"},{"taxonomy":"post_tag","embeddable":true,"href":"https:\/\/mikrocontroller.bplaced.net\/wordpress\/wp-json\/wp\/v2\/tags?post=4103"}],"curies":[{"name":"wp","href":"https:\/\/api.w.org\/{rel}","templated":true}]}}