{"id":5390,"date":"2026-04-20T10:29:44","date_gmt":"2026-04-20T08:29:44","guid":{"rendered":"https:\/\/mikrocontroller.bplaced.net\/wordpress\/?page_id=5390"},"modified":"2026-04-23T15:09:50","modified_gmt":"2026-04-23T13:09:50","slug":"one-rom-sammelbestellung","status":"publish","type":"page","link":"https:\/\/mikrocontroller.bplaced.net\/wordpress\/one-rom-ein-flexibler-rom-ersatz\/one-rom-sammelbestellung\/","title":{"rendered":"One ROM &#8211; Sammelbestellung"},"content":{"rendered":"<h2 data-section-id=\"x8o1ad\" data-start=\"3143\" data-end=\"3151\">Sammelbestellung<\/h2>\n<p>F\u00fcr eine Sammelbestellung im\u00a0<a href=\"https:\/\/forum.classic-computing.de\/forum\/index.php?thread\/39057-one-rom-hat-schon-jemand-welche-bestellt\/&amp;postID=601937#post601937\" target=\"_blank\" rel=\"noopener\"><strong>VzEkC e. V. Forum<\/strong><\/a>\u00a0habe ich 300\u00a0<strong><a href=\"https:\/\/onerom.org\/\" target=\"_blank\" rel=\"noopener\">One ROMs<\/a><\/strong> bei JLCPCB fertigen lassen, die bereits alle bei den Forums Mitgliedern angekommen sind. Durch die gro\u00dfe Anzahl konnte ein Einzelpreis von 4,- EUR je One ROM erzielt werden.<\/p>\n<ul>\n<li>150 x\u00a0<strong><strong><a href=\"https:\/\/github.com\/piersfinlayson\/one-rom\/tree\/main\/hardware\/pcb\/verified\/fire-24-e\" target=\"_blank\" rel=\"noopener\">Fire 24 Rev E (fire-24-e)<\/a><br \/>\n<\/strong><\/strong>USB-C connector instead of micro-B, only supports RP2354A (in-built flash)<strong><strong><br \/>\n<\/strong><\/strong><\/li>\n<li>150 x\u00a0<strong><a href=\"https:\/\/github.com\/piersfinlayson\/one-rom\/tree\/main\/hardware\/pcb\/verified\/fire-28-a3\" target=\"_blank\" rel=\"noopener\">Fire 28 Rev A3 (fire-28-a3)<\/a><br \/>\n<\/strong>USB-C connector and a lower cost version with an RP2354A and no external flash<strong><br \/>\n<\/strong><\/li>\n<\/ul>\n<p dir=\"auto\">Folgende ROM Typen k\u00f6nnen damit ersetzt werden:<\/p>\n<ul dir=\"auto\">\n<li>24 pin: 2704, 2708, 2716, 2732, 2316, 2332, 2364, 2532 und 2564<br \/>\nEs unterst\u00fctzt zudem einige RAM-Chips mit der passenden Bauform, darunter die 2K-SRAM-Chips 6116 und 2016.<\/li>\n<li>28 pin: 27\u00d764, 27\u00d7128, 27\u00d7256, 27\u00d7512, 23128, 23256, 23512, 231024, TCS531000<\/li>\n<\/ul>\n<p>Hinweis: es gibt noch weitere One ROM Typen, die ein 32 und 40 Pin-Layout haben. Diese ersetzen folgende ROM Rypen:<\/p>\n<ul dir=\"auto\">\n<li>32 pin: 27C010, 27C020, 27C040, 27C301, SST39SF010, SST39SF020<\/li>\n<li>40 pin: 27C400<\/li>\n<\/ul>\n<p>Solltest du auch interesse an einem One ROM haben, kannst du dich hier, oder <a href=\"https:\/\/forum.classic-computing.de\/forum\/index.php?thread\/39057-one-rom-hat-schon-jemand-welche-bestellt\" target=\"_blank\" rel=\"noopener\"><strong>VzEkC e. V. Forum<\/strong><\/a> im melden.<\/p>\n","protected":false},"excerpt":{"rendered":"<p>Sammelbestellung F\u00fcr eine Sammelbestellung im\u00a0VzEkC e. V. Forum\u00a0habe ich 300\u00a0One ROMs bei JLCPCB fertigen lassen, die bereits alle bei den Forums Mitgliedern angekommen sind. Durch die gro\u00dfe Anzahl konnte ein Einzelpreis von 4,- EUR je One ROM erzielt werden. 150 &hellip; <a href=\"https:\/\/mikrocontroller.bplaced.net\/wordpress\/one-rom-ein-flexibler-rom-ersatz\/one-rom-sammelbestellung\/\">Weiterlesen <span class=\"meta-nav\">&rarr;<\/span><\/a><\/p>\n","protected":false},"author":1,"featured_media":0,"parent":5373,"menu_order":2,"comment_status":"open","ping_status":"closed","template":"","meta":{"footnotes":""},"categories":[344],"tags":[340],"class_list":["post-5390","page","type-page","status-publish","hentry","category-one-rom","tag-one-rom"],"_links":{"self":[{"href":"https:\/\/mikrocontroller.bplaced.net\/wordpress\/wp-json\/wp\/v2\/pages\/5390","targetHints":{"allow":["GET"]}}],"collection":[{"href":"https:\/\/mikrocontroller.bplaced.net\/wordpress\/wp-json\/wp\/v2\/pages"}],"about":[{"href":"https:\/\/mikrocontroller.bplaced.net\/wordpress\/wp-json\/wp\/v2\/types\/page"}],"author":[{"embeddable":true,"href":"https:\/\/mikrocontroller.bplaced.net\/wordpress\/wp-json\/wp\/v2\/users\/1"}],"replies":[{"embeddable":true,"href":"https:\/\/mikrocontroller.bplaced.net\/wordpress\/wp-json\/wp\/v2\/comments?post=5390"}],"version-history":[{"count":8,"href":"https:\/\/mikrocontroller.bplaced.net\/wordpress\/wp-json\/wp\/v2\/pages\/5390\/revisions"}],"predecessor-version":[{"id":5444,"href":"https:\/\/mikrocontroller.bplaced.net\/wordpress\/wp-json\/wp\/v2\/pages\/5390\/revisions\/5444"}],"up":[{"embeddable":true,"href":"https:\/\/mikrocontroller.bplaced.net\/wordpress\/wp-json\/wp\/v2\/pages\/5373"}],"wp:attachment":[{"href":"https:\/\/mikrocontroller.bplaced.net\/wordpress\/wp-json\/wp\/v2\/media?parent=5390"}],"wp:term":[{"taxonomy":"category","embeddable":true,"href":"https:\/\/mikrocontroller.bplaced.net\/wordpress\/wp-json\/wp\/v2\/categories?post=5390"},{"taxonomy":"post_tag","embeddable":true,"href":"https:\/\/mikrocontroller.bplaced.net\/wordpress\/wp-json\/wp\/v2\/tags?post=5390"}],"curies":[{"name":"wp","href":"https:\/\/api.w.org\/{rel}","templated":true}]}}