{"id":5392,"date":"2026-04-20T10:31:03","date_gmt":"2026-04-20T08:31:03","guid":{"rendered":"https:\/\/mikrocontroller.bplaced.net\/wordpress\/?page_id=5392"},"modified":"2026-04-23T15:05:01","modified_gmt":"2026-04-23T13:05:01","slug":"one-rom-uebersicht-der-beitraege","status":"publish","type":"page","link":"https:\/\/mikrocontroller.bplaced.net\/wordpress\/one-rom-ein-flexibler-rom-ersatz\/one-rom-uebersicht-der-beitraege\/","title":{"rendered":"One ROM &#8211; \u00dcbersicht der Beitr\u00e4ge"},"content":{"rendered":"<h2 data-section-id=\"x8o1ad\" data-start=\"3143\" data-end=\"3151\">\u00dcbersicht der Beitr\u00e4ge zum One ROM<\/h2>\n<p>Es gibt folgende Beitr\u00e4ge:<\/p>\n<ul>\n<li><a href=\"https:\/\/mikrocontroller.bplaced.net\/wordpress\/one-rom-pcb-fertigung\/\">One ROM \u2013 PCB Fertigung<\/a><\/li>\n<li><a href=\"https:\/\/mikrocontroller.bplaced.net\/wordpress\/one-rom-was-man-beim-zusammenloeten-beachten-sollte\/\">One ROM \u2013 Was man beim Zusammenl\u00f6ten beachten sollte<\/a><\/li>\n<li><a href=\"https:\/\/mikrocontroller.bplaced.net\/wordpress\/one-rom-erste-schritte\/\">One ROM \u2013 Erste Schritte<\/a><\/li>\n<li><a href=\"https:\/\/mikrocontroller.bplaced.net\/wordpress\/one-rom-web-bedinungsanleitung\/\">One ROM Web \u2013 Bedinungsanleitung<\/a><\/li>\n<li><a href=\"https:\/\/mikrocontroller.bplaced.net\/wordpress\/one-rom-web-custom-images\/\">One ROM Web \u2013 Custom Images<\/a><\/li>\n<li><a href=\"https:\/\/mikrocontroller.bplaced.net\/wordpress\/one-rom-studio-bedienungsanleitung\/\">One ROM Studio \u2013 Bedienungsanleitung<\/a><\/li>\n<li><a href=\"https:\/\/mikrocontroller.bplaced.net\/wordpress\/one-rom-cli-bedinungsanleitung\/\">One ROM CLI \u2013 Bedinungsanleitung<\/a><\/li>\n<\/ul>\n<p>Es gibt folgende Praxisbeispiele:<\/p>\n<ol>\n<li><a href=\"https:\/\/mikrocontroller.bplaced.net\/wordpress\/one-rom-praxisbeispiel\/\">One ROM \u2013 Praxisbeispiel: Zwei Firmware-Versionen<\/a><\/li>\n<li><a href=\"https:\/\/mikrocontroller.bplaced.net\/wordpress\/one-rom-praxisbeispiel-pre-built-image-set-c64\/\">One ROM \u2013 Praxisbeispiel: Pre-built image: set-c64<\/a><\/li>\n<li><a href=\"https:\/\/mikrocontroller.bplaced.net\/wordpress\/one-rom-praxisbeispiel-c64-setup-mit-jiffydos\/\">One ROM \u2013 Praxisbeispiel: C64 Setup mit JiffyDOS<\/a><\/li>\n<li><a href=\"https:\/\/mikrocontroller.bplaced.net\/wordpress\/one-rom-praxisbeispiel-one-rom-als-eprom-emulator\/\">One ROM \u2013 Praxisbeispiel: One ROM als EPROM-Emulator<\/a><\/li>\n<li><a href=\"https:\/\/mikrocontroller.bplaced.net\/wordpress\/one-rom-praxisbeispiel-entwickler-workflow-mit-makefile\/\">One ROM \u2013 Praxisbeispiel: Entwickler-Workflow mit Makefile<\/a><\/li>\n<li><a href=\"https:\/\/mikrocontroller.bplaced.net\/wordpress\/one-rom-praxisbeispiel-bank-switching-im-c64\/\">One ROM \u2013 Praxisbeispiel: Bank-Switching im C64<\/a><\/li>\n<li><a href=\"https:\/\/mikrocontroller.bplaced.net\/wordpress\/one-rom-praxisbeispiel-zx81-mit-24-pin-fire-one-rom\/\">One ROM \u2013 Praxisbeispiel: ZX81 mit 24-Pin Fire One ROM<\/a><\/li>\n<li><a href=\"https:\/\/mikrocontroller.bplaced.net\/wordpress\/one-rom-praxisbeispiel-bios-eprom-auf-einem-386-486-isa-mainboard-ersetzen\/\">One ROM \u2013 Praxisbeispiel: BIOS-EPROM ersetzen<\/a><\/li>\n<\/ol>\n","protected":false},"excerpt":{"rendered":"<p>\u00dcbersicht der Beitr\u00e4ge zum One ROM Es gibt folgende Beitr\u00e4ge: One ROM \u2013 PCB Fertigung One ROM \u2013 Was man beim Zusammenl\u00f6ten beachten sollte One ROM \u2013 Erste Schritte One ROM Web \u2013 Bedinungsanleitung One ROM Web \u2013 Custom Images &hellip; <a href=\"https:\/\/mikrocontroller.bplaced.net\/wordpress\/one-rom-ein-flexibler-rom-ersatz\/one-rom-uebersicht-der-beitraege\/\">Weiterlesen <span class=\"meta-nav\">&rarr;<\/span><\/a><\/p>\n","protected":false},"author":1,"featured_media":0,"parent":5373,"menu_order":1,"comment_status":"open","ping_status":"closed","template":"","meta":{"footnotes":""},"categories":[344],"tags":[],"class_list":["post-5392","page","type-page","status-publish","hentry","category-one-rom"],"_links":{"self":[{"href":"https:\/\/mikrocontroller.bplaced.net\/wordpress\/wp-json\/wp\/v2\/pages\/5392","targetHints":{"allow":["GET"]}}],"collection":[{"href":"https:\/\/mikrocontroller.bplaced.net\/wordpress\/wp-json\/wp\/v2\/pages"}],"about":[{"href":"https:\/\/mikrocontroller.bplaced.net\/wordpress\/wp-json\/wp\/v2\/types\/page"}],"author":[{"embeddable":true,"href":"https:\/\/mikrocontroller.bplaced.net\/wordpress\/wp-json\/wp\/v2\/users\/1"}],"replies":[{"embeddable":true,"href":"https:\/\/mikrocontroller.bplaced.net\/wordpress\/wp-json\/wp\/v2\/comments?post=5392"}],"version-history":[{"count":6,"href":"https:\/\/mikrocontroller.bplaced.net\/wordpress\/wp-json\/wp\/v2\/pages\/5392\/revisions"}],"predecessor-version":[{"id":5442,"href":"https:\/\/mikrocontroller.bplaced.net\/wordpress\/wp-json\/wp\/v2\/pages\/5392\/revisions\/5442"}],"up":[{"embeddable":true,"href":"https:\/\/mikrocontroller.bplaced.net\/wordpress\/wp-json\/wp\/v2\/pages\/5373"}],"wp:attachment":[{"href":"https:\/\/mikrocontroller.bplaced.net\/wordpress\/wp-json\/wp\/v2\/media?parent=5392"}],"wp:term":[{"taxonomy":"category","embeddable":true,"href":"https:\/\/mikrocontroller.bplaced.net\/wordpress\/wp-json\/wp\/v2\/categories?post=5392"},{"taxonomy":"post_tag","embeddable":true,"href":"https:\/\/mikrocontroller.bplaced.net\/wordpress\/wp-json\/wp\/v2\/tags?post=5392"}],"curies":[{"name":"wp","href":"https:\/\/api.w.org\/{rel}","templated":true}]}}