{"id":548,"date":"2017-11-25T16:07:59","date_gmt":"2017-11-25T15:07:59","guid":{"rendered":"http:\/\/mikrocontroller.bplaced.net\/wordpress\/?page_id=548"},"modified":"2018-02-06T23:33:26","modified_gmt":"2018-02-06T22:33:26","slug":"atmega2560","status":"publish","type":"page","link":"https:\/\/mikrocontroller.bplaced.net\/wordpress\/atmega2560\/","title":{"rendered":"ATMega2560"},"content":{"rendered":"<p><div id=\"nav-below\" class=\"navigation\"><div class=\"nav-previous\"><a href=\"https:\/\/mikrocontroller.bplaced.net\/wordpress\/startseite\/anzeige-der-count-per-day-daten\/\" title=\"Anzeige der Count Per Day Daten\"><span class=\"meta-nav\">\u2190<\/span> Anzeige der Count Per Day Daten<\/a><\/div><\/div><!-- #nav-below --><div id=\"nav-below\" class=\"navigation\"><div class=\"nav-next\"><a href=\"https:\/\/mikrocontroller.bplaced.net\/wordpress\/atmega2560\/myavr-mk3-board\/\" title=\"myAVR-MK3-Board\">myAVR-MK3-Board <span class=\"meta-nav\">&rarr;<\/span><\/a><\/div><\/div><!-- #nav-below --><br \/>\nDer ATMega2560 baut auf der ATMega Reihe von ATMEL auf.<\/p>\n<p>wie der Name schon sagt besitzt er 256k Flash und einigen Schnick-Schnack in der CPU. (Mehr dazu findet Ihr im passenden Datenblatt)<\/p>\n<p>Als Evaluation-Board f\u00fcr den ATMega2650 hab ich mir von \u201cmyAVR\u201d das Systemboard \u201cmyAVR Board MK3 256k Plus\u201d gekauft.<\/p>\n<p>Auf dem Board befinden sich Taser, LEDs, eine Siebensegment, Potis, ein Piepser und ein 128x64Pixel Grafik-Display.<\/p>\n<p>Der Programmier-Adapter \u201cmySmart USB MK3\u2033 ist auch dabei.<\/p>\n<p>Als Entwicklungsumgebung hab ich mich f\u00fcr das \u201cmyAVR-Workpad\u201d entschieden (was im Nachhinein betrachtet aber ein Fehler war). Das kostenlose AVR-Studio ist m.M. nach um Welten besser.<\/p>\n<p>Das Problem beim myAVR-Workpad ist, das es nur <span style=\"text-decoration: underline;\">ein<\/span> C-File einbinden kann und ich somit alle Librarys als \u201cH-File\u201d deklarieren musste. Aber ich hab jetzt auch keine Lust mehr alle schon geschriebenen Files nochmal zu \u00e4ndern.<\/p>\n<p>Alle Librarys sind mit dem AVR-Studio kompatibel (wenn man ein paar Sachen beachtet) und es steht jedem frei sich die Files f\u00fcr seine eigenen Belange anzupassen.<\/p>\n<hr \/>\n<h3 id=\"comments-title\">Eine Antwort auf <em>ATMega2560<\/em><\/h3>\n<ol class=\"commentlist\">\n<li id=\"li-comment-2981\" class=\"comment even thread-even depth-1\">\n<div id=\"comment-2981\">\n<div class=\"comment-author vcard\"><img loading=\"lazy\" decoding=\"async\" class=\"avatar avatar-40 photo\" src=\"http:\/\/1.gravatar.com\/avatar\/9985b4725febe9eae3c2dbb6f14b79d7?s=40&amp;d=http%3A%2F%2F1.gravatar.com%2Favatar%2Fad516503a11cd5ca435acc9bb6523536%3Fs%3D40&amp;r=G\" alt=\"\" width=\"40\" height=\"40\" \/><cite class=\"fn\">Peter F.<\/cite> <span class=\"says\">sagt:<\/span><\/div>\n<p><!-- .comment-author .vcard --><\/p>\n<div class=\"comment-meta commentmetadata\">14. M\u00e4rz 2015 um 16:34<\/div>\n<p><!-- .comment-meta .commentmetadata --><\/p>\n<div class=\"comment-body\">\n<p>Hallo Uwe,<\/p>\n<p>Gro\u00dfe Leistung die ganzen Librarys f\u00fcr die Prozessoren.<br \/>\nWie sieht es den eigentlich mit den Lizenzen f\u00fcr die Librarys aus, speziell f\u00fcr den ATMega. Daf\u00fcr finde ich nirgends eine Angabe.<\/p>\n<p>LG Peter<\/p>\n<\/div>\n<\/div>\n<p><!-- #comment-## --><\/li>\n<\/ol>\n","protected":false},"excerpt":{"rendered":"<p>Der ATMega2560 baut auf der ATMega Reihe von ATMEL auf. wie der Name schon sagt besitzt er 256k Flash und einigen Schnick-Schnack in der CPU. (Mehr dazu findet Ihr im passenden Datenblatt) Als Evaluation-Board f\u00fcr den ATMega2650 hab ich mir &hellip; <a href=\"https:\/\/mikrocontroller.bplaced.net\/wordpress\/atmega2560\/\">Weiterlesen <span class=\"meta-nav\">&rarr;<\/span><\/a><\/p>\n","protected":false},"author":1,"featured_media":0,"parent":0,"menu_order":1,"comment_status":"open","ping_status":"closed","template":"","meta":{"footnotes":""},"categories":[127],"tags":[11],"class_list":["post-548","page","type-page","status-publish","hentry","category-atmega","tag-atmega2650"],"_links":{"self":[{"href":"https:\/\/mikrocontroller.bplaced.net\/wordpress\/wp-json\/wp\/v2\/pages\/548","targetHints":{"allow":["GET"]}}],"collection":[{"href":"https:\/\/mikrocontroller.bplaced.net\/wordpress\/wp-json\/wp\/v2\/pages"}],"about":[{"href":"https:\/\/mikrocontroller.bplaced.net\/wordpress\/wp-json\/wp\/v2\/types\/page"}],"author":[{"embeddable":true,"href":"https:\/\/mikrocontroller.bplaced.net\/wordpress\/wp-json\/wp\/v2\/users\/1"}],"replies":[{"embeddable":true,"href":"https:\/\/mikrocontroller.bplaced.net\/wordpress\/wp-json\/wp\/v2\/comments?post=548"}],"version-history":[{"count":7,"href":"https:\/\/mikrocontroller.bplaced.net\/wordpress\/wp-json\/wp\/v2\/pages\/548\/revisions"}],"predecessor-version":[{"id":1968,"href":"https:\/\/mikrocontroller.bplaced.net\/wordpress\/wp-json\/wp\/v2\/pages\/548\/revisions\/1968"}],"wp:attachment":[{"href":"https:\/\/mikrocontroller.bplaced.net\/wordpress\/wp-json\/wp\/v2\/media?parent=548"}],"wp:term":[{"taxonomy":"category","embeddable":true,"href":"https:\/\/mikrocontroller.bplaced.net\/wordpress\/wp-json\/wp\/v2\/categories?post=548"},{"taxonomy":"post_tag","embeddable":true,"href":"https:\/\/mikrocontroller.bplaced.net\/wordpress\/wp-json\/wp\/v2\/tags?post=548"}],"curies":[{"name":"wp","href":"https:\/\/api.w.org\/{rel}","templated":true}]}}