{"id":550,"date":"2017-11-25T16:09:15","date_gmt":"2017-11-25T15:09:15","guid":{"rendered":"http:\/\/mikrocontroller.bplaced.net\/wordpress\/?page_id=550"},"modified":"2017-12-30T19:43:38","modified_gmt":"2017-12-30T18:43:38","slug":"myavr-mk3-board","status":"publish","type":"page","link":"https:\/\/mikrocontroller.bplaced.net\/wordpress\/atmega2560\/myavr-mk3-board\/","title":{"rendered":"myAVR-MK3-Board"},"content":{"rendered":"<p><div id=\"nav-below\" class=\"navigation\"><div class=\"nav-previous\"><a href=\"https:\/\/mikrocontroller.bplaced.net\/wordpress\/atmega2560\/\" title=\"ATMega2560\"><span class=\"meta-nav\">\u2190<\/span> ATMega2560<\/a><\/div><\/div><!-- #nav-below --><div id=\"nav-below\" class=\"navigation\"><div class=\"nav-next\"><a href=\"https:\/\/mikrocontroller.bplaced.net\/wordpress\/atmega2560\/hinweise-myavr-workpad-und-avr-studio\/\" title=\"Hinweise myAVR-Workpad und AVR-Studio\">Hinweise myAVR-Workpad und AVR-Studio <span class=\"meta-nav\">&rarr;<\/span><\/a><\/div><\/div><!-- #nav-below --><\/p>\n<p>Hier ist ein Bild vom MK3-Board von \u201cmyAVR\u201d<\/p>\n<div id=\"attachment_437\" class=\"wp-caption alignnone\" style=\"width: 310px;\">\n<p><a href=\"wp-content\/uploads\/2013\/02\/myAVR_MK3.jpg\"><img loading=\"lazy\" decoding=\"async\" class=\"size-medium wp-image-437 \" style=\"border: 1px solid black;\" src=\"wp-content\/uploads\/2013\/02\/myAVR_MK3-300x225.jpg\" alt=\"myAVR-MK3-Board\" width=\"300\" height=\"225\" \/><\/a><\/p>\n<p class=\"wp-caption-text\">myAVR-MK3-Board<\/p>\n<\/div>\n<p><strong>Das Evaluation-Board myAVR MK3 :<\/strong><\/p>\n<p><span style=\"text-decoration: underline;\">Eingabem\u00f6glichkeiten :<\/span><br \/>\n3x Taster<br \/>\n1x Joystick (4 Richtungen + Enter)<br \/>\n8x Dip-Schalter<br \/>\n3x Poti<br \/>\n1x Helligkeits-Sensor<\/p>\n<p><span style=\"text-decoration: underline;\">Ausgabem\u00f6glichkeiten :<\/span><br \/>\n8x LED (gr\u00fcn)<br \/>\n3x LED (rot, gelb, gr\u00fcn)<br \/>\n1x 7Segment-Anzeige<br \/>\n1x Grafik-LCD-Display (64\u00d7128 Pixel)<br \/>\n1x Piepser<\/p>\n<p><span style=\"text-decoration: underline;\">Mikroprozessor :<\/span><br \/>\nSteckplatz f\u00fcr myAVR Stamp (ATMega-2560 oder ATMega-640)<br \/>\n-der ATMega2560 mit SD-Slot f\u00fcr externe Speicherkarte<\/p>\n<p><span style=\"text-decoration: underline;\">Sonstiges :<\/span><br \/>\n-Programmier-Schnittstelle per USB Anbindung an den PC<br \/>\n-die USB-Schnittstelle dient auch als RS232-Kommunikations-Kanal mit einem PC<br \/>\n-Alle Port-Pins der CPU zug\u00e4nglich \u00fcber Stecker<br \/>\n-zwei Erweiterungs-Stecker f\u00fcr eigene Entwicklungen oder fertige myAVR-Module<\/p>\n<p><strong>Die myAVR Stamp-256plus :<\/strong><\/p>\n<p><span style=\"text-decoration: underline;\">Prozessor :<\/span><br \/>\n-ATMEL ATMega-2560<br \/>\n-8bit CPU<br \/>\n-16 MHZ<br \/>\n-256kByte interner FLASH (f\u00fcr Programmcode)<br \/>\n-8kByte internes RAM (f\u00fcr Variabeln)<br \/>\n-4kByte internes EEProm (f\u00fcr Spannungsunabh\u00e4ngige Daten)<br \/>\n-86x IO-Pins<br \/>\n-4x serielle Schnittstellen (RS232)<br \/>\n-JTAG, TWI, SPI Schnittstellen<br \/>\n-16x 10bit AD-Eing\u00e4nge<br \/>\n-2x 8bit Timer\/Counter<br \/>\n-4x 16bit Timer\/Counter<br \/>\n-4x 8bit PWM-Ausg\u00e4nge<\/p>\n<p><span style=\"text-decoration: underline;\">Sonstiges :<\/span><br \/>\n-2x 60pol Stecker zur Verbindung aller Port-Pins und der Spannungsversorgungen<br \/>\n-SD-Karten-Slot zum einsetzen einer externen 1GB SD-Karte (zur Datenspeicherung)<br \/>\n-Mini-USB-Stecker zur RS232-Kommunikation mit einem PC<\/p>\n<hr \/>\n<h3 id=\"comments-title\">2 Antworten auf <em>myAVR-MK3-Board<\/em><\/h3>\n<ol class=\"commentlist\">\n<li id=\"li-comment-892\" class=\"comment even thread-even depth-1\">\n<div id=\"comment-892\">\n<div class=\"comment-author vcard\"><img loading=\"lazy\" decoding=\"async\" class=\"avatar avatar-40 photo\" src=\"http:\/\/1.gravatar.com\/avatar\/197cd542ed098c2d2d4141e2671372f9?s=40&amp;d=http%3A%2F%2F1.gravatar.com%2Favatar%2Fad516503a11cd5ca435acc9bb6523536%3Fs%3D40&amp;r=G\" alt=\"\" width=\"40\" height=\"40\" \/><cite class=\"fn\">otto parzhuber<\/cite> <span class=\"says\">sagt:<\/span><\/div>\n<p><!-- .comment-author .vcard --><\/p>\n<div class=\"comment-meta commentmetadata\">19. Oktober 2013 um 14:05<\/div>\n<p><!-- .comment-meta .commentmetadata --><\/p>\n<div class=\"comment-body\">\n<p>Dankesch\u00f6n f\u00fcr die Lib f\u00fcr die Ansteuerung der EA-DOGx Anzeigen. Habe sie auf ein eigenes Board mit einem LPC1343 angepasst und hat problemlos funktioniert.<br \/>\nOtto<\/p>\n<\/div>\n<\/div>\n<p><!-- #comment-## --><\/p>\n<ul class=\"children\">\n<li id=\"li-comment-893\" class=\"comment byuser comment-author-admin_ub bypostauthor odd alt depth-2\">\n<div id=\"comment-893\">\n<div class=\"comment-author vcard\"><img loading=\"lazy\" decoding=\"async\" class=\"avatar avatar-40 photo\" src=\"http:\/\/0.gravatar.com\/avatar\/67426419ead44d5afa132e92685bb460?s=40&amp;d=http%3A%2F%2F0.gravatar.com%2Favatar%2Fad516503a11cd5ca435acc9bb6523536%3Fs%3D40&amp;r=G\" alt=\"\" width=\"40\" height=\"40\" \/><cite class=\"fn\">admin_ub<\/cite> <span class=\"says\">sagt:<\/span><\/div>\n<p><!-- .comment-author .vcard --><\/p>\n<div class=\"comment-meta commentmetadata\">21. Oktober 2013 um 19:36<\/div>\n<p><!-- .comment-meta .commentmetadata --><\/p>\n<div class=\"comment-body\">\n<p>danke f\u00fcr das Feedback<\/p>\n<\/div>\n<\/div>\n<p><!-- #comment-## --><\/li>\n<\/ul>\n<\/li>\n<\/ol>\n","protected":false},"excerpt":{"rendered":"<p>Hier ist ein Bild vom MK3-Board von \u201cmyAVR\u201d myAVR-MK3-Board Das Evaluation-Board myAVR MK3 : Eingabem\u00f6glichkeiten : 3x Taster 1x Joystick (4 Richtungen + Enter) 8x Dip-Schalter 3x Poti 1x Helligkeits-Sensor Ausgabem\u00f6glichkeiten : 8x LED (gr\u00fcn) 3x LED (rot, gelb, gr\u00fcn) &hellip; <a href=\"https:\/\/mikrocontroller.bplaced.net\/wordpress\/atmega2560\/myavr-mk3-board\/\">Weiterlesen <span class=\"meta-nav\">&rarr;<\/span><\/a><\/p>\n","protected":false},"author":1,"featured_media":0,"parent":548,"menu_order":1,"comment_status":"open","ping_status":"closed","template":"","meta":{"footnotes":""},"categories":[127],"tags":[11,12],"class_list":["post-550","page","type-page","status-publish","hentry","category-atmega","tag-atmega2650","tag-myavr-mk3-board"],"_links":{"self":[{"href":"https:\/\/mikrocontroller.bplaced.net\/wordpress\/wp-json\/wp\/v2\/pages\/550","targetHints":{"allow":["GET"]}}],"collection":[{"href":"https:\/\/mikrocontroller.bplaced.net\/wordpress\/wp-json\/wp\/v2\/pages"}],"about":[{"href":"https:\/\/mikrocontroller.bplaced.net\/wordpress\/wp-json\/wp\/v2\/types\/page"}],"author":[{"embeddable":true,"href":"https:\/\/mikrocontroller.bplaced.net\/wordpress\/wp-json\/wp\/v2\/users\/1"}],"replies":[{"embeddable":true,"href":"https:\/\/mikrocontroller.bplaced.net\/wordpress\/wp-json\/wp\/v2\/comments?post=550"}],"version-history":[{"count":4,"href":"https:\/\/mikrocontroller.bplaced.net\/wordpress\/wp-json\/wp\/v2\/pages\/550\/revisions"}],"predecessor-version":[{"id":1217,"href":"https:\/\/mikrocontroller.bplaced.net\/wordpress\/wp-json\/wp\/v2\/pages\/550\/revisions\/1217"}],"up":[{"embeddable":true,"href":"https:\/\/mikrocontroller.bplaced.net\/wordpress\/wp-json\/wp\/v2\/pages\/548"}],"wp:attachment":[{"href":"https:\/\/mikrocontroller.bplaced.net\/wordpress\/wp-json\/wp\/v2\/media?parent=550"}],"wp:term":[{"taxonomy":"category","embeddable":true,"href":"https:\/\/mikrocontroller.bplaced.net\/wordpress\/wp-json\/wp\/v2\/categories?post=550"},{"taxonomy":"post_tag","embeddable":true,"href":"https:\/\/mikrocontroller.bplaced.net\/wordpress\/wp-json\/wp\/v2\/tags?post=550"}],"curies":[{"name":"wp","href":"https:\/\/api.w.org\/{rel}","templated":true}]}}