{"id":562,"date":"2017-11-25T19:08:04","date_gmt":"2017-11-25T18:08:04","guid":{"rendered":"http:\/\/mikrocontroller.bplaced.net\/wordpress\/?page_id=562"},"modified":"2020-08-16T23:30:39","modified_gmt":"2020-08-16T21:30:39","slug":"f407-stamp-prototypen","status":"publish","type":"page","link":"https:\/\/mikrocontroller.bplaced.net\/wordpress\/stm32f4-diy\/f407-stamp-prototypen\/","title":{"rendered":"F407-STAMP (Prototypen)"},"content":{"rendered":"<p><div id=\"nav-below\" class=\"navigation\"><div class=\"nav-previous\"><a href=\"https:\/\/mikrocontroller.bplaced.net\/wordpress\/stm32f4-diy\/\" title=\"STM32F4-DIY\"><span class=\"meta-nav\">\u2190<\/span> STM32F4-DIY<\/a><\/div><\/div><!-- #nav-below --><div id=\"nav-below\" class=\"navigation\"><div class=\"nav-next\"><a href=\"https:\/\/mikrocontroller.bplaced.net\/wordpress\/stm32f4-diy\/f407-stamp-version-1-0\/\" title=\"F407-STAMP (Version 1.0)\">F407-STAMP (Version 1.0) <span class=\"meta-nav\">&rarr;<\/span><\/a><\/div><\/div><!-- #nav-below --><\/p>\n<p><strong>Aktueller Stand :<\/strong>\u00a0(12.06.2013)<\/p>\n<p>Das ganze Projekt \u201cSTM32F4-STAMP\u201d ist abgeschlossen.<\/p>\n<p>Die \u201cBeta\u201d-Version ist best\u00fcckt und funktioniert.<br \/>\nDie einzel Module sind best\u00fcckt und funktionieren.<\/p>\n<p><strong>Bilder : (Alpha-Version)<\/strong><\/p>\n<div id=\"gallery-1\" class=\"gallery galleryid-1488 gallery-columns-3 gallery-size-thumbnail\">\n<dl class=\"gallery-item\">\n<dt class=\"gallery-icon\"><a title=\"pcb_s1\" href=\"http:\/\/mikrocontroller.bplaced.net\/wordpress\/wp-content\/uploads\/2013\/05\/pcb_s1.jpg\"><img loading=\"lazy\" decoding=\"async\" class=\"attachment-thumbnail\" src=\"http:\/\/mikrocontroller.bplaced.net\/wordpress\/wp-content\/uploads\/2013\/05\/pcb_s1-150x150.jpg\" alt=\"Herstellungsprozess\" width=\"150\" height=\"150\" \/><\/a><\/dt>\n<dd class=\"wp-caption-text gallery-caption\">Herstellungsprozess<\/dd>\n<\/dl>\n<dl class=\"gallery-item\">\n<dt class=\"gallery-icon\"><a title=\"stamp_alpha1\" href=\"http:\/\/mikrocontroller.bplaced.net\/wordpress\/wp-content\/uploads\/2013\/05\/stamp_alpha1.jpg\"><img loading=\"lazy\" decoding=\"async\" class=\"attachment-thumbnail\" src=\"http:\/\/mikrocontroller.bplaced.net\/wordpress\/wp-content\/uploads\/2013\/05\/stamp_alpha1-150x150.jpg\" alt=\"Unbest\u00fcckte Platine\" width=\"150\" height=\"150\" \/><\/a><\/dt>\n<dd class=\"wp-caption-text gallery-caption\">Unbest\u00fcckte Platine<\/dd>\n<\/dl>\n<dl class=\"gallery-item\">\n<dt class=\"gallery-icon\"><a title=\"stamp_alpha3\" href=\"http:\/\/mikrocontroller.bplaced.net\/wordpress\/wp-content\/uploads\/2013\/05\/stamp_alpha3.jpg\"><img loading=\"lazy\" decoding=\"async\" class=\"attachment-thumbnail\" src=\"http:\/\/mikrocontroller.bplaced.net\/wordpress\/wp-content\/uploads\/2013\/05\/stamp_alpha3-150x150.jpg\" alt=\"Unterseite\" width=\"150\" height=\"150\" \/><\/a><\/dt>\n<dd class=\"wp-caption-text gallery-caption\">Unterseite<\/dd>\n<\/dl>\n<dl class=\"gallery-item\">\n<dt class=\"gallery-icon\"><a title=\"stamp_alpha2\" href=\"http:\/\/mikrocontroller.bplaced.net\/wordpress\/wp-content\/uploads\/2013\/05\/stamp_alpha2.jpg\"><img loading=\"lazy\" decoding=\"async\" class=\"attachment-thumbnail\" src=\"http:\/\/mikrocontroller.bplaced.net\/wordpress\/wp-content\/uploads\/2013\/05\/stamp_alpha2-150x150.jpg\" alt=\"Oberseite\" width=\"150\" height=\"150\" \/><\/a><\/dt>\n<dd class=\"wp-caption-text gallery-caption\">Oberseite<\/dd>\n<\/dl>\n<\/div>\n<p><strong>Ablauf :\u00a0<\/strong><\/p>\n<p>Mit der Alpha habe ich die Grunds\u00e4tzlichen Funktionen getestet :<br \/>\n1. Check auf Schaltplan\/Layout fehler<br \/>\n2. Check auf Package Fehler bei den Bauteilen<br \/>\n3. Check auf Platzierung und \u201cL\u00f6tbarkeit\u201d<br \/>\n4. Check der Funktion und Handhabung<br \/>\n5. Check der CPU<\/p>\n<p>Die Erkenntnisse aus der Alpha wurden dann in die Beta \u00fcbertragen, die im Anschluss daran in Arbeit ging.<\/p>\n<p>Die Beta wird dann die Grundlage f\u00fcr die Release Version 1.0 darstellen, die einfach eine Kopie der Beta sein wird.<\/p>\n<p><strong>Alpha-Version<\/strong> : (Release : 01.05.2013)<\/p>\n<p>die \u201cAlpha\u201d ist wie gesagt der Prototyp zum testen aller Funktionen.<\/p>\n<p>Auf der Platine sind :<br \/>\n1. die CPU (mit Quarz-Beschaltung und alle anderen notwendigen Bauteilen)<br \/>\n2. Push-Button f\u00fcr Reset<br \/>\n3. Header f\u00fcr SWD-Programmierpins (zum programmieren per STLink\/V2)<br \/>\n4. Platz f\u00fcr 11 Stiftleisten (2\u00d75) f\u00fcr (fast) alle CPU-Pins<br \/>\n5. optionales serielles-Programmier-Interface (mit USB-Buchse und 3,3V-Regler)<br \/>\n6. DIP-Schalter (2pol) f\u00fcr Boot-Mode-Select<br \/>\n7. Power-LED<\/p>\n<p>hier die PDF-Files der Alpha :<\/p>\n<p><a href=\"http:\/\/mikrocontroller.bplaced.net\/wordpress\/wp-content\/uploads\/2013\/05\/alpha_sch.pdf\">alpha_sch<\/a>\u00a0(Schaltplan)<\/p>\n<p><a href=\"http:\/\/mikrocontroller.bplaced.net\/wordpress\/wp-content\/uploads\/2013\/05\/alpha_name_t.pdf\">alpha_name_t<\/a>\u00a0(Top-Layer)<\/p>\n<p><a href=\"http:\/\/mikrocontroller.bplaced.net\/wordpress\/wp-content\/uploads\/2013\/05\/alpha_name_b.pdf\">alpha_name_b<\/a>\u00a0(Bottom-Layer)<\/p>\n<p><strong>Status der Alpha<\/strong> (obsolete)<strong> :<\/strong><\/p>\n<p>&#8211; Platine teilbest\u00fcckt.<br \/>\n&#8211; bis jetzt keine Layoutfehler bemerkt<br \/>\n&#8211; die Spulen konnte ich nicht best\u00fccken, habe das falsche Package bestellt<br \/>\n&#8211; L\u00f6tbarkeit ist \u201cbesch\u2026\u201d , ich habe die GND-Plane viel zu eng gesetzt und L\u00f6tstoplack ist unbedingt notwendig<br \/>\n&#8211; Programmierung per SWD-Stecker und STLink vom Discovery-Modul ist OK<br \/>\n&#8211; Pogrammierung per Bootloader und FT232 \u00fcber die USB-Buchse ist auch OK<br \/>\n&#8211; Funktion der CPU ist OK, mehrere Beispiele (u.a. VGA-Ausgabe) gestet.<\/p>\n<p><strong>Bilder : (Beta-Version) <\/strong>vom 01.06.2013<\/p>\n<div id=\"gallery-2\" class=\"gallery galleryid-1488 gallery-columns-3 gallery-size-thumbnail\">\n<dl class=\"gallery-item\">\n<dt class=\"gallery-icon\"><a title=\"stamp_beta_01\" href=\"http:\/\/mikrocontroller.bplaced.net\/wordpress\/wp-content\/uploads\/2013\/05\/stamp_beta_01.jpg\"><img loading=\"lazy\" decoding=\"async\" class=\"attachment-thumbnail\" src=\"http:\/\/mikrocontroller.bplaced.net\/wordpress\/wp-content\/uploads\/2013\/05\/stamp_beta_01-150x150.jpg\" alt=\"Herstellungsprozess\" width=\"150\" height=\"150\" \/><\/a><\/dt>\n<dd class=\"wp-caption-text gallery-caption\">Herstellungsprozess<\/dd>\n<\/dl>\n<dl class=\"gallery-item\">\n<dt class=\"gallery-icon\"><a title=\"stamp_beta02\" href=\"http:\/\/mikrocontroller.bplaced.net\/wordpress\/wp-content\/uploads\/2013\/06\/stamp_beta02.jpg\"><img loading=\"lazy\" decoding=\"async\" class=\"attachment-thumbnail\" src=\"http:\/\/mikrocontroller.bplaced.net\/wordpress\/wp-content\/uploads\/2013\/06\/stamp_beta02-150x150.jpg\" alt=\"Unbest\u00fcckte Platine\" width=\"150\" height=\"150\" \/><\/a><\/dt>\n<dd class=\"wp-caption-text gallery-caption\">Unbest\u00fcckte Platine<\/dd>\n<\/dl>\n<dl class=\"gallery-item\">\n<dt class=\"gallery-icon\"><a title=\"stamp_beta03\" href=\"http:\/\/mikrocontroller.bplaced.net\/wordpress\/wp-content\/uploads\/2013\/06\/stamp_beta03.jpg\"><img loading=\"lazy\" decoding=\"async\" class=\"attachment-thumbnail\" src=\"http:\/\/mikrocontroller.bplaced.net\/wordpress\/wp-content\/uploads\/2013\/06\/stamp_beta03-150x150.jpg\" alt=\"Minimal Best\u00fcckung (oben)\" width=\"150\" height=\"150\" \/><\/a><\/dt>\n<dd class=\"wp-caption-text gallery-caption\">Minimal Best\u00fcckung (oben)<\/dd>\n<\/dl>\n<dl class=\"gallery-item\">\n<dt class=\"gallery-icon\"><a title=\"stamp_beta04\" href=\"http:\/\/mikrocontroller.bplaced.net\/wordpress\/wp-content\/uploads\/2013\/06\/stamp_beta04.jpg\"><img loading=\"lazy\" decoding=\"async\" class=\"attachment-thumbnail\" src=\"http:\/\/mikrocontroller.bplaced.net\/wordpress\/wp-content\/uploads\/2013\/06\/stamp_beta04-150x150.jpg\" alt=\"Minimal Best\u00fcckung (unten)\" width=\"150\" height=\"150\" \/><\/a><\/dt>\n<dd class=\"wp-caption-text gallery-caption\">Minimal Best\u00fcckung (unten)<\/dd>\n<\/dl>\n<dl class=\"gallery-item\">\n<dt class=\"gallery-icon\"><a title=\"stamp_beta05\" href=\"http:\/\/mikrocontroller.bplaced.net\/wordpress\/wp-content\/uploads\/2013\/06\/stamp_beta05.jpg\"><img loading=\"lazy\" decoding=\"async\" class=\"attachment-thumbnail\" src=\"http:\/\/mikrocontroller.bplaced.net\/wordpress\/wp-content\/uploads\/2013\/06\/stamp_beta05-150x150.jpg\" alt=\"Komplett Best\u00fcckung (oben)\" width=\"150\" height=\"150\" \/><\/a><\/dt>\n<dd class=\"wp-caption-text gallery-caption\">Komplett Best\u00fcckung (oben)<\/dd>\n<\/dl>\n<dl class=\"gallery-item\">\n<dt class=\"gallery-icon\"><a title=\"stamp_beta06\" href=\"http:\/\/mikrocontroller.bplaced.net\/wordpress\/wp-content\/uploads\/2013\/06\/stamp_beta06.jpg\"><img loading=\"lazy\" decoding=\"async\" class=\"attachment-thumbnail\" src=\"http:\/\/mikrocontroller.bplaced.net\/wordpress\/wp-content\/uploads\/2013\/06\/stamp_beta06-150x150.jpg\" alt=\"Komplett Best\u00fcckung (unten)\" width=\"150\" height=\"150\" \/><\/a><\/dt>\n<dd class=\"wp-caption-text gallery-caption\">Komplett Best\u00fcckung (unten)<\/dd>\n<\/dl>\n<\/div>\n<p><strong>Beta-Version<\/strong> : (Release : 20.05.2013)<\/p>\n<p>In der Beta hab ich diese \u00c4nderung zur Alpha gemacht :<\/p>\n<p>1. Header J4 ist entfallen<br \/>\n2. USB-Buchse wurde ganz an den Platinen Rand versetzt<br \/>\n3. Anschluss (3pol) f\u00fcr GND, 3V, 5V ist hinzugekommen<br \/>\n4. DIL-Schalter (Boot-Mode) wurde durch einen Push-Button ersetzt<br \/>\n5. Reset-Signal auf einen Header geroutet<br \/>\n6. FT232 kann per 0R Br\u00fccken von der Versorgung getrennt werden<br \/>\n7. optionaler EMI-Filter f\u00fcr USB-Funktion (br\u00fcckbar mit 0R)<br \/>\n8. Block-C an USB-Buchse<br \/>\n9. Diode am Ausgang vom 3,3V-Regler<br \/>\n10. Zwei User-Leds hinzugef\u00fcgt<\/p>\n<p>Auf der Platine sind :<br \/>\n1. die CPU (mit Quarz-Beschaltung und alle anderen notwendigen Bauteilen)<br \/>\n2. Push-Button f\u00fcr Reset<br \/>\n3. Header f\u00fcr SWD-Programmierpins (zum programmieren per STLink\/V2)<br \/>\n4. Platz f\u00fcr 10 Stiftleisten (2\u00d75) f\u00fcr fast alle CPU-Pins (2 St\u00fcck fehlen)<br \/>\n5. optionales ser.-Programmier-Interface (mit USB-Buchse und 3,3V-Regler, trennbar)<br \/>\n6. Push-Button f\u00fcr Boot-Mode<br \/>\n7. Power-LED<br \/>\n8. Zwei Header f\u00fcr Versorgungs-Pins (GND, 3V, 5V)<br \/>\n9. optionaler EMI-Filter f\u00fcr USB (br\u00fcckbar)<br \/>\n10. Zwei optionale User-Leds<\/p>\n<p>hier die PDF-Files der Beta :<\/p>\n<p><a href=\"http:\/\/mikrocontroller.bplaced.net\/wordpress\/wp-content\/uploads\/2013\/05\/beta_sch.pdf\">beta_sch<\/a>\u00a0(Schaltplan)<\/p>\n<p><a href=\"http:\/\/mikrocontroller.bplaced.net\/wordpress\/wp-content\/uploads\/2013\/05\/beta_name_t.pdf\">beta_name_t<\/a>\u00a0(Top-Layer)<\/p>\n<p><a href=\"http:\/\/mikrocontroller.bplaced.net\/wordpress\/wp-content\/uploads\/2013\/05\/beta_name_b.pdf\">beta_name_b<\/a>\u00a0(Bottom-Layer)<\/p>\n<p><strong>Best\u00fcckung :<\/strong><\/p>\n<p>Es gibt einige Bauteile die auf jeden Fall auf der STAMP best\u00fcckt werden m\u00fcssen und einige Teile sind optional. Die Bauteile f\u00fcr die serielle Programmierung sind z.B. optional weil die CPU auch per STLink\/V2 \u00fcber den SWD-Verbinder programmiert werden kann.<\/p>\n<p>Auch der 3,3V Regler ist nur notwendig wenn die STAMP von extern per 5V versorgt wird.<\/p>\n<p>Im Schaltplan der \u201cBeta\u201d habe ich alles nach Baugruppen sortiert und mit Buchstaben versehen. Absolut notwendig ist da \u201cA\u201d, \u201cC\u201d, die RC-Kombination von \u201cD\u201d, \u201cE\u201d, \u201cF\u201d, \u201cH\u201d, \u201cI\u201d und \u201cM\u201d zum programmieren. \u00a0Alles andere kann nach Bedarf best\u00fcckt werden.<\/p>\n<p><strong>Header :<\/strong><\/p>\n<p>Die Verbindungs-Header zu anderen Modulen sind alle 2\u00d75 pol im 2,54 Raster und theoretisch von oben und unten zu best\u00fccken (dann \u00e4ndert sich nat\u00fcrlich das Pinout)<\/p>\n<p>Auf Pin9 und Pin10 liegen immer die Versorgungs-Spannungen (GND und 3,3V)<\/p>\n<p>Die Header sind soweit voneinander entfernt, das man auf jeden einen normalen 10pol Flachbandkabel-Verbinder stecken kann um damit die Zusatzmodule anzuschlie\u00dfen.<\/p>\n<p><strong>Status der Beta<\/strong>\u00a0(vom 12.06.2013)<strong>\u00a0:<\/strong><\/p>\n<p>&#8211; Platine komplett best\u00fcckt<br \/>\n&#8211; sehr gut zu l\u00f6ten durch den L\u00f6tstoplack<br \/>\n&#8211; Programmierung \u00fcber STLink und UART funktioniert<br \/>\n&#8211; Funktion der CPU ist ok<br \/>\n&#8211; durch den L\u00f6tstoplack sind jetzt die Texte nicht mehr lesbar<br \/>\n(da muss ich mir f\u00fcr die Version 1.0 was einfallen lassen)<\/p>\n<hr \/>\n<h3 id=\"comments-title\">4 Antworten auf <em>F407-STAMP (Prototypen)<\/em><\/h3>\n<ol class=\"commentlist\">\n<li id=\"li-comment-1590\" class=\"comment even thread-even depth-1\">\n<div id=\"comment-1590\">\n<div class=\"comment-author vcard\"><img loading=\"lazy\" decoding=\"async\" class=\"avatar avatar-40 photo\" src=\"http:\/\/1.gravatar.com\/avatar\/13bfbd8c5dc7b7b1a0d9ffaae6b6a628?s=40&amp;d=http%3A%2F%2F1.gravatar.com%2Favatar%2Fad516503a11cd5ca435acc9bb6523536%3Fs%3D40&amp;r=G\" alt=\"\" width=\"40\" height=\"40\" \/><cite class=\"fn\"><a class=\"url\" href=\"http:\/\/-\/\" rel=\"external nofollow\">Klaskala<\/a><\/cite> <span class=\"says\">sagt:<\/span><\/div>\n<p><!-- .comment-author .vcard --><\/p>\n<div class=\"comment-meta commentmetadata\">25. April 2014 um 00:57<\/div>\n<p><!-- .comment-meta .commentmetadata --><\/p>\n<div class=\"comment-body\">\n<p>Hi Uwe,<\/p>\n<p>alter falter\u2026.hast du die Alpha Version ganz oben selbst im Hobbykeller hergestellt?<\/p>\n<p>Beste Gr\u00fc\u00dfe<br \/>\nB.K.<\/p>\n<\/div>\n<\/div>\n<p><!-- #comment-## --><\/p>\n<ul class=\"children\">\n<li id=\"li-comment-1597\" class=\"comment byuser comment-author-admin_ub bypostauthor odd alt depth-2\">\n<div id=\"comment-1597\">\n<div class=\"comment-author vcard\"><img loading=\"lazy\" decoding=\"async\" class=\"avatar avatar-40 photo\" src=\"http:\/\/0.gravatar.com\/avatar\/67426419ead44d5afa132e92685bb460?s=40&amp;d=http%3A%2F%2F0.gravatar.com%2Favatar%2Fad516503a11cd5ca435acc9bb6523536%3Fs%3D40&amp;r=G\" alt=\"\" width=\"40\" height=\"40\" \/><cite class=\"fn\">admin_ub<\/cite> <span class=\"says\">sagt:<\/span><\/div>\n<p><!-- .comment-author .vcard --><\/p>\n<div class=\"comment-meta commentmetadata\">25. April 2014 um 19:41<\/div>\n<p><!-- .comment-meta .commentmetadata --><\/p>\n<div class=\"comment-body\">\n<p>klar\u2026wie sonst ?<\/p>\n<\/div>\n<\/div>\n<p><!-- #comment-## --><\/li>\n<\/ul>\n<\/li>\n<li id=\"li-comment-2874\" class=\"comment even thread-odd thread-alt depth-1\">\n<div id=\"comment-2874\">\n<div class=\"comment-author vcard\"><img loading=\"lazy\" decoding=\"async\" class=\"avatar avatar-40 photo\" src=\"http:\/\/0.gravatar.com\/avatar\/0682bd38df02b688b5445f9145bd4c94?s=40&amp;d=http%3A%2F%2F0.gravatar.com%2Favatar%2Fad516503a11cd5ca435acc9bb6523536%3Fs%3D40&amp;r=G\" alt=\"\" width=\"40\" height=\"40\" \/><cite class=\"fn\">grosdode<\/cite> <span class=\"says\">sagt:<\/span><\/div>\n<p><!-- .comment-author .vcard --><\/p>\n<div class=\"comment-meta commentmetadata\">27. Januar 2015 um 15:20<\/div>\n<p><!-- .comment-meta .commentmetadata --><\/p>\n<div class=\"comment-body\">\n<p>Hi,<br \/>\nich will mir gerade mein eigenes Board machen, gibt es von ST etwas \u00e4hnliches wie z.B. Atmels AT01080: XMEGA E Schematic Checklist? Oder andere Quelle die etwas \u00e4hnliches her geben? Wie bist du beim erstellen vor gegangen?<\/p>\n<p>beste Gr\u00fc\u00dfe<\/p>\n<\/div>\n<\/div>\n<p><!-- #comment-## --><\/p>\n<ul class=\"children\">\n<li id=\"li-comment-2878\" class=\"comment byuser comment-author-admin_ub bypostauthor odd alt depth-2\">\n<div id=\"comment-2878\">\n<div class=\"comment-author vcard\"><img loading=\"lazy\" decoding=\"async\" class=\"avatar avatar-40 photo\" src=\"http:\/\/0.gravatar.com\/avatar\/67426419ead44d5afa132e92685bb460?s=40&amp;d=http%3A%2F%2F0.gravatar.com%2Favatar%2Fad516503a11cd5ca435acc9bb6523536%3Fs%3D40&amp;r=G\" alt=\"\" width=\"40\" height=\"40\" \/><cite class=\"fn\">admin_ub<\/cite> <span class=\"says\">sagt:<\/span><\/div>\n<p><!-- .comment-author .vcard --><\/p>\n<div class=\"comment-meta commentmetadata\">28. Januar 2015 um 20:06<\/div>\n<p><!-- .comment-meta .commentmetadata --><\/p>\n<div class=\"comment-body\">\n<p>ich habe mich an den Schaltplan vom Discovery-Board gehalten.<br \/>\n(vor allem wegen der Versorgungspins) eine Checkliste kenne ich nicht.<br \/>\nvermutlich steht im Datenblatt der CPU alles notwendige.<\/p>\n<\/div>\n<\/div>\n<p><!-- #comment-## --><\/li>\n<\/ul>\n<\/li>\n<\/ol>\n","protected":false},"excerpt":{"rendered":"<p>Aktueller Stand :\u00a0(12.06.2013) Das ganze Projekt \u201cSTM32F4-STAMP\u201d ist abgeschlossen. Die \u201cBeta\u201d-Version ist best\u00fcckt und funktioniert. Die einzel Module sind best\u00fcckt und funktionieren. Bilder : (Alpha-Version) Herstellungsprozess Unbest\u00fcckte Platine Unterseite Oberseite Ablauf :\u00a0 Mit der Alpha habe ich die Grunds\u00e4tzlichen Funktionen &hellip; <a href=\"https:\/\/mikrocontroller.bplaced.net\/wordpress\/stm32f4-diy\/f407-stamp-prototypen\/\">Weiterlesen <span class=\"meta-nav\">&rarr;<\/span><\/a><\/p>\n","protected":false},"author":1,"featured_media":0,"parent":560,"menu_order":1,"comment_status":"open","ping_status":"closed","template":"","meta":{"footnotes":""},"categories":[131],"tags":[88,87],"class_list":["post-562","page","type-page","status-publish","hentry","category-stm32f4-diy","tag-f407-stamp","tag-stm32f4-diy"],"_links":{"self":[{"href":"https:\/\/mikrocontroller.bplaced.net\/wordpress\/wp-json\/wp\/v2\/pages\/562","targetHints":{"allow":["GET"]}}],"collection":[{"href":"https:\/\/mikrocontroller.bplaced.net\/wordpress\/wp-json\/wp\/v2\/pages"}],"about":[{"href":"https:\/\/mikrocontroller.bplaced.net\/wordpress\/wp-json\/wp\/v2\/types\/page"}],"author":[{"embeddable":true,"href":"https:\/\/mikrocontroller.bplaced.net\/wordpress\/wp-json\/wp\/v2\/users\/1"}],"replies":[{"embeddable":true,"href":"https:\/\/mikrocontroller.bplaced.net\/wordpress\/wp-json\/wp\/v2\/comments?post=562"}],"version-history":[{"count":6,"href":"https:\/\/mikrocontroller.bplaced.net\/wordpress\/wp-json\/wp\/v2\/pages\/562\/revisions"}],"predecessor-version":[{"id":3033,"href":"https:\/\/mikrocontroller.bplaced.net\/wordpress\/wp-json\/wp\/v2\/pages\/562\/revisions\/3033"}],"up":[{"embeddable":true,"href":"https:\/\/mikrocontroller.bplaced.net\/wordpress\/wp-json\/wp\/v2\/pages\/560"}],"wp:attachment":[{"href":"https:\/\/mikrocontroller.bplaced.net\/wordpress\/wp-json\/wp\/v2\/media?parent=562"}],"wp:term":[{"taxonomy":"category","embeddable":true,"href":"https:\/\/mikrocontroller.bplaced.net\/wordpress\/wp-json\/wp\/v2\/categories?post=562"},{"taxonomy":"post_tag","embeddable":true,"href":"https:\/\/mikrocontroller.bplaced.net\/wordpress\/wp-json\/wp\/v2\/tags?post=562"}],"curies":[{"name":"wp","href":"https:\/\/api.w.org\/{rel}","templated":true}]}}