{"id":564,"date":"2017-11-25T19:08:38","date_gmt":"2017-11-25T18:08:38","guid":{"rendered":"http:\/\/mikrocontroller.bplaced.net\/wordpress\/?page_id=564"},"modified":"2018-01-01T19:07:23","modified_gmt":"2018-01-01T18:07:23","slug":"f407-stamp-version-1-0","status":"publish","type":"page","link":"https:\/\/mikrocontroller.bplaced.net\/wordpress\/stm32f4-diy\/f407-stamp-version-1-0\/","title":{"rendered":"F407-STAMP (Version 1.0)"},"content":{"rendered":"<p><div id=\"nav-below\" class=\"navigation\"><div class=\"nav-previous\"><a href=\"https:\/\/mikrocontroller.bplaced.net\/wordpress\/stm32f4-diy\/f407-stamp-prototypen\/\" title=\"F407-STAMP (Prototypen)\"><span class=\"meta-nav\">\u2190<\/span> F407-STAMP (Prototypen)<\/a><\/div><\/div><!-- #nav-below --><div id=\"nav-below\" class=\"navigation\"><div class=\"nav-next\"><a href=\"https:\/\/mikrocontroller.bplaced.net\/wordpress\/stm32f4-diy\/stamp-module\/\" title=\"Stamp-Module\">Stamp-Module <span class=\"meta-nav\">&rarr;<\/span><\/a><\/div><\/div><!-- #nav-below --><\/p>\n<p>Eigentlich wollte ich die Beta-Version noch in eine Version 1.0<br \/>\n\u00fcberf\u00fchren. Aber das werde ich wohl doch nicht machen.<\/p>\n<p><iframe loading=\"lazy\" src=\"https:\/\/www.youtube.com\/embed\/OyXRDKBcWeQ\" width=\"560\" height=\"315\" frameborder=\"0\" allowfullscreen=\"allowfullscreen\"><\/iframe><\/p>\n<p>Die Version 1.0 w\u00e4re identisch mit der Beta<br \/>\n(mit Au\u00dfnahme vom Best\u00fcckungsdruck den man korrigieren muss)<br \/>\naber ich brauche im Moment keine zwei STM32F4-Stamps<br \/>\n(die eine Funktioniert einwandfrei)<\/p>\n<p><a href=\"http:\/\/mikrocontroller.bplaced.net\/wordpress\/wp-content\/uploads\/2013\/06\/beta_08.jpg\"><img loading=\"lazy\" decoding=\"async\" class=\"alignnone size-medium wp-image-1926\" src=\"http:\/\/mikrocontroller.bplaced.net\/wordpress\/wp-content\/uploads\/2013\/06\/beta_08-300x179.jpg\" alt=\"beta_08\" width=\"300\" height=\"179\" \/><\/a><\/p>\n<p>Auf dem Bild ist die \u201cBeta-Version\u201d zu sehen.<\/p>\n<p>Falls jemand das Projekt weiterf\u00fchren will, oder die Platine<br \/>\nf\u00fcr sich auf diesem Stand herstellen lassen will,<br \/>\nhier sind die Eagle-Files dazu :<\/p>\n<p><a href=\"http:\/\/mikrocontroller.bplaced.net\/wordpress\/wp-content\/uploads\/2014\/10\/stm32f4_stamp_beta.zip\">stm32f4_stamp_beta<\/a><\/p>\n<p><span style=\"text-decoration: underline;\">\u00c4nderungen f\u00fcr Version 0.B auf 1.0 :<\/span><\/p>\n<p>1. Versions-Text auf V:1.0 \u00e4ndern<br \/>\n2. Alle Texte auf der TOP-Seite auf den Layer \u201cTPlace\u201d \u00e4ndern<\/p>\n<p>Viel Spass damit<\/p>\n","protected":false},"excerpt":{"rendered":"<p>Eigentlich wollte ich die Beta-Version noch in eine Version 1.0 \u00fcberf\u00fchren. Aber das werde ich wohl doch nicht machen. Die Version 1.0 w\u00e4re identisch mit der Beta (mit Au\u00dfnahme vom Best\u00fcckungsdruck den man korrigieren muss) aber ich brauche im Moment &hellip; <a href=\"https:\/\/mikrocontroller.bplaced.net\/wordpress\/stm32f4-diy\/f407-stamp-version-1-0\/\">Weiterlesen <span class=\"meta-nav\">&rarr;<\/span><\/a><\/p>\n","protected":false},"author":1,"featured_media":0,"parent":560,"menu_order":2,"comment_status":"open","ping_status":"closed","template":"","meta":{"footnotes":""},"categories":[131,136],"tags":[88,87,290],"class_list":["post-564","page","type-page","status-publish","hentry","category-stm32f4-diy","category-videos","tag-f407-stamp","tag-stm32f4-diy","tag-video"],"_links":{"self":[{"href":"https:\/\/mikrocontroller.bplaced.net\/wordpress\/wp-json\/wp\/v2\/pages\/564","targetHints":{"allow":["GET"]}}],"collection":[{"href":"https:\/\/mikrocontroller.bplaced.net\/wordpress\/wp-json\/wp\/v2\/pages"}],"about":[{"href":"https:\/\/mikrocontroller.bplaced.net\/wordpress\/wp-json\/wp\/v2\/types\/page"}],"author":[{"embeddable":true,"href":"https:\/\/mikrocontroller.bplaced.net\/wordpress\/wp-json\/wp\/v2\/users\/1"}],"replies":[{"embeddable":true,"href":"https:\/\/mikrocontroller.bplaced.net\/wordpress\/wp-json\/wp\/v2\/comments?post=564"}],"version-history":[{"count":5,"href":"https:\/\/mikrocontroller.bplaced.net\/wordpress\/wp-json\/wp\/v2\/pages\/564\/revisions"}],"predecessor-version":[{"id":1820,"href":"https:\/\/mikrocontroller.bplaced.net\/wordpress\/wp-json\/wp\/v2\/pages\/564\/revisions\/1820"}],"up":[{"embeddable":true,"href":"https:\/\/mikrocontroller.bplaced.net\/wordpress\/wp-json\/wp\/v2\/pages\/560"}],"wp:attachment":[{"href":"https:\/\/mikrocontroller.bplaced.net\/wordpress\/wp-json\/wp\/v2\/media?parent=564"}],"wp:term":[{"taxonomy":"category","embeddable":true,"href":"https:\/\/mikrocontroller.bplaced.net\/wordpress\/wp-json\/wp\/v2\/categories?post=564"},{"taxonomy":"post_tag","embeddable":true,"href":"https:\/\/mikrocontroller.bplaced.net\/wordpress\/wp-json\/wp\/v2\/tags?post=564"}],"curies":[{"name":"wp","href":"https:\/\/api.w.org\/{rel}","templated":true}]}}