{"id":914,"date":"2017-12-01T22:51:45","date_gmt":"2017-12-01T21:51:45","guid":{"rendered":"http:\/\/mikrocontroller.bplaced.net\/wordpress\/?page_id=914"},"modified":"2017-12-30T23:57:06","modified_gmt":"2017-12-30T22:57:06","slug":"modul-08-i2c-eeprom","status":"publish","type":"page","link":"https:\/\/mikrocontroller.bplaced.net\/wordpress\/stm32f4-diy\/stamp-module\/modul-08-i2c-eeprom\/","title":{"rendered":"Modul-08 (I2C EEprom)"},"content":{"rendered":"<p><div id=\"nav-below\" class=\"navigation\"><div class=\"nav-previous\"><a href=\"https:\/\/mikrocontroller.bplaced.net\/wordpress\/stm32f4-diy\/stamp-module\/modul-07-8bit-vga\/\" title=\"Modul-07 (8bit VGA)\"><span class=\"meta-nav\">\u2190<\/span> Modul-07 (8bit VGA)<\/a><\/div><\/div><!-- #nav-below --><div id=\"nav-below\" class=\"navigation\"><div class=\"nav-next\"><a href=\"https:\/\/mikrocontroller.bplaced.net\/wordpress\/stm32f4-diy\/f429-board-version-1-0\/\" title=\"F429-Board (Version 1.0)\">F429-Board (Version 1.0) <span class=\"meta-nav\">&rarr;<\/span><\/a><\/div><\/div><!-- #nav-below --><\/p>\n<p><strong>Beschreibung :<\/strong><\/p>\n<p>Modul : I2C-EEprom<br \/>\nFunktion : ser. EEprom per I2C-Schnittstelle<br \/>\nVersion : 1.0<\/p>\n<p>Auf diesem Modul ist ein ser. EEprom verbaut, das per I2C-Schnittstelle angesprochen werden kann.<\/p>\n<p>Der Header \u201cSCL\u201d muss mit einem CPU-I2C-SCL Pin verbunden werden.<br \/>\nDer Header \u201cSDA\u201d muss mit einem CPU-I2C-SDA-Pin verbunden werden.<\/p>\n<p>Mit dem Jumper JP1 kann die I2C-Adresse vom EEprom eingestellt werden.<\/p>\n<p>Mit dem Jumper JP2 k\u00f6nnen die Pull-Up Widerst\u00e4nde f\u00fcr den I2C-Bus zugeschaltet werden.<\/p>\n<p><strong>Notwendige Supply-Pins :<\/strong><\/p>\n<p>GND, +3,3V<\/p>\n<p><strong>Bilder :<\/strong><\/p>\n<div id=\"attachment_1605\" class=\"wp-caption alignnone\" style=\"width: 235px;\">\n<p><a href=\"wp-content\/uploads\/2013\/05\/mod_ee_i2c.jpg\"><img loading=\"lazy\" decoding=\"async\" class=\"size-medium wp-image-1605\" src=\"wp-content\/uploads\/2013\/05\/mod_ee_i2c-225x300.jpg\" alt=\"I2C-EEprom-Modul\" width=\"225\" height=\"300\" \/><\/a><\/p>\n<p class=\"wp-caption-text\">I2C-EEprom-Modul<\/p>\n<\/div>\n<p><a href=\"wp-content\/uploads\/2013\/05\/mod_eeprom_i2c_sch.pdf\">mod_eeprom_i2c_sch<\/a>\u00a0(Schaltplan)<\/p>\n<p><a href=\"wp-content\/uploads\/2013\/05\/mod_eeprom_i2c_name.pdf\">mod_eeprom_i2c_name<\/a>\u00a0(Best\u00fcckung)<\/p>\n<p><strong>Software :<\/strong><\/p>\n<p>noch nicht fertig<\/p>\n","protected":false},"excerpt":{"rendered":"<p>Beschreibung : Modul : I2C-EEprom Funktion : ser. EEprom per I2C-Schnittstelle Version : 1.0 Auf diesem Modul ist ein ser. EEprom verbaut, das per I2C-Schnittstelle angesprochen werden kann. Der Header \u201cSCL\u201d muss mit einem CPU-I2C-SCL Pin verbunden werden. Der Header &hellip; <a href=\"https:\/\/mikrocontroller.bplaced.net\/wordpress\/stm32f4-diy\/stamp-module\/modul-08-i2c-eeprom\/\">Weiterlesen <span class=\"meta-nav\">&rarr;<\/span><\/a><\/p>\n","protected":false},"author":1,"featured_media":0,"parent":566,"menu_order":8,"comment_status":"open","ping_status":"closed","template":"","meta":{"footnotes":""},"categories":[131],"tags":[47,88,90,98,87],"class_list":["post-914","page","type-page","status-publish","hentry","category-stm32f4-diy","tag-eeprom","tag-f407-stamp","tag-f407-stamp-modul","tag-i2c","tag-stm32f4-diy"],"_links":{"self":[{"href":"https:\/\/mikrocontroller.bplaced.net\/wordpress\/wp-json\/wp\/v2\/pages\/914","targetHints":{"allow":["GET"]}}],"collection":[{"href":"https:\/\/mikrocontroller.bplaced.net\/wordpress\/wp-json\/wp\/v2\/pages"}],"about":[{"href":"https:\/\/mikrocontroller.bplaced.net\/wordpress\/wp-json\/wp\/v2\/types\/page"}],"author":[{"embeddable":true,"href":"https:\/\/mikrocontroller.bplaced.net\/wordpress\/wp-json\/wp\/v2\/users\/1"}],"replies":[{"embeddable":true,"href":"https:\/\/mikrocontroller.bplaced.net\/wordpress\/wp-json\/wp\/v2\/comments?post=914"}],"version-history":[{"count":2,"href":"https:\/\/mikrocontroller.bplaced.net\/wordpress\/wp-json\/wp\/v2\/pages\/914\/revisions"}],"predecessor-version":[{"id":1268,"href":"https:\/\/mikrocontroller.bplaced.net\/wordpress\/wp-json\/wp\/v2\/pages\/914\/revisions\/1268"}],"up":[{"embeddable":true,"href":"https:\/\/mikrocontroller.bplaced.net\/wordpress\/wp-json\/wp\/v2\/pages\/566"}],"wp:attachment":[{"href":"https:\/\/mikrocontroller.bplaced.net\/wordpress\/wp-json\/wp\/v2\/media?parent=914"}],"wp:term":[{"taxonomy":"category","embeddable":true,"href":"https:\/\/mikrocontroller.bplaced.net\/wordpress\/wp-json\/wp\/v2\/categories?post=914"},{"taxonomy":"post_tag","embeddable":true,"href":"https:\/\/mikrocontroller.bplaced.net\/wordpress\/wp-json\/wp\/v2\/tags?post=914"}],"curies":[{"name":"wp","href":"https:\/\/api.w.org\/{rel}","templated":true}]}}